{"id":4827,"date":"2024-06-06T11:35:24","date_gmt":"2024-06-06T11:35:24","guid":{"rendered":"https:\/\/amilcar-online.com\/ISEAHT\/?page_id=4827"},"modified":"2025-01-20T17:43:26","modified_gmt":"2025-01-20T17:43:26","slug":"acces-a-linformation","status":"publish","type":"page","link":"https:\/\/www.srtbizerte.com.tn\/?page_id=4827&lang=fr","title":{"rendered":"Acc\u00e8s \u00e0 l&rsquo;information"},"content":{"rendered":"\t\t<div data-elementor-type=\"wp-page\" data-elementor-id=\"4827\" class=\"elementor elementor-4827\">\r\n\t\t\t\t\t\t\t\t\t<section class=\"elementor-section elementor-top-section elementor-element elementor-element-3d6878c elementor-section-stretched elementor-section-boxed elementor-section-height-default elementor-section-height-default\" data-id=\"3d6878c\" data-element_type=\"section\" data-settings=\"{&quot;stretch_section&quot;:&quot;section-stretched&quot;}\">\r\n\t\t\t\t\t\t<div class=\"elementor-container elementor-column-gap-custom\">\r\n\t\t\t\t\t<div class=\"elementor-column elementor-col-100 elementor-top-column elementor-element elementor-element-afe6591\" data-id=\"afe6591\" data-element_type=\"column\">\r\n\t\t\t<div class=\"elementor-widget-wrap elementor-element-populated\">\r\n\t\t\t\t\t\t\t\t<div class=\"elementor-element elementor-element-80e735a elementor-widget elementor-widget-heading\" data-id=\"80e735a\" data-element_type=\"widget\" data-widget_type=\"heading.default\">\r\n\t\t\t\t<div class=\"elementor-widget-container\">\r\n\t\t\t<style>\/*! elementor - v3.13.3 - 28-05-2023 *\/\r\n.elementor-heading-title{padding:0;margin:0;line-height:1}.elementor-widget-heading .elementor-heading-title[class*=elementor-size-]>a{color:inherit;font-size:inherit;line-height:inherit}.elementor-widget-heading .elementor-heading-title.elementor-size-small{font-size:15px}.elementor-widget-heading .elementor-heading-title.elementor-size-medium{font-size:19px}.elementor-widget-heading .elementor-heading-title.elementor-size-large{font-size:29px}.elementor-widget-heading .elementor-heading-title.elementor-size-xl{font-size:39px}.elementor-widget-heading .elementor-heading-title.elementor-size-xxl{font-size:59px}<\/style><h2 class=\"elementor-heading-title elementor-size-default\">Acc\u00e8s \u00e0 l'information<\/h2>\t\t<\/div>\r\n\t\t\t\t<\/div>\r\n\t\t\t\t<div class=\"elementor-element elementor-element-7bcc1a6 elementor-widget elementor-widget-text-editor\" data-id=\"7bcc1a6\" data-element_type=\"widget\" data-widget_type=\"text-editor.default\">\r\n\t\t\t\t<div class=\"elementor-widget-container\">\r\n\t\t\t<style>\/*! elementor - v3.13.3 - 28-05-2023 *\/\r\n.elementor-widget-text-editor.elementor-drop-cap-view-stacked .elementor-drop-cap{background-color:#69727d;color:#fff}.elementor-widget-text-editor.elementor-drop-cap-view-framed .elementor-drop-cap{color:#69727d;border:3px solid;background-color:transparent}.elementor-widget-text-editor:not(.elementor-drop-cap-view-default) .elementor-drop-cap{margin-top:8px}.elementor-widget-text-editor:not(.elementor-drop-cap-view-default) .elementor-drop-cap-letter{width:1em;height:1em}.elementor-widget-text-editor .elementor-drop-cap{float:left;text-align:center;line-height:1;font-size:50px}.elementor-widget-text-editor .elementor-drop-cap-letter{display:inline-block}<\/style>\t\t\t\t<p>En application de la loi organique N\u00b0 22-2016 de 24 Mars 2016 relative au droit d\u2019acc\u00e8s \u00e0 l\u2019information.<\/p><p>La SRTB garantit le droit de toute personne physique ou morale \u00e0 l\u2019acc\u00e8s \u00e0 l\u2019information consacrant ainsi le renforcement des principes de la transparence et l\u2019am\u00e9lioration de la qualit\u00e9 du service public.<\/p><p>Le demandeur d\u2019acc\u00e8s \u00e0 l\u2019information peut y acc\u00e9der \u00e0 travers la publication proactive de l\u2019information sur le site web de la soci\u00e9t\u00e9 ou \u00e0 travers le formulaire pr\u00e9\u00e9tablie et mis \u00e0 disposition sur le dit site.<\/p><p>La r\u00e9ponse aux demandes acc\u00e8s \u00e0 l\u2019information se fait dans les d\u00e9lais l\u00e9gales, le cas \u00e9ch\u00e9ant le demandeur de l\u2019acc\u00e8s de l\u2019acc\u00e8s \u00e0 l\u2019information peut exercer ses droits de recours.<\/p>\t\t\t\t\t\t<\/div>\r\n\t\t\t\t<\/div>\r\n\t\t\t\t<div class=\"elementor-element elementor-element-e9eecf0 elementor-widget elementor-widget-spacer\" data-id=\"e9eecf0\" data-element_type=\"widget\" data-widget_type=\"spacer.default\">\r\n\t\t\t\t<div class=\"elementor-widget-container\">\r\n\t\t\t<style>\/*! elementor - v3.13.3 - 28-05-2023 *\/\r\n.elementor-column .elementor-spacer-inner{height:var(--spacer-size)}.e-con{--container-widget-width:100%}.e-con-inner>.elementor-widget-spacer,.e-con>.elementor-widget-spacer{width:var(--container-widget-width,var(--spacer-size));--align-self:var(--container-widget-align-self,initial);--flex-shrink:0}.e-con-inner>.elementor-widget-spacer>.elementor-widget-container,.e-con-inner>.elementor-widget-spacer>.elementor-widget-container>.elementor-spacer,.e-con>.elementor-widget-spacer>.elementor-widget-container,.e-con>.elementor-widget-spacer>.elementor-widget-container>.elementor-spacer{height:100%}.e-con-inner>.elementor-widget-spacer>.elementor-widget-container>.elementor-spacer>.elementor-spacer-inner,.e-con>.elementor-widget-spacer>.elementor-widget-container>.elementor-spacer>.elementor-spacer-inner{height:var(--container-widget-height,var(--spacer-size))}<\/style>\t\t<div class=\"elementor-spacer\">\r\n\t\t\t<div class=\"elementor-spacer-inner\"><\/div>\r\n\t\t<\/div>\r\n\t\t\t\t<\/div>\r\n\t\t\t\t<\/div>\r\n\t\t\t\t<div class=\"elementor-element elementor-element-3ef6f4e elementor-widget elementor-widget-heading\" data-id=\"3ef6f4e\" data-element_type=\"widget\" data-widget_type=\"heading.default\">\r\n\t\t\t\t<div class=\"elementor-widget-container\">\r\n\t\t\t<h2 class=\"elementor-heading-title elementor-size-medium\">Responsables charg\u00e9s de l'acc\u00e8s aux documents<\/h2>\t\t<\/div>\r\n\t\t\t\t<\/div>\r\n\t\t\t\t<section class=\"elementor-section elementor-inner-section elementor-element elementor-element-f8449a6 elementor-section-boxed elementor-section-height-default elementor-section-height-default\" data-id=\"f8449a6\" data-element_type=\"section\">\r\n\t\t\t\t\t\t<div class=\"elementor-container elementor-column-gap-default\">\r\n\t\t\t\t\t<div class=\"elementor-column elementor-col-50 elementor-inner-column elementor-element elementor-element-d072ab2\" data-id=\"d072ab2\" data-element_type=\"column\">\r\n\t\t\t<div class=\"elementor-widget-wrap elementor-element-populated\">\r\n\t\t\t\t\t\t\t\t<div class=\"elementor-element elementor-element-a97d846 elementor-widget__width-initial elementor-widget elementor-widget-image\" data-id=\"a97d846\" data-element_type=\"widget\" data-widget_type=\"image.default\">\r\n\t\t\t\t<div class=\"elementor-widget-container\">\r\n\t\t\t<style>\/*! elementor - v3.13.3 - 28-05-2023 *\/\r\n.elementor-widget-image{text-align:center}.elementor-widget-image a{display:inline-block}.elementor-widget-image a img[src$=\".svg\"]{width:48px}.elementor-widget-image img{vertical-align:middle;display:inline-block}<\/style>\t\t\t\t\t\t\t\t\t\t\t\t\t<a href=\"https:\/\/www.srtbizerte.com.tn\/wp-content\/uploads\/2025\/01\/profil.png\" data-elementor-open-lightbox=\"yes\" data-elementor-lightbox-title=\"profil\" data-e-action-hash=\"#elementor-action%3Aaction%3Dlightbox%26settings%3DeyJpZCI6NzIzNSwidXJsIjoiaHR0cHM6XC9cL3d3dy5zcnRiaXplcnRlLmNvbS50blwvd3AtY29udGVudFwvdXBsb2Fkc1wvMjAyNVwvMDFcL3Byb2ZpbC5wbmcifQ%3D%3D\">\r\n\t\t\t\t\t\t\t<img loading=\"lazy\" decoding=\"async\" width=\"500\" height=\"512\" src=\"https:\/\/www.srtbizerte.com.tn\/wp-content\/uploads\/2025\/01\/profil-500x512.png\" class=\"attachment-medium size-medium wp-image-7235\" alt=\"\" \/>\t\t\t\t\t\t\t\t<\/a>\r\n\t\t\t\t\t\t\t\t\t\t\t\t\t\t\t<\/div>\r\n\t\t\t\t<\/div>\r\n\t\t\t\t<div class=\"elementor-element elementor-element-37548fb elementor-widget__width-initial elementor-widget elementor-widget-text-editor\" data-id=\"37548fb\" data-element_type=\"widget\" data-widget_type=\"text-editor.default\">\r\n\t\t\t\t<div class=\"elementor-widget-container\">\r\n\t\t\t\t\t\t\t<p><span style=\"color: #ff6600;\">1er responsable<\/span><\/p><ol><li>Nom et pr\u00e9nom: Kais Dhaouadi<\/li><li>N\u00b0 tel: 52543235<\/li><li>Mail: kaiss.dhaouadi@srtbizerte.com.tn<\/li><\/ol>\t\t\t\t\t\t<\/div>\r\n\t\t\t\t<\/div>\r\n\t\t\t\t\t<\/div>\r\n\t\t<\/div>\r\n\t\t\t\t<div class=\"elementor-column elementor-col-50 elementor-inner-column elementor-element elementor-element-836279f\" data-id=\"836279f\" data-element_type=\"column\">\r\n\t\t\t<div class=\"elementor-widget-wrap elementor-element-populated\">\r\n\t\t\t\t\t\t\t\t<div class=\"elementor-element elementor-element-fdd22bb elementor-widget__width-initial elementor-widget elementor-widget-image\" data-id=\"fdd22bb\" data-element_type=\"widget\" data-widget_type=\"image.default\">\r\n\t\t\t\t<div class=\"elementor-widget-container\">\r\n\t\t\t\t\t\t\t\t\t\t\t\t\t\t\t\t<a href=\"https:\/\/www.srtbizerte.com.tn\/wp-content\/uploads\/2025\/01\/profil.png\" data-elementor-open-lightbox=\"yes\" data-elementor-lightbox-title=\"profil\" data-e-action-hash=\"#elementor-action%3Aaction%3Dlightbox%26settings%3DeyJpZCI6NzIzNSwidXJsIjoiaHR0cHM6XC9cL3d3dy5zcnRiaXplcnRlLmNvbS50blwvd3AtY29udGVudFwvdXBsb2Fkc1wvMjAyNVwvMDFcL3Byb2ZpbC5wbmcifQ%3D%3D\">\r\n\t\t\t\t\t\t\t<img loading=\"lazy\" decoding=\"async\" width=\"500\" height=\"512\" src=\"https:\/\/www.srtbizerte.com.tn\/wp-content\/uploads\/2025\/01\/profil-500x512.png\" class=\"attachment-medium size-medium wp-image-7235\" alt=\"\" \/>\t\t\t\t\t\t\t\t<\/a>\r\n\t\t\t\t\t\t\t\t\t\t\t\t\t\t\t<\/div>\r\n\t\t\t\t<\/div>\r\n\t\t\t\t<div class=\"elementor-element elementor-element-814579c elementor-widget__width-initial elementor-widget elementor-widget-text-editor\" data-id=\"814579c\" data-element_type=\"widget\" data-widget_type=\"text-editor.default\">\r\n\t\t\t\t<div class=\"elementor-widget-container\">\r\n\t\t\t\t\t\t\t<p><span style=\"color: #ff6600;\">2eme responsable<\/span><\/p><ol><li>Nom et pr\u00e9nom: Sami Med Ghanem<\/li><li>N\u00b0 tel: 58495611<\/li><li>Mail: sami.ghanem@srtbizerte.com.tn<\/li><\/ol>\t\t\t\t\t\t<\/div>\r\n\t\t\t\t<\/div>\r\n\t\t\t\t\t<\/div>\r\n\t\t<\/div>\r\n\t\t\t\t\t\t\t<\/div>\r\n\t\t<\/section>\r\n\t\t\t\t<div class=\"elementor-element elementor-element-c33ddf2 elementor-widget elementor-widget-spacer\" data-id=\"c33ddf2\" data-element_type=\"widget\" data-widget_type=\"spacer.default\">\r\n\t\t\t\t<div class=\"elementor-widget-container\">\r\n\t\t\t\t\t<div class=\"elementor-spacer\">\r\n\t\t\t<div class=\"elementor-spacer-inner\"><\/div>\r\n\t\t<\/div>\r\n\t\t\t\t<\/div>\r\n\t\t\t\t<\/div>\r\n\t\t\t\t<div class=\"elementor-element elementor-element-d06afbe elementor-widget elementor-widget-heading\" data-id=\"d06afbe\" data-element_type=\"widget\" data-widget_type=\"heading.default\">\r\n\t\t\t\t<div class=\"elementor-widget-container\">\r\n\t\t\t<h2 class=\"elementor-heading-title elementor-size-medium\">Formulaires d'acc\u00e8s \u00e0 l'information<\/h2>\t\t<\/div>\r\n\t\t\t\t<\/div>\r\n\t\t\t\t<div class=\"elementor-element elementor-element-67a3e95 elementor-align-left elementor-list-item-link-full_width elementor-widget elementor-widget-icon-list\" data-id=\"67a3e95\" data-element_type=\"widget\" data-widget_type=\"icon-list.default\">\r\n\t\t\t\t<div class=\"elementor-widget-container\">\r\n\t\t\t<link rel=\"stylesheet\" href=\"https:\/\/www.srtbizerte.com.tn\/wp-content\/plugins\/elementor\/assets\/css\/widget-icon-list.min.css\">\t\t<ul class=\"elementor-icon-list-items\">\r\n\t\t\t\t\t\t\t<li class=\"elementor-icon-list-item\">\r\n\t\t\t\t\t\t\t\t\t\t\t<a href=\"https:\/\/www.srtbizerte.com.tn\/wp-content\/uploads\/2025\/01\/\u0645\u0637\u0644\u0628-\u0627\u0644\u0646\u0641\u0627\u0630-\u0627\u0644\u0649-\u0627\u0644\u0645\u0639\u0644\u0648\u0645\u0629.pdf\">\r\n\r\n\t\t\t\t\t\t\t\t\t\t\t<span class=\"elementor-icon-list-text\">Demande d'acc\u00e8s \u00e0 l'information<\/span>\r\n\t\t\t\t\t\t\t\t\t\t\t<\/a>\r\n\t\t\t\t\t\t\t\t\t<\/li>\r\n\t\t\t\t\t\t\t\t<li class=\"elementor-icon-list-item\">\r\n\t\t\t\t\t\t\t\t\t\t\t<a href=\"https:\/\/www.srtbizerte.com.tn\/wp-content\/uploads\/2025\/01\/\u0645\u0637\u0644\u0628-\u062a\u0638\u0644\u0645-\u0647\u064a\u0626\u0629-\u0627\u0644\u0646\u0641\u0627\u0630-\u0627\u0644\u0649-\u0627\u0644\u0645\u0639\u0644\u0648\u0645\u0629-1.pdf\">\r\n\r\n\t\t\t\t\t\t\t\t\t\t\t<span class=\"elementor-icon-list-text\"> Grief aupr\u00e8s du PDG<\/span>\r\n\t\t\t\t\t\t\t\t\t\t\t<\/a>\r\n\t\t\t\t\t\t\t\t\t<\/li>\r\n\t\t\t\t\t\t<\/ul>\r\n\t\t\t\t<\/div>\r\n\t\t\t\t<\/div>\r\n\t\t\t\t\t<\/div>\r\n\t\t<\/div>\r\n\t\t\t\t\t\t\t<\/div>\r\n\t\t<\/section>\r\n\t\t\t\t\t\t\t<\/div>\r\n\t\t","protected":false},"excerpt":{"rendered":"<p>profilprofil<\/p>\n","protected":false},"author":1,"featured_media":0,"parent":0,"menu_order":0,"comment_status":"closed","ping_status":"closed","template":"","meta":{"footnotes":""},"class_list":["post-4827","page","type-page","status-publish","hentry"],"yoast_head":"<!-- This site is optimized with the Yoast SEO plugin v24.6 - https:\/\/yoast.com\/wordpress\/plugins\/seo\/ -->\n<title>Acc\u00e8s \u00e0 l&#039;information - SRTB<\/title>\n<meta name=\"robots\" content=\"noindex, follow, max-snippet:-1, max-image-preview:large, max-video-preview:-1\" \/>\n<meta property=\"og:locale\" content=\"fr_FR\" \/>\n<meta property=\"og:type\" content=\"article\" \/>\n<meta property=\"og:title\" content=\"Acc\u00e8s \u00e0 l&#039;information\" \/>\n<meta property=\"og:description\" content=\"profilprofil\" \/>\n<meta property=\"og:url\" content=\"https:\/\/www.srtbizerte.com.tn\/?page_id=4827&amp;lang=fr\" \/>\n<meta property=\"og:site_name\" content=\"SRTB\" \/>\n<meta property=\"article:modified_time\" content=\"2025-01-20T17:43:26+00:00\" \/>\n<meta name=\"twitter:card\" content=\"summary_large_image\" \/>\n<script type=\"application\/ld+json\" class=\"yoast-schema-graph\">{\"@context\":\"https:\/\/schema.org\",\"@graph\":[{\"@type\":\"WebPage\",\"@id\":\"https:\/\/www.srtbizerte.com.tn\/?page_id=4827&lang=fr\",\"url\":\"https:\/\/www.srtbizerte.com.tn\/?page_id=4827&lang=fr\",\"name\":\"[:fr]Acc\u00e8s \u00e0 l'information[:ar]Acc\u00e8s \u00e0 l'information[:] - SRTB\",\"isPartOf\":{\"@id\":\"https:\/\/www.srtbizerte.com.tn\/#website\"},\"datePublished\":\"2024-06-06T11:35:24+00:00\",\"dateModified\":\"2025-01-20T17:43:26+00:00\",\"breadcrumb\":{\"@id\":\"https:\/\/www.srtbizerte.com.tn\/?page_id=4827&lang=fr#breadcrumb\"},\"inLanguage\":\"fr\",\"potentialAction\":[{\"@type\":\"ReadAction\",\"target\":[\"https:\/\/www.srtbizerte.com.tn\/?page_id=4827&lang=fr\"]}]},{\"@type\":\"BreadcrumbList\",\"@id\":\"https:\/\/www.srtbizerte.com.tn\/?page_id=4827&lang=fr#breadcrumb\",\"itemListElement\":[{\"@type\":\"ListItem\",\"position\":1,\"name\":\"Home\",\"item\":\"https:\/\/www.srtbizerte.com.tn\/?page_id=4080&lang=ar\"},{\"@type\":\"ListItem\",\"position\":2,\"name\":\"Acc\u00e8s \u00e0 l&rsquo;information\"}]},{\"@type\":\"WebSite\",\"@id\":\"https:\/\/www.srtbizerte.com.tn\/#website\",\"url\":\"https:\/\/www.srtbizerte.com.tn\/\",\"name\":\"SRTB\",\"description\":\"SRTB\",\"potentialAction\":[{\"@type\":\"SearchAction\",\"target\":{\"@type\":\"EntryPoint\",\"urlTemplate\":\"https:\/\/www.srtbizerte.com.tn\/?s={search_term_string}\"},\"query-input\":{\"@type\":\"PropertyValueSpecification\",\"valueRequired\":true,\"valueName\":\"search_term_string\"}}],\"inLanguage\":\"fr\"}]}<\/script>\n<!-- \/ Yoast SEO plugin. -->","yoast_head_json":{"title":"Acc\u00e8s \u00e0 l'information - SRTB","robots":{"index":"noindex","follow":"follow","max-snippet":"max-snippet:-1","max-image-preview":"max-image-preview:large","max-video-preview":"max-video-preview:-1"},"og_locale":"fr_FR","og_type":"article","og_title":"[:fr]Acc\u00e8s \u00e0 l'information[:ar]Acc\u00e8s \u00e0 l'information[:] - SRTB","og_description":"profilprofil","og_url":"https:\/\/www.srtbizerte.com.tn\/?page_id=4827&lang=fr","og_site_name":"SRTB","article_modified_time":"2025-01-20T17:43:26+00:00","twitter_card":"summary_large_image","schema":{"@context":"https:\/\/schema.org","@graph":[{"@type":"WebPage","@id":"https:\/\/www.srtbizerte.com.tn\/?page_id=4827&lang=fr","url":"https:\/\/www.srtbizerte.com.tn\/?page_id=4827&lang=fr","name":"[:fr]Acc\u00e8s \u00e0 l'information[:ar]Acc\u00e8s \u00e0 l'information[:] - SRTB","isPartOf":{"@id":"https:\/\/www.srtbizerte.com.tn\/#website"},"datePublished":"2024-06-06T11:35:24+00:00","dateModified":"2025-01-20T17:43:26+00:00","breadcrumb":{"@id":"https:\/\/www.srtbizerte.com.tn\/?page_id=4827&lang=fr#breadcrumb"},"inLanguage":"fr","potentialAction":[{"@type":"ReadAction","target":["https:\/\/www.srtbizerte.com.tn\/?page_id=4827&lang=fr"]}]},{"@type":"BreadcrumbList","@id":"https:\/\/www.srtbizerte.com.tn\/?page_id=4827&lang=fr#breadcrumb","itemListElement":[{"@type":"ListItem","position":1,"name":"Home","item":"https:\/\/www.srtbizerte.com.tn\/?page_id=4080&lang=ar"},{"@type":"ListItem","position":2,"name":"Acc\u00e8s \u00e0 l&rsquo;information"}]},{"@type":"WebSite","@id":"https:\/\/www.srtbizerte.com.tn\/#website","url":"https:\/\/www.srtbizerte.com.tn\/","name":"SRTB","description":"SRTB","potentialAction":[{"@type":"SearchAction","target":{"@type":"EntryPoint","urlTemplate":"https:\/\/www.srtbizerte.com.tn\/?s={search_term_string}"},"query-input":{"@type":"PropertyValueSpecification","valueRequired":true,"valueName":"search_term_string"}}],"inLanguage":"fr"}]}},"_links":{"self":[{"href":"https:\/\/www.srtbizerte.com.tn\/index.php?rest_route=\/wp\/v2\/pages\/4827","targetHints":{"allow":["GET"]}}],"collection":[{"href":"https:\/\/www.srtbizerte.com.tn\/index.php?rest_route=\/wp\/v2\/pages"}],"about":[{"href":"https:\/\/www.srtbizerte.com.tn\/index.php?rest_route=\/wp\/v2\/types\/page"}],"author":[{"embeddable":true,"href":"https:\/\/www.srtbizerte.com.tn\/index.php?rest_route=\/wp\/v2\/users\/1"}],"replies":[{"embeddable":true,"href":"https:\/\/www.srtbizerte.com.tn\/index.php?rest_route=%2Fwp%2Fv2%2Fcomments&post=4827"}],"version-history":[{"count":29,"href":"https:\/\/www.srtbizerte.com.tn\/index.php?rest_route=\/wp\/v2\/pages\/4827\/revisions"}],"predecessor-version":[{"id":7426,"href":"https:\/\/www.srtbizerte.com.tn\/index.php?rest_route=\/wp\/v2\/pages\/4827\/revisions\/7426"}],"wp:attachment":[{"href":"https:\/\/www.srtbizerte.com.tn\/index.php?rest_route=%2Fwp%2Fv2%2Fmedia&parent=4827"}],"curies":[{"name":"wp","href":"https:\/\/api.w.org\/{rel}","templated":true}]}}