{"id":4824,"date":"2024-06-06T11:35:06","date_gmt":"2024-06-06T11:35:06","guid":{"rendered":"https:\/\/amilcar-online.com\/ISEAHT\/?page_id=4824"},"modified":"2024-06-06T16:17:01","modified_gmt":"2024-06-06T16:17:01","slug":"nous-contacter","status":"publish","type":"page","link":"https:\/\/www.srtbizerte.com.tn\/?page_id=4824&lang=fr","title":{"rendered":"Nous contacter"},"content":{"rendered":"<table border=\"0\" width=\"100%\" cellspacing=\"0\" cellpadding=\"0\">\n<tbody>\n<tr>\n<td valign=\"top\" width=\"295\">\n<div><strong><img loading=\"lazy\" decoding=\"async\" src=\"http:\/\/www.srtbizerte.com.tn\/userfiles\/image\/all_arrows.jpg\" alt=\"\" width=\"10\" height=\"9\" \/><span style=\"color: #ff6600;\">\u00a0\u00a0<i><u>Si\u00e8ge social<\/u><\/i><\/span><\/strong><br \/>\nAdresse: Rue 20 mars 1956 7000 Bizerte.<br \/>\nNum\u00e9ro de T\u00e9l\u00e9phone: 72 443 026 &#8211; 72 436 330<br \/>\nNum\u00e9ro bleu :\u00a082.10.33.35<br \/>\nMail :\u00a0<a href=\"mailto:srtb.inge@planet.tn\">srtb.inge@planet.tn\u00a0<\/a>\/<a href=\"mailto:srtb.qualite@planet.tn\">srtb.qualite@planet.tn<\/a><\/div>\n<div><b><img loading=\"lazy\" decoding=\"async\" src=\"http:\/\/www.srtbizerte.com.tn\/userfiles\/image\/all_arrows.jpg\" alt=\"\" width=\"10\" height=\"9\" \/>\u00a0\u00a0<\/b><strong><span style=\"color: #ff6600;\"><i><u>Agence Bizerte<\/u><\/i>\u00a0<\/span><\/strong>: lignes urbaines et suburbaines<br \/>\nAdresse: Quai Tarek Ibn Zied 7000 Bizerte.<br \/>\nT\u00e9l\u00e9phone:\u00a0 72 432 278<\/div>\n<div><b><img loading=\"lazy\" decoding=\"async\" src=\"http:\/\/www.srtbizerte.com.tn\/userfiles\/image\/all_arrows.jpg\" alt=\"\" width=\"10\" height=\"9\" \/><\/b><span style=\"color: #ff6600;\"><strong>\u00a0\u00a0<i><u>Agence Bizerte<\/u><\/i>\u00a0:<\/strong><\/span> lignes interurbaines<br \/>\nAdresse: Station du transport terrestre 7021 Zarzouna<br \/>\nT\u00e9l\u00e9phone: 72 593 161<\/div>\n<div><span style=\"color: #ff6600;\"><b><img loading=\"lazy\" decoding=\"async\" src=\"http:\/\/www.srtbizerte.com.tn\/userfiles\/image\/all_arrows.jpg\" alt=\"\" width=\"10\" height=\"9\" \/><\/b><strong>\u00a0\u00a0<i><u>Agence Menzel Bourguiba<\/u><\/i><\/strong><\/span><br \/>\nAdresse: Rue de l&rsquo;Ind\u00e9pendance 7050 Menzel Bourguiba.<br \/>\nT\u00e9l\u00e9phone: 72 460 128<\/div>\n<div><strong><img loading=\"lazy\" decoding=\"async\" src=\"http:\/\/www.srtbizerte.com.tn\/userfiles\/image\/all_arrows.jpg\" alt=\"\" width=\"10\" height=\"9\" \/><span style=\"color: #ff6600;\">\u00a0\u00a0<i><u>Agence Ras Djebel<\/u><\/i><\/span><\/strong><br \/>\nAdresse: Rue Habib Bourguiba 7070 Ras Djebel.<br \/>\nT\u00e9l\u00e9phone: 72 447 015<\/div>\n<\/td>\n<td valign=\"top\">\n<div><strong><img loading=\"lazy\" decoding=\"async\" src=\"http:\/\/www.srtbizerte.com.tn\/userfiles\/image\/all_arrows.jpg\" alt=\"\" width=\"10\" height=\"9\" \/><span style=\"color: #ff6600;\">\u00a0\u00a0<i><u>Agence Mateur<\/u><\/i><\/span><\/strong><br \/>\nAdresse: Place du Maghreb Arabe 7030 Mateur.<br \/>\nT\u00e9l\u00e9phone: 72 465 144<\/div>\n<div>\n<div><strong><img loading=\"lazy\" decoding=\"async\" src=\"http:\/\/www.srtbizerte.com.tn\/userfiles\/image\/all_arrows.jpg\" alt=\"\" width=\"10\" height=\"9\" \/><span style=\"color: #ff6600;\">\u00a0\u00a0<i><u>Agence Sejn\u00e8ne<\/u><\/i><\/span><\/strong><br \/>\nAdresse: Rue Hssan Ennouri 7010 Sejn\u00e8ne.<br \/>\nT\u00e9l\u00e9phone: 72 469 326<\/div>\n<div><span style=\"color: #ff6600;\"><b><img loading=\"lazy\" decoding=\"async\" src=\"http:\/\/www.srtbizerte.com.tn\/userfiles\/image\/all_arrows.jpg\" alt=\"\" width=\"10\" height=\"9\" \/><\/b><strong>\u00a0\u00a0<i><u>Parc Central<\/u><\/i>\u00a0:<\/strong><\/span><br \/>\nAdresse: Route de Tunis Kilom\u00e8tre 5.<br \/>\nNum\u00e9ro de T\u00e9l\u00e9phone: 72 590 255<\/div>\n<div><span style=\"color: #ff6600;\"><b><img loading=\"lazy\" decoding=\"async\" src=\"http:\/\/www.srtbizerte.com.tn\/userfiles\/image\/all_arrows.jpg\" alt=\"\" width=\"10\" height=\"9\" \/><\/b><strong>\u00a0\u00a0<i><u>Centre de Formation<\/u><\/i>\u00a0:<\/strong><\/span><br \/>\nAdresse: 6 Rue de TURKI Bizerte 7000.<br \/>\nNum\u00e9ro de T\u00e9l\u00e9phone: 72 431 317<\/div>\n<div><span style=\"color: #ff6600;\"><b><img loading=\"lazy\" decoding=\"async\" src=\"http:\/\/www.srtbizerte.com.tn\/userfiles\/image\/all_arrows.jpg\" alt=\"\" width=\"10\" height=\"9\" \/><\/b><strong>\u00a0\u00a0<i><u>Direction d&rsquo;exploitation<\/u><\/i><\/strong><\/span><br \/>\nAdresse: Quai Tarek Ibn Zied 7000 Bizerte.<br \/>\nNum\u00e9ro de T\u00e9l\u00e9phone: 72 432 278<\/div>\n<\/div>\n<\/td>\n<\/tr>\n<\/tbody>\n<\/table>\n","protected":false},"excerpt":{"rendered":"<p>\u00a0\u00a0Si\u00e8ge social Adresse: Rue 20 mars 1956 7000 Bizerte. Num\u00e9ro de T\u00e9l\u00e9phone: 72 443 026 &#8211; 72 436 330 Num\u00e9ro bleu :\u00a082.10.33.35 Mail :\u00a0srtb.inge@planet.tn\u00a0\/srtb.qualite@planet.tn \u00a0\u00a0Agence Bizerte\u00a0: lignes urbaines et suburbaines Adresse: Quai Tarek Ibn Zied 7000 Bizerte. T\u00e9l\u00e9phone:\u00a0 72 432 278 \u00a0\u00a0Agence Bizerte\u00a0: lignes interurbaines Adresse: Station du transport terrestre 7021 Zarzouna T\u00e9l\u00e9phone: 72 593 <\/p>\n","protected":false},"author":1,"featured_media":0,"parent":0,"menu_order":0,"comment_status":"closed","ping_status":"closed","template":"","meta":{"footnotes":""},"class_list":["post-4824","page","type-page","status-publish","hentry"],"yoast_head":"<!-- This site is optimized with the Yoast SEO plugin v24.6 - https:\/\/yoast.com\/wordpress\/plugins\/seo\/ -->\n<title>Nous contacter - SRTB<\/title>\n<meta name=\"robots\" content=\"noindex, follow, max-snippet:-1, max-image-preview:large, max-video-preview:-1\" \/>\n<meta property=\"og:locale\" content=\"fr_FR\" \/>\n<meta property=\"og:type\" content=\"article\" \/>\n<meta property=\"og:title\" content=\"Nous contacter - SRTB\" \/>\n<meta property=\"og:description\" content=\"\u00a0\u00a0Si\u00e8ge social Adresse: Rue 20 mars 1956 7000 Bizerte. Num\u00e9ro de T\u00e9l\u00e9phone: 72 443 026 &#8211; 72 436 330 Num\u00e9ro bleu :\u00a082.10.33.35 Mail :\u00a0srtb.inge@planet.tn\u00a0\/srtb.qualite@planet.tn \u00a0\u00a0Agence Bizerte\u00a0: lignes urbaines et suburbaines Adresse: Quai Tarek Ibn Zied 7000 Bizerte. T\u00e9l\u00e9phone:\u00a0 72 432 278 \u00a0\u00a0Agence Bizerte\u00a0: lignes interurbaines Adresse: Station du transport terrestre 7021 Zarzouna T\u00e9l\u00e9phone: 72 593\" \/>\n<meta property=\"og:url\" content=\"https:\/\/www.srtbizerte.com.tn\/?page_id=4824&amp;lang=fr\" \/>\n<meta property=\"og:site_name\" content=\"SRTB\" \/>\n<meta property=\"article:modified_time\" content=\"2024-06-06T16:17:01+00:00\" \/>\n<meta property=\"og:image\" content=\"http:\/\/www.srtbizerte.com.tn\/userfiles\/image\/all_arrows.jpg\" \/>\n<meta name=\"twitter:card\" content=\"summary_large_image\" \/>\n<meta name=\"twitter:label1\" content=\"Est. reading time\" \/>\n\t<meta name=\"twitter:data1\" content=\"1 minute\" \/>\n<script type=\"application\/ld+json\" class=\"yoast-schema-graph\">{\"@context\":\"https:\/\/schema.org\",\"@graph\":[{\"@type\":\"WebPage\",\"@id\":\"https:\/\/www.srtbizerte.com.tn\/?page_id=4824&lang=fr\",\"url\":\"https:\/\/www.srtbizerte.com.tn\/?page_id=4824&lang=fr\",\"name\":\"Nous contacter - SRTB\",\"isPartOf\":{\"@id\":\"https:\/\/www.srtbizerte.com.tn\/#website\"},\"primaryImageOfPage\":{\"@id\":\"https:\/\/www.srtbizerte.com.tn\/?page_id=4824&lang=fr#primaryimage\"},\"image\":{\"@id\":\"https:\/\/www.srtbizerte.com.tn\/?page_id=4824&lang=fr#primaryimage\"},\"thumbnailUrl\":\"http:\/\/www.srtbizerte.com.tn\/userfiles\/image\/all_arrows.jpg\",\"datePublished\":\"2024-06-06T11:35:06+00:00\",\"dateModified\":\"2024-06-06T16:17:01+00:00\",\"breadcrumb\":{\"@id\":\"https:\/\/www.srtbizerte.com.tn\/?page_id=4824&lang=fr#breadcrumb\"},\"inLanguage\":\"fr\",\"potentialAction\":[{\"@type\":\"ReadAction\",\"target\":[\"https:\/\/www.srtbizerte.com.tn\/?page_id=4824&lang=fr\"]}]},{\"@type\":\"ImageObject\",\"inLanguage\":\"fr\",\"@id\":\"https:\/\/www.srtbizerte.com.tn\/?page_id=4824&lang=fr#primaryimage\",\"url\":\"http:\/\/www.srtbizerte.com.tn\/userfiles\/image\/all_arrows.jpg\",\"contentUrl\":\"http:\/\/www.srtbizerte.com.tn\/userfiles\/image\/all_arrows.jpg\"},{\"@type\":\"BreadcrumbList\",\"@id\":\"https:\/\/www.srtbizerte.com.tn\/?page_id=4824&lang=fr#breadcrumb\",\"itemListElement\":[{\"@type\":\"ListItem\",\"position\":1,\"name\":\"Home\",\"item\":\"https:\/\/www.srtbizerte.com.tn\/?page_id=4080&lang=ar\"},{\"@type\":\"ListItem\",\"position\":2,\"name\":\"Nous contacter\"}]},{\"@type\":\"WebSite\",\"@id\":\"https:\/\/www.srtbizerte.com.tn\/#website\",\"url\":\"https:\/\/www.srtbizerte.com.tn\/\",\"name\":\"SRTB\",\"description\":\"SRTB\",\"potentialAction\":[{\"@type\":\"SearchAction\",\"target\":{\"@type\":\"EntryPoint\",\"urlTemplate\":\"https:\/\/www.srtbizerte.com.tn\/?s={search_term_string}\"},\"query-input\":{\"@type\":\"PropertyValueSpecification\",\"valueRequired\":true,\"valueName\":\"search_term_string\"}}],\"inLanguage\":\"fr\"}]}<\/script>\n<!-- \/ Yoast SEO plugin. -->","yoast_head_json":{"title":"Nous contacter - SRTB","robots":{"index":"noindex","follow":"follow","max-snippet":"max-snippet:-1","max-image-preview":"max-image-preview:large","max-video-preview":"max-video-preview:-1"},"og_locale":"fr_FR","og_type":"article","og_title":"Nous contacter - SRTB","og_description":"\u00a0\u00a0Si\u00e8ge social Adresse: Rue 20 mars 1956 7000 Bizerte. Num\u00e9ro de T\u00e9l\u00e9phone: 72 443 026 &#8211; 72 436 330 Num\u00e9ro bleu :\u00a082.10.33.35 Mail :\u00a0srtb.inge@planet.tn\u00a0\/srtb.qualite@planet.tn \u00a0\u00a0Agence Bizerte\u00a0: lignes urbaines et suburbaines Adresse: Quai Tarek Ibn Zied 7000 Bizerte. T\u00e9l\u00e9phone:\u00a0 72 432 278 \u00a0\u00a0Agence Bizerte\u00a0: lignes interurbaines Adresse: Station du transport terrestre 7021 Zarzouna T\u00e9l\u00e9phone: 72 593","og_url":"https:\/\/www.srtbizerte.com.tn\/?page_id=4824&lang=fr","og_site_name":"SRTB","article_modified_time":"2024-06-06T16:17:01+00:00","og_image":[{"url":"http:\/\/www.srtbizerte.com.tn\/userfiles\/image\/all_arrows.jpg","type":"","width":"","height":""}],"twitter_card":"summary_large_image","twitter_misc":{"Est. reading time":"1 minute"},"schema":{"@context":"https:\/\/schema.org","@graph":[{"@type":"WebPage","@id":"https:\/\/www.srtbizerte.com.tn\/?page_id=4824&lang=fr","url":"https:\/\/www.srtbizerte.com.tn\/?page_id=4824&lang=fr","name":"Nous contacter - SRTB","isPartOf":{"@id":"https:\/\/www.srtbizerte.com.tn\/#website"},"primaryImageOfPage":{"@id":"https:\/\/www.srtbizerte.com.tn\/?page_id=4824&lang=fr#primaryimage"},"image":{"@id":"https:\/\/www.srtbizerte.com.tn\/?page_id=4824&lang=fr#primaryimage"},"thumbnailUrl":"http:\/\/www.srtbizerte.com.tn\/userfiles\/image\/all_arrows.jpg","datePublished":"2024-06-06T11:35:06+00:00","dateModified":"2024-06-06T16:17:01+00:00","breadcrumb":{"@id":"https:\/\/www.srtbizerte.com.tn\/?page_id=4824&lang=fr#breadcrumb"},"inLanguage":"fr","potentialAction":[{"@type":"ReadAction","target":["https:\/\/www.srtbizerte.com.tn\/?page_id=4824&lang=fr"]}]},{"@type":"ImageObject","inLanguage":"fr","@id":"https:\/\/www.srtbizerte.com.tn\/?page_id=4824&lang=fr#primaryimage","url":"http:\/\/www.srtbizerte.com.tn\/userfiles\/image\/all_arrows.jpg","contentUrl":"http:\/\/www.srtbizerte.com.tn\/userfiles\/image\/all_arrows.jpg"},{"@type":"BreadcrumbList","@id":"https:\/\/www.srtbizerte.com.tn\/?page_id=4824&lang=fr#breadcrumb","itemListElement":[{"@type":"ListItem","position":1,"name":"Home","item":"https:\/\/www.srtbizerte.com.tn\/?page_id=4080&lang=ar"},{"@type":"ListItem","position":2,"name":"Nous contacter"}]},{"@type":"WebSite","@id":"https:\/\/www.srtbizerte.com.tn\/#website","url":"https:\/\/www.srtbizerte.com.tn\/","name":"SRTB","description":"SRTB","potentialAction":[{"@type":"SearchAction","target":{"@type":"EntryPoint","urlTemplate":"https:\/\/www.srtbizerte.com.tn\/?s={search_term_string}"},"query-input":{"@type":"PropertyValueSpecification","valueRequired":true,"valueName":"search_term_string"}}],"inLanguage":"fr"}]}},"_links":{"self":[{"href":"https:\/\/www.srtbizerte.com.tn\/index.php?rest_route=\/wp\/v2\/pages\/4824","targetHints":{"allow":["GET"]}}],"collection":[{"href":"https:\/\/www.srtbizerte.com.tn\/index.php?rest_route=\/wp\/v2\/pages"}],"about":[{"href":"https:\/\/www.srtbizerte.com.tn\/index.php?rest_route=\/wp\/v2\/types\/page"}],"author":[{"embeddable":true,"href":"https:\/\/www.srtbizerte.com.tn\/index.php?rest_route=\/wp\/v2\/users\/1"}],"replies":[{"embeddable":true,"href":"https:\/\/www.srtbizerte.com.tn\/index.php?rest_route=%2Fwp%2Fv2%2Fcomments&post=4824"}],"version-history":[{"count":4,"href":"https:\/\/www.srtbizerte.com.tn\/index.php?rest_route=\/wp\/v2\/pages\/4824\/revisions"}],"predecessor-version":[{"id":4983,"href":"https:\/\/www.srtbizerte.com.tn\/index.php?rest_route=\/wp\/v2\/pages\/4824\/revisions\/4983"}],"wp:attachment":[{"href":"https:\/\/www.srtbizerte.com.tn\/index.php?rest_route=%2Fwp%2Fv2%2Fmedia&parent=4824"}],"curies":[{"name":"wp","href":"https:\/\/api.w.org\/{rel}","templated":true}]}}