{"id":4821,"date":"2024-06-06T11:34:51","date_gmt":"2024-06-06T11:34:51","guid":{"rendered":"https:\/\/amilcar-online.com\/ISEAHT\/?page_id=4821"},"modified":"2025-01-07T09:59:04","modified_gmt":"2025-01-07T09:59:04","slug":"suggestions","status":"publish","type":"page","link":"https:\/\/www.srtbizerte.com.tn\/?page_id=4821&lang=fr","title":{"rendered":"Suggestions"},"content":{"rendered":"\t\t<div data-elementor-type=\"wp-page\" data-elementor-id=\"4821\" class=\"elementor elementor-4821\">\r\n\t\t\t\t\t\t\t\t\t<section class=\"elementor-section elementor-top-section elementor-element elementor-element-9879fa2 elementor-section-boxed elementor-section-height-default elementor-section-height-default\" data-id=\"9879fa2\" data-element_type=\"section\">\r\n\t\t\t\t\t\t<div class=\"elementor-container elementor-column-gap-default\">\r\n\t\t\t\t\t<div class=\"elementor-column elementor-col-100 elementor-top-column elementor-element elementor-element-685daaa\" data-id=\"685daaa\" data-element_type=\"column\">\r\n\t\t\t<div class=\"elementor-widget-wrap elementor-element-populated\">\r\n\t\t\t\t\t\t\t\t<div class=\"elementor-element elementor-element-a70110d elementor-widget elementor-widget-heading\" data-id=\"a70110d\" data-element_type=\"widget\" data-widget_type=\"heading.default\">\r\n\t\t\t\t<div class=\"elementor-widget-container\">\r\n\t\t\t<style>\/*! elementor - v3.13.3 - 28-05-2023 *\/\r\n.elementor-heading-title{padding:0;margin:0;line-height:1}.elementor-widget-heading .elementor-heading-title[class*=elementor-size-]>a{color:inherit;font-size:inherit;line-height:inherit}.elementor-widget-heading .elementor-heading-title.elementor-size-small{font-size:15px}.elementor-widget-heading .elementor-heading-title.elementor-size-medium{font-size:19px}.elementor-widget-heading .elementor-heading-title.elementor-size-large{font-size:29px}.elementor-widget-heading .elementor-heading-title.elementor-size-xl{font-size:39px}.elementor-widget-heading .elementor-heading-title.elementor-size-xxl{font-size:59px}<\/style><h2 class=\"elementor-heading-title elementor-size-default\">Vos suggestions sont essentielles pour nous am\u00e9liorer continuellement !<\/h2>\t\t<\/div>\r\n\t\t\t\t<\/div>\r\n\t\t\t\t\t<\/div>\r\n\t\t<\/div>\r\n\t\t\t\t\t\t\t<\/div>\r\n\t\t<\/section>\r\n\t\t\t\t<section class=\"elementor-section elementor-top-section elementor-element elementor-element-1de9b42 elementor-section-boxed elementor-section-height-default elementor-section-height-default\" data-id=\"1de9b42\" data-element_type=\"section\">\r\n\t\t\t\t\t\t<div class=\"elementor-container elementor-column-gap-default\">\r\n\t\t\t\t\t<div class=\"elementor-column elementor-col-100 elementor-top-column elementor-element elementor-element-041e1c6\" data-id=\"041e1c6\" data-element_type=\"column\">\r\n\t\t\t<div class=\"elementor-widget-wrap\">\r\n\t\t\t\t\t\t\t\t\t<\/div>\r\n\t\t<\/div>\r\n\t\t\t\t\t\t\t<\/div>\r\n\t\t<\/section>\r\n\t\t\t\t\t\t\t<\/div>\r\n\t\t","protected":false},"excerpt":{"rendered":"<p>Vos suggestions sont essentielles pour nous am\u00e9liorer continuellement ! Veuillez activer JavaScript dans votre navigateur pour remplir ce formulaire.Veuillez activer JavaScript dans votre navigateur pour remplir ce formulaire. Pr\u00e9nom et Nom * Pr\u00e9nomNom E-mail *T\u00e9l\u00e9phone *Objet *Votre message * Envoyer<\/p>\n","protected":false},"author":1,"featured_media":0,"parent":0,"menu_order":0,"comment_status":"closed","ping_status":"closed","template":"","meta":{"footnotes":""},"class_list":["post-4821","page","type-page","status-publish","hentry"],"yoast_head":"<!-- This site is optimized with the Yoast SEO plugin v24.6 - https:\/\/yoast.com\/wordpress\/plugins\/seo\/ -->\n<title>Suggestions - SRTB<\/title>\n<meta name=\"robots\" content=\"noindex, follow, max-snippet:-1, max-image-preview:large, max-video-preview:-1\" \/>\n<meta property=\"og:locale\" content=\"fr_FR\" \/>\n<meta property=\"og:type\" content=\"article\" \/>\n<meta property=\"og:title\" content=\"Suggestions\" \/>\n<meta property=\"og:description\" content=\"Vos suggestions sont essentielles pour nous am\u00e9liorer continuellement ! Veuillez activer JavaScript dans votre navigateur pour remplir ce formulaire.Veuillez activer JavaScript dans votre navigateur pour remplir ce formulaire. Pr\u00e9nom et Nom * Pr\u00e9nomNom E-mail *T\u00e9l\u00e9phone *Objet *Votre message * Envoyer\" \/>\n<meta property=\"og:url\" content=\"https:\/\/www.srtbizerte.com.tn\/?page_id=4821&amp;lang=fr\" \/>\n<meta property=\"og:site_name\" content=\"SRTB\" \/>\n<meta property=\"article:modified_time\" content=\"2025-01-07T09:59:04+00:00\" \/>\n<meta property=\"og:image\" content=\"https:\/\/www.srtbizerte.com.tn\/wp-content\/plugins\/wpforms-lite\/assets\/images\/submit-spin.svg\" \/>\n<meta name=\"twitter:card\" content=\"summary_large_image\" \/>\n<script type=\"application\/ld+json\" class=\"yoast-schema-graph\">{\"@context\":\"https:\/\/schema.org\",\"@graph\":[{\"@type\":\"WebPage\",\"@id\":\"https:\/\/www.srtbizerte.com.tn\/?page_id=4821&lang=fr\",\"url\":\"https:\/\/www.srtbizerte.com.tn\/?page_id=4821&lang=fr\",\"name\":\"[:fr]Suggestions[:] - SRTB\",\"isPartOf\":{\"@id\":\"https:\/\/www.srtbizerte.com.tn\/#website\"},\"primaryImageOfPage\":{\"@id\":\"https:\/\/www.srtbizerte.com.tn\/?page_id=4821&lang=fr#primaryimage\"},\"image\":{\"@id\":\"https:\/\/www.srtbizerte.com.tn\/?page_id=4821&lang=fr#primaryimage\"},\"thumbnailUrl\":\"https:\/\/www.srtbizerte.com.tn\/wp-content\/plugins\/wpforms-lite\/assets\/images\/submit-spin.svg\",\"datePublished\":\"2024-06-06T11:34:51+00:00\",\"dateModified\":\"2025-01-07T09:59:04+00:00\",\"breadcrumb\":{\"@id\":\"https:\/\/www.srtbizerte.com.tn\/?page_id=4821&lang=fr#breadcrumb\"},\"inLanguage\":\"fr\",\"potentialAction\":[{\"@type\":\"ReadAction\",\"target\":[\"https:\/\/www.srtbizerte.com.tn\/?page_id=4821&lang=fr\"]}]},{\"@type\":\"ImageObject\",\"inLanguage\":\"fr\",\"@id\":\"https:\/\/www.srtbizerte.com.tn\/?page_id=4821&lang=fr#primaryimage\",\"url\":\"https:\/\/www.srtbizerte.com.tn\/wp-content\/plugins\/wpforms-lite\/assets\/images\/submit-spin.svg\",\"contentUrl\":\"https:\/\/www.srtbizerte.com.tn\/wp-content\/plugins\/wpforms-lite\/assets\/images\/submit-spin.svg\"},{\"@type\":\"BreadcrumbList\",\"@id\":\"https:\/\/www.srtbizerte.com.tn\/?page_id=4821&lang=fr#breadcrumb\",\"itemListElement\":[{\"@type\":\"ListItem\",\"position\":1,\"name\":\"Home\",\"item\":\"https:\/\/www.srtbizerte.com.tn\/?page_id=4080&lang=ar\"},{\"@type\":\"ListItem\",\"position\":2,\"name\":\"Suggestions\"}]},{\"@type\":\"WebSite\",\"@id\":\"https:\/\/www.srtbizerte.com.tn\/#website\",\"url\":\"https:\/\/www.srtbizerte.com.tn\/\",\"name\":\"SRTB\",\"description\":\"SRTB\",\"potentialAction\":[{\"@type\":\"SearchAction\",\"target\":{\"@type\":\"EntryPoint\",\"urlTemplate\":\"https:\/\/www.srtbizerte.com.tn\/?s={search_term_string}\"},\"query-input\":{\"@type\":\"PropertyValueSpecification\",\"valueRequired\":true,\"valueName\":\"search_term_string\"}}],\"inLanguage\":\"fr\"}]}<\/script>\n<!-- \/ Yoast SEO plugin. -->","yoast_head_json":{"title":"Suggestions - SRTB","robots":{"index":"noindex","follow":"follow","max-snippet":"max-snippet:-1","max-image-preview":"max-image-preview:large","max-video-preview":"max-video-preview:-1"},"og_locale":"fr_FR","og_type":"article","og_title":"[:fr]Suggestions[:] - SRTB","og_description":"Vos suggestions sont essentielles pour nous am\u00e9liorer continuellement ! Veuillez activer JavaScript dans votre navigateur pour remplir ce formulaire.Veuillez activer JavaScript dans votre navigateur pour remplir ce formulaire. Pr\u00e9nom et Nom * Pr\u00e9nomNom E-mail *T\u00e9l\u00e9phone *Objet *Votre message * Envoyer","og_url":"https:\/\/www.srtbizerte.com.tn\/?page_id=4821&lang=fr","og_site_name":"SRTB","article_modified_time":"2025-01-07T09:59:04+00:00","og_image":[{"url":"https:\/\/www.srtbizerte.com.tn\/wp-content\/plugins\/wpforms-lite\/assets\/images\/submit-spin.svg","type":"","width":"","height":""}],"twitter_card":"summary_large_image","schema":{"@context":"https:\/\/schema.org","@graph":[{"@type":"WebPage","@id":"https:\/\/www.srtbizerte.com.tn\/?page_id=4821&lang=fr","url":"https:\/\/www.srtbizerte.com.tn\/?page_id=4821&lang=fr","name":"[:fr]Suggestions[:] - SRTB","isPartOf":{"@id":"https:\/\/www.srtbizerte.com.tn\/#website"},"primaryImageOfPage":{"@id":"https:\/\/www.srtbizerte.com.tn\/?page_id=4821&lang=fr#primaryimage"},"image":{"@id":"https:\/\/www.srtbizerte.com.tn\/?page_id=4821&lang=fr#primaryimage"},"thumbnailUrl":"https:\/\/www.srtbizerte.com.tn\/wp-content\/plugins\/wpforms-lite\/assets\/images\/submit-spin.svg","datePublished":"2024-06-06T11:34:51+00:00","dateModified":"2025-01-07T09:59:04+00:00","breadcrumb":{"@id":"https:\/\/www.srtbizerte.com.tn\/?page_id=4821&lang=fr#breadcrumb"},"inLanguage":"fr","potentialAction":[{"@type":"ReadAction","target":["https:\/\/www.srtbizerte.com.tn\/?page_id=4821&lang=fr"]}]},{"@type":"ImageObject","inLanguage":"fr","@id":"https:\/\/www.srtbizerte.com.tn\/?page_id=4821&lang=fr#primaryimage","url":"https:\/\/www.srtbizerte.com.tn\/wp-content\/plugins\/wpforms-lite\/assets\/images\/submit-spin.svg","contentUrl":"https:\/\/www.srtbizerte.com.tn\/wp-content\/plugins\/wpforms-lite\/assets\/images\/submit-spin.svg"},{"@type":"BreadcrumbList","@id":"https:\/\/www.srtbizerte.com.tn\/?page_id=4821&lang=fr#breadcrumb","itemListElement":[{"@type":"ListItem","position":1,"name":"Home","item":"https:\/\/www.srtbizerte.com.tn\/?page_id=4080&lang=ar"},{"@type":"ListItem","position":2,"name":"Suggestions"}]},{"@type":"WebSite","@id":"https:\/\/www.srtbizerte.com.tn\/#website","url":"https:\/\/www.srtbizerte.com.tn\/","name":"SRTB","description":"SRTB","potentialAction":[{"@type":"SearchAction","target":{"@type":"EntryPoint","urlTemplate":"https:\/\/www.srtbizerte.com.tn\/?s={search_term_string}"},"query-input":{"@type":"PropertyValueSpecification","valueRequired":true,"valueName":"search_term_string"}}],"inLanguage":"fr"}]}},"_links":{"self":[{"href":"https:\/\/www.srtbizerte.com.tn\/index.php?rest_route=\/wp\/v2\/pages\/4821","targetHints":{"allow":["GET"]}}],"collection":[{"href":"https:\/\/www.srtbizerte.com.tn\/index.php?rest_route=\/wp\/v2\/pages"}],"about":[{"href":"https:\/\/www.srtbizerte.com.tn\/index.php?rest_route=\/wp\/v2\/types\/page"}],"author":[{"embeddable":true,"href":"https:\/\/www.srtbizerte.com.tn\/index.php?rest_route=\/wp\/v2\/users\/1"}],"replies":[{"embeddable":true,"href":"https:\/\/www.srtbizerte.com.tn\/index.php?rest_route=%2Fwp%2Fv2%2Fcomments&post=4821"}],"version-history":[{"count":14,"href":"https:\/\/www.srtbizerte.com.tn\/index.php?rest_route=\/wp\/v2\/pages\/4821\/revisions"}],"predecessor-version":[{"id":6560,"href":"https:\/\/www.srtbizerte.com.tn\/index.php?rest_route=\/wp\/v2\/pages\/4821\/revisions\/6560"}],"wp:attachment":[{"href":"https:\/\/www.srtbizerte.com.tn\/index.php?rest_route=%2Fwp%2Fv2%2Fmedia&parent=4821"}],"curies":[{"name":"wp","href":"https:\/\/api.w.org\/{rel}","templated":true}]}}