{"id":4803,"date":"2024-06-06T11:31:26","date_gmt":"2024-06-06T11:31:26","guid":{"rendered":"https:\/\/amilcar-online.com\/ISEAHT\/?page_id=4803"},"modified":"2026-02-26T13:04:14","modified_gmt":"2026-02-26T13:04:14","slug":"offres-demploi","status":"publish","type":"page","link":"https:\/\/www.srtbizerte.com.tn\/?page_id=4803&lang=fr","title":{"rendered":"Offres d&#8217;emploi"},"content":{"rendered":"\t\t<div data-elementor-type=\"wp-page\" data-elementor-id=\"4803\" class=\"elementor elementor-4803\">\r\n\t\t\t\t\t\t\t\t\t<section class=\"elementor-section elementor-top-section elementor-element elementor-element-3f127c9 elementor-section-boxed elementor-section-height-default elementor-section-height-default\" data-id=\"3f127c9\" data-element_type=\"section\">\r\n\t\t\t\t\t\t<div class=\"elementor-container elementor-column-gap-default\">\r\n\t\t\t\t\t<div class=\"elementor-column elementor-col-100 elementor-top-column elementor-element elementor-element-2a15fad\" data-id=\"2a15fad\" data-element_type=\"column\">\r\n\t\t\t<div class=\"elementor-widget-wrap elementor-element-populated\">\r\n\t\t\t\t\t\t\t\t<div class=\"elementor-element elementor-element-3ed40e4 elementor-widget elementor-widget-heading\" data-id=\"3ed40e4\" data-element_type=\"widget\" data-widget_type=\"heading.default\">\r\n\t\t\t\t<div class=\"elementor-widget-container\">\r\n\t\t\t<style>\/*! elementor - v3.13.3 - 28-05-2023 *\/\r\n.elementor-heading-title{padding:0;margin:0;line-height:1}.elementor-widget-heading .elementor-heading-title[class*=elementor-size-]>a{color:inherit;font-size:inherit;line-height:inherit}.elementor-widget-heading .elementor-heading-title.elementor-size-small{font-size:15px}.elementor-widget-heading .elementor-heading-title.elementor-size-medium{font-size:19px}.elementor-widget-heading .elementor-heading-title.elementor-size-large{font-size:29px}.elementor-widget-heading .elementor-heading-title.elementor-size-xl{font-size:39px}.elementor-widget-heading .elementor-heading-title.elementor-size-xxl{font-size:59px}<\/style><h2 class=\"elementor-heading-title elementor-size-default\"><a href=\"https:\/\/www.srtbizerte.com.tn\/wp-content\/uploads\/2026\/02\/Annonce.pdf\">Annonce<\/a><\/h2>\t\t<\/div>\r\n\t\t\t\t<\/div>\r\n\t\t\t\t<div class=\"elementor-element elementor-element-4ec505d elementor-widget elementor-widget-heading\" data-id=\"4ec505d\" data-element_type=\"widget\" data-widget_type=\"heading.default\">\r\n\t\t\t\t<div class=\"elementor-widget-container\">\r\n\t\t\t<h2 class=\"elementor-heading-title elementor-size-default\"><a href=\"https:\/\/www.srtbizerte.com.tn\/wp-content\/uploads\/2026\/02\/candidats-admis-a-lepreuve-pratique-de-recrutement-des-ouvriers-OU-01-2024.pdf\">Liste des candidats admis \u00e0 l'\u00e9preuve pratique de recrutement des ouvriers  (s\u00e9curit\u00e9, nettoyage et travaux) OU-01-2024<\/a><\/h2>\t\t<\/div>\r\n\t\t\t\t<\/div>\r\n\t\t\t\t<div class=\"elementor-element elementor-element-9a7009d elementor-widget elementor-widget-heading\" data-id=\"9a7009d\" data-element_type=\"widget\" data-widget_type=\"heading.default\">\r\n\t\t\t\t<div class=\"elementor-widget-container\">\r\n\t\t\t<h2 class=\"elementor-heading-title elementor-size-default\"><a href=\"https:\/\/www.srtbizerte.com.tn\/wp-content\/uploads\/2026\/02\/res-AQ1-24.pdf\">Liste initiale des candidats admis \u00e0 l'\u00e9preuve pratique - Concours de recrutement d'agents techniques sp\u00e9cialis\u00e9s en m\u00e9canique AQ1-24<\/a><\/h2>\t\t<\/div>\r\n\t\t\t\t<\/div>\r\n\t\t\t\t<div class=\"elementor-element elementor-element-dbfda4d elementor-widget elementor-widget-heading\" data-id=\"dbfda4d\" data-element_type=\"widget\" data-widget_type=\"heading.default\">\r\n\t\t\t\t<div class=\"elementor-widget-container\">\r\n\t\t\t<h2 class=\"elementor-heading-title elementor-size-default\"><a href=\"https:\/\/www.srtbizerte.com.tn\/wp-content\/uploads\/2025\/12\/\u0645\u0646\u0627\u0638\u0631\u0629-\u062e\u0627\u0631\u062c\u064a\u0629-1.pdf\">Concours externe pour le recrutement d\u2019un ing\u00e9nieur informatique, d\u2019agents techniques en m\u00e9canique et man\u0153uvre en nettoyage<\/a><\/h2>\t\t<\/div>\r\n\t\t\t\t<\/div>\r\n\t\t\t\t<div class=\"elementor-element elementor-element-4552233 elementor-widget elementor-widget-heading\" data-id=\"4552233\" data-element_type=\"widget\" data-widget_type=\"heading.default\">\r\n\t\t\t\t<div class=\"elementor-widget-container\">\r\n\t\t\t<h2 class=\"elementor-heading-title elementor-size-default\"><a href=\"https:\/\/www.srtbizerte.com.tn\/wp-content\/uploads\/2025\/12\/\u0627\u0646\u062a\u062f\u0627\u0628-\u0633\u0648\u0627\u0642.pdf\">Concours externe pour le recrutement des chauffeurs de bus<\/a><\/h2>\t\t<\/div>\r\n\t\t\t\t<\/div>\r\n\t\t\t\t<div class=\"elementor-element elementor-element-9e6c783 elementor-widget elementor-widget-heading\" data-id=\"9e6c783\" data-element_type=\"widget\" data-widget_type=\"heading.default\">\r\n\t\t\t\t<div class=\"elementor-widget-container\">\r\n\t\t\t<h2 class=\"elementor-heading-title elementor-size-default\"><a href=\"https:\/\/www.srtbizerte.com.tn\/wp-content\/uploads\/2025\/09\/res.pdf\">R\u00e9sultats pr\u00e9liminaires pour les candidats retenus pour l\u2019\u00e9preuve pratique pour le recrutement d\u2019agents techniques AQ1<\/a><\/h2>\t\t<\/div>\r\n\t\t\t\t<\/div>\r\n\t\t\t\t<div class=\"elementor-element elementor-element-a4d7cb1 elementor-widget elementor-widget-heading\" data-id=\"a4d7cb1\" data-element_type=\"widget\" data-widget_type=\"heading.default\">\r\n\t\t\t\t<div class=\"elementor-widget-container\">\r\n\t\t\t<h2 class=\"elementor-heading-title elementor-size-default\"><a href=\"https:\/\/www.srtbizerte.com.tn\/wp-content\/uploads\/2025\/01\/\u0645\u0646\u0627\u0638\u0631\u0629-\u0627\u0646\u062a\u062f\u0627\u0628-\u062e\u0627\u0631\u062c\u064a-\u0639\u0631\u0636-\u0634\u063a\u0644-\u0639\u062f\u062f-02-2024-\u0628\u062e\u0635\u0648\u0635-\u0627\u0646\u062a\u062f\u0627\u0628-\u0639\u0645\u0627\u0644-\u0641\u064a-\u0627\u0644\u062d\u0631\u0627\u0633\u0629-\u0648-\u0627\u0644\u0646\u0638\u0627\u0641\u0629-\u0648-\u0627\u0644\u0623\u0634\u063a\u0627\u0644-1.pdf\">Concours de recrutement externe, offre d'emploi num\u00e9ro 02-2024 concernant le recrutement d'ouvriers en gardiennage, nettoyage et travaux<\/a><\/h2>\t\t<\/div>\r\n\t\t\t\t<\/div>\r\n\t\t\t\t<div class=\"elementor-element elementor-element-cd2bab3 elementor-widget elementor-widget-heading\" data-id=\"cd2bab3\" data-element_type=\"widget\" data-widget_type=\"heading.default\">\r\n\t\t\t\t<div class=\"elementor-widget-container\">\r\n\t\t\t<h2 class=\"elementor-heading-title elementor-size-default\"><a href=\"https:\/\/www.srtbizerte.com.tn\/wp-content\/uploads\/2025\/01\/\u0645\u0646\u0627\u0638\u0631\u0629-\u0627\u0646\u062a\u062f\u0627\u0628-\u062e\u0627\u0631\u062c\u064a-\u0639\u0631\u0636-\u0634\u063a\u0644-\u0639\u062f\u062f-03-2024-\u0628\u062e\u0635\u0648\u0635-\u0627\u0646\u062a\u062f\u0627\u0628-\u0645\u0647\u0646\u062f\u0633-\u0641\u064a-\u0627\u0644\u0625\u0639\u0644\u0627\u0645\u064a\u0629-1.pdf\">Concours de recrutement externe, offre d'emploi num\u00e9ro 03-2024 concernant le recrutement d'un ing\u00e9nieur en informatique <\/a><\/h2>\t\t<\/div>\r\n\t\t\t\t<\/div>\r\n\t\t\t\t<div class=\"elementor-element elementor-element-0fcee4c elementor-widget elementor-widget-heading\" data-id=\"0fcee4c\" data-element_type=\"widget\" data-widget_type=\"heading.default\">\r\n\t\t\t\t<div class=\"elementor-widget-container\">\r\n\t\t\t<h2 class=\"elementor-heading-title elementor-size-default\"><a href=\"https:\/\/www.srtbizerte.com.tn\/wp-content\/uploads\/2025\/01\/\u0645\u0646\u0627\u0638\u0631\u0629-\u0627\u0646\u062a\u062f\u0627\u0628-\u062e\u0627\u0631\u062c\u064a-\u0639\u0631\u0636-\u0634\u063a\u0644-\u0639\u062f\u062f-04-2024-\u0628\u062e\u0635\u0648\u0635-\u0627\u0646\u062a\u062f\u0627\u0628-\u0633\u0648\u0627\u0642-1.pdf\">Concours de recrutement externe, offre d'emploi num\u00e9ro 04-2024 concernant le recrutement d'un chauffeur<\/a><\/h2>\t\t<\/div>\r\n\t\t\t\t<\/div>\r\n\t\t\t\t<div class=\"elementor-element elementor-element-aa30d6a elementor-widget elementor-widget-heading\" data-id=\"aa30d6a\" data-element_type=\"widget\" data-widget_type=\"heading.default\">\r\n\t\t\t\t<div class=\"elementor-widget-container\">\r\n\t\t\t<h2 class=\"elementor-heading-title elementor-size-default\"><a href=\"https:\/\/www.srtbizerte.com.tn\/wp-content\/uploads\/2025\/01\/\u0645\u0646\u0627\u0638\u0631\u0629-\u0627\u0646\u062a\u062f\u0627\u0628-\u062e\u0627\u0631\u062c\u064a-\u0639\u0631\u0636-\u0634\u063a\u0644-\u0639\u062f\u062f-01-2024-\u0628\u062e\u0635\u0648\u0635-\u0627\u0646\u062a\u062f\u0627\u0628-\u0623\u0639\u0648\u0627\u0646-\u062a\u0642\u0646\u064a\u064a\u0646-1.pdf\">Concours de recrutement externe, offre d'emploi n\u00b0 01-2024 concernant le recrutement de personnel technique<\/a><\/h2>\t\t<\/div>\r\n\t\t\t\t<\/div>\r\n\t\t\t\t\t<\/div>\r\n\t\t<\/div>\r\n\t\t\t\t\t\t\t<\/div>\r\n\t\t<\/section>\r\n\t\t\t\t\t\t\t<\/div>\r\n\t\t","protected":false},"excerpt":{"rendered":"<p>Annonce Liste des candidats admis \u00e0 l&rsquo;\u00e9preuve pratique de recrutement des ouvriers (s\u00e9curit\u00e9, nettoyage et travaux) OU-01-2024 Liste initiale des candidats admis \u00e0 l&rsquo;\u00e9preuve pratique &#8211; Concours de recrutement d&rsquo;agents techniques sp\u00e9cialis\u00e9s en m\u00e9canique AQ1-24 Concours externe pour le recrutement d\u2019un ing\u00e9nieur informatique, d\u2019agents techniques en m\u00e9canique et man\u0153uvre en nettoyage Concours externe pour le <\/p>\n","protected":false},"author":1,"featured_media":0,"parent":0,"menu_order":0,"comment_status":"closed","ping_status":"closed","template":"","meta":{"footnotes":""},"class_list":["post-4803","page","type-page","status-publish","hentry"],"yoast_head":"<!-- This site is optimized with the Yoast SEO plugin v24.6 - https:\/\/yoast.com\/wordpress\/plugins\/seo\/ -->\n<title>Offres d&#039;emploi - SRTB<\/title>\n<meta name=\"robots\" content=\"noindex, follow, max-snippet:-1, max-image-preview:large, max-video-preview:-1\" \/>\n<meta property=\"og:locale\" content=\"fr_FR\" \/>\n<meta property=\"og:type\" content=\"article\" \/>\n<meta property=\"og:title\" content=\"Offres d&#039;emploi\" \/>\n<meta property=\"og:description\" content=\"Annonce Liste des candidats admis \u00e0 l&rsquo;\u00e9preuve pratique de recrutement des ouvriers (s\u00e9curit\u00e9, nettoyage et travaux) OU-01-2024 Liste initiale des candidats admis \u00e0 l&rsquo;\u00e9preuve pratique &#8211; Concours de recrutement d&rsquo;agents techniques sp\u00e9cialis\u00e9s en m\u00e9canique AQ1-24 Concours externe pour le recrutement d\u2019un ing\u00e9nieur informatique, d\u2019agents techniques en m\u00e9canique et man\u0153uvre en nettoyage Concours externe pour le\" \/>\n<meta property=\"og:url\" content=\"https:\/\/www.srtbizerte.com.tn\/?page_id=4803&amp;lang=fr\" \/>\n<meta property=\"og:site_name\" content=\"SRTB\" \/>\n<meta property=\"article:modified_time\" content=\"2026-02-26T13:04:14+00:00\" \/>\n<meta name=\"twitter:card\" content=\"summary_large_image\" \/>\n<meta name=\"twitter:label1\" content=\"Est. reading time\" \/>\n\t<meta name=\"twitter:data1\" content=\"1 minute\" \/>\n<script type=\"application\/ld+json\" class=\"yoast-schema-graph\">{\"@context\":\"https:\/\/schema.org\",\"@graph\":[{\"@type\":\"WebPage\",\"@id\":\"https:\/\/www.srtbizerte.com.tn\/?page_id=4803&lang=fr\",\"url\":\"https:\/\/www.srtbizerte.com.tn\/?page_id=4803&lang=fr\",\"name\":\"[:fr]Offres d'emploi[:ar]Offres d'emploi[:] - SRTB\",\"isPartOf\":{\"@id\":\"https:\/\/www.srtbizerte.com.tn\/#website\"},\"datePublished\":\"2024-06-06T11:31:26+00:00\",\"dateModified\":\"2026-02-26T13:04:14+00:00\",\"breadcrumb\":{\"@id\":\"https:\/\/www.srtbizerte.com.tn\/?page_id=4803&lang=fr#breadcrumb\"},\"inLanguage\":\"fr\",\"potentialAction\":[{\"@type\":\"ReadAction\",\"target\":[\"https:\/\/www.srtbizerte.com.tn\/?page_id=4803&lang=fr\"]}]},{\"@type\":\"BreadcrumbList\",\"@id\":\"https:\/\/www.srtbizerte.com.tn\/?page_id=4803&lang=fr#breadcrumb\",\"itemListElement\":[{\"@type\":\"ListItem\",\"position\":1,\"name\":\"Home\",\"item\":\"https:\/\/www.srtbizerte.com.tn\/?page_id=4080&lang=ar\"},{\"@type\":\"ListItem\",\"position\":2,\"name\":\"Offres d&#8217;emploi\"}]},{\"@type\":\"WebSite\",\"@id\":\"https:\/\/www.srtbizerte.com.tn\/#website\",\"url\":\"https:\/\/www.srtbizerte.com.tn\/\",\"name\":\"SRTB\",\"description\":\"SRTB\",\"potentialAction\":[{\"@type\":\"SearchAction\",\"target\":{\"@type\":\"EntryPoint\",\"urlTemplate\":\"https:\/\/www.srtbizerte.com.tn\/?s={search_term_string}\"},\"query-input\":{\"@type\":\"PropertyValueSpecification\",\"valueRequired\":true,\"valueName\":\"search_term_string\"}}],\"inLanguage\":\"fr\"}]}<\/script>\n<!-- \/ Yoast SEO plugin. -->","yoast_head_json":{"title":"Offres d'emploi - SRTB","robots":{"index":"noindex","follow":"follow","max-snippet":"max-snippet:-1","max-image-preview":"max-image-preview:large","max-video-preview":"max-video-preview:-1"},"og_locale":"fr_FR","og_type":"article","og_title":"[:fr]Offres d'emploi[:ar]Offres d'emploi[:] - SRTB","og_description":"Annonce Liste des candidats admis \u00e0 l&rsquo;\u00e9preuve pratique de recrutement des ouvriers (s\u00e9curit\u00e9, nettoyage et travaux) OU-01-2024 Liste initiale des candidats admis \u00e0 l&rsquo;\u00e9preuve pratique &#8211; Concours de recrutement d&rsquo;agents techniques sp\u00e9cialis\u00e9s en m\u00e9canique AQ1-24 Concours externe pour le recrutement d\u2019un ing\u00e9nieur informatique, d\u2019agents techniques en m\u00e9canique et man\u0153uvre en nettoyage Concours externe pour le","og_url":"https:\/\/www.srtbizerte.com.tn\/?page_id=4803&lang=fr","og_site_name":"SRTB","article_modified_time":"2026-02-26T13:04:14+00:00","twitter_card":"summary_large_image","twitter_misc":{"Est. reading time":"1 minute"},"schema":{"@context":"https:\/\/schema.org","@graph":[{"@type":"WebPage","@id":"https:\/\/www.srtbizerte.com.tn\/?page_id=4803&lang=fr","url":"https:\/\/www.srtbizerte.com.tn\/?page_id=4803&lang=fr","name":"[:fr]Offres d'emploi[:ar]Offres d'emploi[:] - SRTB","isPartOf":{"@id":"https:\/\/www.srtbizerte.com.tn\/#website"},"datePublished":"2024-06-06T11:31:26+00:00","dateModified":"2026-02-26T13:04:14+00:00","breadcrumb":{"@id":"https:\/\/www.srtbizerte.com.tn\/?page_id=4803&lang=fr#breadcrumb"},"inLanguage":"fr","potentialAction":[{"@type":"ReadAction","target":["https:\/\/www.srtbizerte.com.tn\/?page_id=4803&lang=fr"]}]},{"@type":"BreadcrumbList","@id":"https:\/\/www.srtbizerte.com.tn\/?page_id=4803&lang=fr#breadcrumb","itemListElement":[{"@type":"ListItem","position":1,"name":"Home","item":"https:\/\/www.srtbizerte.com.tn\/?page_id=4080&lang=ar"},{"@type":"ListItem","position":2,"name":"Offres d&#8217;emploi"}]},{"@type":"WebSite","@id":"https:\/\/www.srtbizerte.com.tn\/#website","url":"https:\/\/www.srtbizerte.com.tn\/","name":"SRTB","description":"SRTB","potentialAction":[{"@type":"SearchAction","target":{"@type":"EntryPoint","urlTemplate":"https:\/\/www.srtbizerte.com.tn\/?s={search_term_string}"},"query-input":{"@type":"PropertyValueSpecification","valueRequired":true,"valueName":"search_term_string"}}],"inLanguage":"fr"}]}},"_links":{"self":[{"href":"https:\/\/www.srtbizerte.com.tn\/index.php?rest_route=\/wp\/v2\/pages\/4803","targetHints":{"allow":["GET"]}}],"collection":[{"href":"https:\/\/www.srtbizerte.com.tn\/index.php?rest_route=\/wp\/v2\/pages"}],"about":[{"href":"https:\/\/www.srtbizerte.com.tn\/index.php?rest_route=\/wp\/v2\/types\/page"}],"author":[{"embeddable":true,"href":"https:\/\/www.srtbizerte.com.tn\/index.php?rest_route=\/wp\/v2\/users\/1"}],"replies":[{"embeddable":true,"href":"https:\/\/www.srtbizerte.com.tn\/index.php?rest_route=%2Fwp%2Fv2%2Fcomments&post=4803"}],"version-history":[{"count":38,"href":"https:\/\/www.srtbizerte.com.tn\/index.php?rest_route=\/wp\/v2\/pages\/4803\/revisions"}],"predecessor-version":[{"id":8328,"href":"https:\/\/www.srtbizerte.com.tn\/index.php?rest_route=\/wp\/v2\/pages\/4803\/revisions\/8328"}],"wp:attachment":[{"href":"https:\/\/www.srtbizerte.com.tn\/index.php?rest_route=%2Fwp%2Fv2%2Fmedia&parent=4803"}],"curies":[{"name":"wp","href":"https:\/\/api.w.org\/{rel}","templated":true}]}}