{"id":4800,"date":"2024-06-06T11:30:43","date_gmt":"2024-06-06T11:30:43","guid":{"rendered":"https:\/\/amilcar-online.com\/ISEAHT\/?page_id=4800"},"modified":"2025-12-12T16:33:36","modified_gmt":"2025-12-12T16:33:36","slug":"appel-doffres","status":"publish","type":"page","link":"https:\/\/www.srtbizerte.com.tn\/?page_id=4800&lang=fr","title":{"rendered":"Appel d&rsquo;offres"},"content":{"rendered":"\t\t<div data-elementor-type=\"wp-page\" data-elementor-id=\"4800\" class=\"elementor elementor-4800\">\r\n\t\t\t\t\t\t\t\t\t<section class=\"elementor-section elementor-top-section elementor-element elementor-element-5ae76cb elementor-section-boxed elementor-section-height-default elementor-section-height-default\" data-id=\"5ae76cb\" data-element_type=\"section\">\r\n\t\t\t\t\t\t<div class=\"elementor-container elementor-column-gap-default\">\r\n\t\t\t\t\t<div class=\"elementor-column elementor-col-100 elementor-top-column elementor-element elementor-element-cf0b155\" data-id=\"cf0b155\" data-element_type=\"column\">\r\n\t\t\t<div class=\"elementor-widget-wrap elementor-element-populated\">\r\n\t\t\t\t\t\t\t\t<div class=\"elementor-element elementor-element-a4511e6 elementor-widget elementor-widget-text-editor\" data-id=\"a4511e6\" data-element_type=\"widget\" data-widget_type=\"text-editor.default\">\r\n\t\t\t\t<div class=\"elementor-widget-container\">\r\n\t\t\t<style>\/*! elementor - v3.13.3 - 28-05-2023 *\/\r\n.elementor-widget-text-editor.elementor-drop-cap-view-stacked .elementor-drop-cap{background-color:#69727d;color:#fff}.elementor-widget-text-editor.elementor-drop-cap-view-framed .elementor-drop-cap{color:#69727d;border:3px solid;background-color:transparent}.elementor-widget-text-editor:not(.elementor-drop-cap-view-default) .elementor-drop-cap{margin-top:8px}.elementor-widget-text-editor:not(.elementor-drop-cap-view-default) .elementor-drop-cap-letter{width:1em;height:1em}.elementor-widget-text-editor .elementor-drop-cap{float:left;text-align:center;line-height:1;font-size:50px}.elementor-widget-text-editor .elementor-drop-cap-letter{display:inline-block}<\/style>\t\t\t\t<p><a href=\"https:\/\/www.srtbizerte.com.tn\/wp-content\/uploads\/2025\/12\/\u0625\u0639\u0644\u0627\u0646-\u0639\u0646-\u0646\u062a\u064a\u062c\u0629-\u0627\u0644\u0627\u0633\u062a\u0634\u0627\u0631\u0629-\u0639\u062f\u062f01-_2025.pdf\"><strong>Annonce des r\u00e9sultats de la consultation n\u00b0 01\/2025 relative \u00e0 la nomination du commissaire aux comptes de la Soci\u00e9t\u00e9 r\u00e9gionale des transports de Bizerte pour les ann\u00e9es 2025, 2026 et 2027<\/strong><\/a><\/p>\t\t\t\t\t\t<\/div>\r\n\t\t\t\t<\/div>\r\n\t\t\t\t\t<\/div>\r\n\t\t<\/div>\r\n\t\t\t\t\t\t\t<\/div>\r\n\t\t<\/section>\r\n\t\t\t\t<section class=\"elementor-section elementor-top-section elementor-element elementor-element-bfa58e1 elementor-section-boxed elementor-section-height-default elementor-section-height-default\" data-id=\"bfa58e1\" data-element_type=\"section\">\r\n\t\t\t\t\t\t<div class=\"elementor-container elementor-column-gap-default\">\r\n\t\t\t\t\t<div class=\"elementor-column elementor-col-100 elementor-top-column elementor-element elementor-element-1b67db8\" data-id=\"1b67db8\" data-element_type=\"column\">\r\n\t\t\t<div class=\"elementor-widget-wrap elementor-element-populated\">\r\n\t\t\t\t\t\t\t\t<div class=\"elementor-element elementor-element-50569b5 elementor-widget elementor-widget-text-editor\" data-id=\"50569b5\" data-element_type=\"widget\" data-widget_type=\"text-editor.default\">\r\n\t\t\t\t<div class=\"elementor-widget-container\">\r\n\t\t\t\t\t\t\t<p style=\"text-align: left;\"><a href=\"https:\/\/www.srtbizerte.com.tn\/wp-content\/uploads\/2025\/04\/002.AviscommissaireFR_2025_2026_2027.pdf\"><span style=\"color: #ff6600;\"><strong>Consultation N\u00b0 01\/2025 pour la d\u00e9signation d&rsquo;un commissaire aux comptes pour les ann\u00e9es 2025-2026-2027<\/strong><\/span><\/a><\/p>\t\t\t\t\t\t<\/div>\r\n\t\t\t\t<\/div>\r\n\t\t\t\t\t<\/div>\r\n\t\t<\/div>\r\n\t\t\t\t\t\t\t<\/div>\r\n\t\t<\/section>\r\n\t\t\t\t<section class=\"elementor-section elementor-top-section elementor-element elementor-element-d60801c elementor-section-boxed elementor-section-height-default elementor-section-height-default\" data-id=\"d60801c\" data-element_type=\"section\">\r\n\t\t\t\t\t\t<div class=\"elementor-container elementor-column-gap-default\">\r\n\t\t\t\t\t<div class=\"elementor-column elementor-col-100 elementor-top-column elementor-element elementor-element-f061f66\" data-id=\"f061f66\" data-element_type=\"column\">\r\n\t\t\t<div class=\"elementor-widget-wrap elementor-element-populated\">\r\n\t\t\t\t\t\t\t\t<div class=\"elementor-element elementor-element-7462a0a elementor-widget elementor-widget-text-editor\" data-id=\"7462a0a\" data-element_type=\"widget\" data-widget_type=\"text-editor.default\">\r\n\t\t\t\t<div class=\"elementor-widget-container\">\r\n\t\t\t\t\t\t\t<p style=\"text-align: left;\"><a href=\"https:\/\/www.srtbizerte.com.tn\/wp-content\/uploads\/2025\/06\/\u0625\u0639\u0644\u0627\u0646-\u0644\u0644\u0639\u0645\u0648\u0645-_\u062c\u0648\u0627\u0646-2025.pdf\"><span style=\"color: #ff6600;\"><strong>Annonce publique concernant un appel d&rsquo;offre public<\/span><\/a><\/p>\t\t\t\t\t\t<\/div>\r\n\t\t\t\t<\/div>\r\n\t\t\t\t\t<\/div>\r\n\t\t<\/div>\r\n\t\t\t\t\t\t\t<\/div>\r\n\t\t<\/section>\r\n\t\t\t\t\t\t\t<\/div>\r\n\t\t","protected":false},"excerpt":{"rendered":"<p>Annonce des r\u00e9sultats de la consultation n\u00b0 01\/2025 relative \u00e0 la nomination du commissaire aux comptes de la Soci\u00e9t\u00e9 r\u00e9gionale des transports de Bizerte pour les ann\u00e9es 2025, 2026 et 2027 Consultation N\u00b0 01\/2025 pour la d\u00e9signation d&rsquo;un commissaire aux comptes pour les ann\u00e9es 2025-2026-2027 Annonce publique concernant un appel d&rsquo;offre public<\/p>\n","protected":false},"author":1,"featured_media":0,"parent":0,"menu_order":0,"comment_status":"closed","ping_status":"closed","template":"","meta":{"footnotes":""},"class_list":["post-4800","page","type-page","status-publish","hentry"],"yoast_head":"<!-- This site is optimized with the Yoast SEO plugin v24.6 - https:\/\/yoast.com\/wordpress\/plugins\/seo\/ -->\n<title>Appel d&#039;offres - SRTB<\/title>\n<meta name=\"robots\" content=\"noindex, follow, max-snippet:-1, max-image-preview:large, max-video-preview:-1\" \/>\n<meta property=\"og:locale\" content=\"fr_FR\" \/>\n<meta property=\"og:type\" content=\"article\" \/>\n<meta property=\"og:title\" content=\"Appel d&#039;offres\" \/>\n<meta property=\"og:description\" content=\"Annonce des r\u00e9sultats de la consultation n\u00b0 01\/2025 relative \u00e0 la nomination du commissaire aux comptes de la Soci\u00e9t\u00e9 r\u00e9gionale des transports de Bizerte pour les ann\u00e9es 2025, 2026 et 2027 Consultation N\u00b0 01\/2025 pour la d\u00e9signation d&rsquo;un commissaire aux comptes pour les ann\u00e9es 2025-2026-2027 Annonce publique concernant un appel d&rsquo;offre public\" \/>\n<meta property=\"og:url\" content=\"https:\/\/www.srtbizerte.com.tn\/?page_id=4800&amp;lang=fr\" \/>\n<meta property=\"og:site_name\" content=\"SRTB\" \/>\n<meta property=\"article:modified_time\" content=\"2025-12-12T16:33:36+00:00\" \/>\n<meta name=\"twitter:card\" content=\"summary_large_image\" \/>\n<meta name=\"twitter:label1\" content=\"Est. reading time\" \/>\n\t<meta name=\"twitter:data1\" content=\"1 minute\" \/>\n<script type=\"application\/ld+json\" class=\"yoast-schema-graph\">{\"@context\":\"https:\/\/schema.org\",\"@graph\":[{\"@type\":\"WebPage\",\"@id\":\"https:\/\/www.srtbizerte.com.tn\/?page_id=4800&lang=fr\",\"url\":\"https:\/\/www.srtbizerte.com.tn\/?page_id=4800&lang=fr\",\"name\":\"[:fr]Appel d'offres[:] - SRTB\",\"isPartOf\":{\"@id\":\"https:\/\/www.srtbizerte.com.tn\/#website\"},\"datePublished\":\"2024-06-06T11:30:43+00:00\",\"dateModified\":\"2025-12-12T16:33:36+00:00\",\"breadcrumb\":{\"@id\":\"https:\/\/www.srtbizerte.com.tn\/?page_id=4800&lang=fr#breadcrumb\"},\"inLanguage\":\"fr\",\"potentialAction\":[{\"@type\":\"ReadAction\",\"target\":[\"https:\/\/www.srtbizerte.com.tn\/?page_id=4800&lang=fr\"]}]},{\"@type\":\"BreadcrumbList\",\"@id\":\"https:\/\/www.srtbizerte.com.tn\/?page_id=4800&lang=fr#breadcrumb\",\"itemListElement\":[{\"@type\":\"ListItem\",\"position\":1,\"name\":\"Home\",\"item\":\"https:\/\/www.srtbizerte.com.tn\/?page_id=4080&lang=ar\"},{\"@type\":\"ListItem\",\"position\":2,\"name\":\"Appel d&rsquo;offres\"}]},{\"@type\":\"WebSite\",\"@id\":\"https:\/\/www.srtbizerte.com.tn\/#website\",\"url\":\"https:\/\/www.srtbizerte.com.tn\/\",\"name\":\"SRTB\",\"description\":\"SRTB\",\"potentialAction\":[{\"@type\":\"SearchAction\",\"target\":{\"@type\":\"EntryPoint\",\"urlTemplate\":\"https:\/\/www.srtbizerte.com.tn\/?s={search_term_string}\"},\"query-input\":{\"@type\":\"PropertyValueSpecification\",\"valueRequired\":true,\"valueName\":\"search_term_string\"}}],\"inLanguage\":\"fr\"}]}<\/script>\n<!-- \/ Yoast SEO plugin. -->","yoast_head_json":{"title":"Appel d'offres - SRTB","robots":{"index":"noindex","follow":"follow","max-snippet":"max-snippet:-1","max-image-preview":"max-image-preview:large","max-video-preview":"max-video-preview:-1"},"og_locale":"fr_FR","og_type":"article","og_title":"[:fr]Appel d'offres[:] - SRTB","og_description":"Annonce des r\u00e9sultats de la consultation n\u00b0 01\/2025 relative \u00e0 la nomination du commissaire aux comptes de la Soci\u00e9t\u00e9 r\u00e9gionale des transports de Bizerte pour les ann\u00e9es 2025, 2026 et 2027 Consultation N\u00b0 01\/2025 pour la d\u00e9signation d&rsquo;un commissaire aux comptes pour les ann\u00e9es 2025-2026-2027 Annonce publique concernant un appel d&rsquo;offre public","og_url":"https:\/\/www.srtbizerte.com.tn\/?page_id=4800&lang=fr","og_site_name":"SRTB","article_modified_time":"2025-12-12T16:33:36+00:00","twitter_card":"summary_large_image","twitter_misc":{"Est. reading time":"1 minute"},"schema":{"@context":"https:\/\/schema.org","@graph":[{"@type":"WebPage","@id":"https:\/\/www.srtbizerte.com.tn\/?page_id=4800&lang=fr","url":"https:\/\/www.srtbizerte.com.tn\/?page_id=4800&lang=fr","name":"[:fr]Appel d'offres[:] - SRTB","isPartOf":{"@id":"https:\/\/www.srtbizerte.com.tn\/#website"},"datePublished":"2024-06-06T11:30:43+00:00","dateModified":"2025-12-12T16:33:36+00:00","breadcrumb":{"@id":"https:\/\/www.srtbizerte.com.tn\/?page_id=4800&lang=fr#breadcrumb"},"inLanguage":"fr","potentialAction":[{"@type":"ReadAction","target":["https:\/\/www.srtbizerte.com.tn\/?page_id=4800&lang=fr"]}]},{"@type":"BreadcrumbList","@id":"https:\/\/www.srtbizerte.com.tn\/?page_id=4800&lang=fr#breadcrumb","itemListElement":[{"@type":"ListItem","position":1,"name":"Home","item":"https:\/\/www.srtbizerte.com.tn\/?page_id=4080&lang=ar"},{"@type":"ListItem","position":2,"name":"Appel d&rsquo;offres"}]},{"@type":"WebSite","@id":"https:\/\/www.srtbizerte.com.tn\/#website","url":"https:\/\/www.srtbizerte.com.tn\/","name":"SRTB","description":"SRTB","potentialAction":[{"@type":"SearchAction","target":{"@type":"EntryPoint","urlTemplate":"https:\/\/www.srtbizerte.com.tn\/?s={search_term_string}"},"query-input":{"@type":"PropertyValueSpecification","valueRequired":true,"valueName":"search_term_string"}}],"inLanguage":"fr"}]}},"_links":{"self":[{"href":"https:\/\/www.srtbizerte.com.tn\/index.php?rest_route=\/wp\/v2\/pages\/4800","targetHints":{"allow":["GET"]}}],"collection":[{"href":"https:\/\/www.srtbizerte.com.tn\/index.php?rest_route=\/wp\/v2\/pages"}],"about":[{"href":"https:\/\/www.srtbizerte.com.tn\/index.php?rest_route=\/wp\/v2\/types\/page"}],"author":[{"embeddable":true,"href":"https:\/\/www.srtbizerte.com.tn\/index.php?rest_route=\/wp\/v2\/users\/1"}],"replies":[{"embeddable":true,"href":"https:\/\/www.srtbizerte.com.tn\/index.php?rest_route=%2Fwp%2Fv2%2Fcomments&post=4800"}],"version-history":[{"count":64,"href":"https:\/\/www.srtbizerte.com.tn\/index.php?rest_route=\/wp\/v2\/pages\/4800\/revisions"}],"predecessor-version":[{"id":8267,"href":"https:\/\/www.srtbizerte.com.tn\/index.php?rest_route=\/wp\/v2\/pages\/4800\/revisions\/8267"}],"wp:attachment":[{"href":"https:\/\/www.srtbizerte.com.tn\/index.php?rest_route=%2Fwp%2Fv2%2Fmedia&parent=4800"}],"curies":[{"name":"wp","href":"https:\/\/api.w.org\/{rel}","templated":true}]}}