{"id":4416,"date":"2024-06-05T09:01:08","date_gmt":"2024-06-05T09:01:08","guid":{"rendered":"https:\/\/amilcar-online.com\/ISEAHT\/?page_id=4416"},"modified":"2025-05-02T11:12:25","modified_gmt":"2025-05-02T11:12:25","slug":"%d8%a5%d8%b9%d9%84%d8%a7%d9%86%d8%a7%d8%aa-%d9%85%d8%aa%d9%81%d8%b1%d9%82%d8%a9","status":"publish","type":"page","link":"https:\/\/www.srtbizerte.com.tn\/?page_id=4416&lang=ar","title":{"rendered":"\u0625\u0639\u0644\u0627\u0646\u0627\u062a \u0645\u062a\u0641\u0631\u0642\u0629"},"content":{"rendered":"<p>Le Ministre des Transports, Rabie Majidi,.<br \/>\n\t\t\t\t\t\t\t\t\t\t<\/a><br \/>\n\t\t\t\t\t\t\t\t\t<\/h5>\n<p>\n\t\t\t\t\t\t\t\t\t\t\tDans le cadre d&rsquo;entrevoir de nouvelles possibilit\u00e9s de prospective dans le secteur des transports et de l&rsquo;ouverture du minist\u00e8re aux.\n\t\t\t\t\t\t\t\t\t\t<\/p>\n<p>\t\t\t\t\t\t\t\t\t<a href=\"https:\/\/www.srtbizerte.com.tn\/?p=3763\"><br \/>\n\t\t\t\t\t\t\t\t\t\tRead More<br \/>\n\t\t\t\t\t\t\t\t\t<\/a><br \/>\n\t\t\t\t\t\t\t\t\t<a href=\"https:\/\/www.srtbizerte.com.tn\/?p=3757\"><br \/>\n\t\t\t\t\t\t\t\t\t<img width=\"555\" height=\"400\" src=\"https:\/\/www.srtbizerte.com.tn\/wp-content\/uploads\/2024\/04\/actualite-555x400.jpg\" alt=\"\" decoding=\"async\" loading=\"lazy\" \/><br \/>\n\t\t\t\t\t\t\t\t<\/a> <\/p>\n<ul>\n<li>\n\t\t\t\t\t\t\t\t\t\t\t\tAvr 16, 2024\n\t\t\t\t\t\t\t\t\t\t\t<\/li>\n<\/ul>\n<h5>\n\t\t\t\t\t\t\t\t\t\t<a href=\"https:\/\/www.srtbizerte.com.tn\/?p=3757\"><br \/>\n\t\t\t\t\t\t\t\t\t\t\tLA MINISTRE DE L\u2019\u00c9QUIPEMENT MET EN.<br \/>\n\t\t\t\t\t\t\t\t\t\t<\/a><br \/>\n\t\t\t\t\t\t\t\t\t<\/h5>\n<p>\n\t\t\t\t\t\t\t\t\t\t\tLa ministre de l\u2019\u00c9quipement et de l\u2019Habitat, Sarra Za\u00e2frani Zenzeri, a dirig\u00e9 une r\u00e9union ce mardi 16 avril pour discuter.\n\t\t\t\t\t\t\t\t\t\t<\/p>\n<p>\t\t\t\t\t\t\t\t\t<a href=\"https:\/\/www.srtbizerte.com.tn\/?p=3757\"><br \/>\n\t\t\t\t\t\t\t\t\t\tRead More<br \/>\n\t\t\t\t\t\t\t\t\t<\/a><br \/>\n\t\t\t\t\t\t\t\t\t<a href=\"https:\/\/www.srtbizerte.com.tn\/?p=7894\"><br \/>\n\t\t\t\t\t\t\t\t\t<img width=\"555\" height=\"400\" src=\"https:\/\/www.srtbizerte.com.tn\/wp-content\/uploads\/2025\/05\/WhatsApp-Image-2025-05-02-at-10.02.25-AM-555x400.jpeg\" alt=\"\" decoding=\"async\" loading=\"lazy\" \/><br \/>\n\t\t\t\t\t\t\t\t<\/a> <\/p>\n<ul>\n<li>\n\t\t\t\t\t\t\t\t\t\t\t\tMai 2, 2025\n\t\t\t\t\t\t\t\t\t\t\t<\/li>\n<\/ul>\n<h5>\n\t\t\t\t\t\t\t\t\t\t<a href=\"https:\/\/www.srtbizerte.com.tn\/?p=7894\"><br \/>\n\t\t\t\t\t\t\t\t\t\t\tLa Soci\u00e9t\u00e9 R\u00e9gionale de Transport de.<br \/>\n\t\t\t\t\t\t\t\t\t\t<\/a><br \/>\n\t\t\t\t\t\t\t\t\t<\/h5>\n<p>\n\t\t\t\t\t\t\t\t\t\t\tDans le cadre du d\u00e9veloppement du r\u00e9seau de transport public dans la r\u00e9gion de Bizerte et de son int\u00e9gration optimale.\n\t\t\t\t\t\t\t\t\t\t<\/p>\n<p>\t\t\t\t\t\t\t\t\t<a href=\"https:\/\/www.srtbizerte.com.tn\/?p=7894\"><br \/>\n\t\t\t\t\t\t\t\t\t\tRead More<br \/>\n\t\t\t\t\t\t\t\t\t<\/a><br \/>\n<\/section>\n<p><!-- Created with Elementor --><\/p>\n","protected":false},"excerpt":{"rendered":"<p>Le Ministre des Transports, Rabie Majidi,. Dans le cadre d&rsquo;entrevoir de nouvelles possibilit\u00e9s de prospective dans le secteur des transports et de l&rsquo;ouverture du minist\u00e8re aux. Read More Avr 16, 2024 LA MINISTRE DE L\u2019\u00c9QUIPEMENT MET EN. La ministre de l\u2019\u00c9quipement et de l\u2019Habitat, Sarra Za\u00e2frani Zenzeri, a dirig\u00e9 une r\u00e9union ce mardi 16 avril <\/p>\n","protected":false},"author":1,"featured_media":0,"parent":0,"menu_order":0,"comment_status":"closed","ping_status":"closed","template":"","meta":{"footnotes":""},"class_list":["post-4416","page","type-page","status-publish","hentry"],"yoast_head":"<!-- This site is optimized with the Yoast SEO plugin v24.6 - https:\/\/yoast.com\/wordpress\/plugins\/seo\/ -->\n<title>\u0625\u0639\u0644\u0627\u0646\u0627\u062a \u0645\u062a\u0641\u0631\u0642\u0629 - SRTB<\/title>\n<meta name=\"robots\" content=\"noindex, follow, max-snippet:-1, max-image-preview:large, max-video-preview:-1\" \/>\n<meta property=\"og:locale\" content=\"fr_FR\" \/>\n<meta property=\"og:type\" content=\"article\" \/>\n<meta property=\"og:title\" content=\"\u0625\u0639\u0644\u0627\u0646\u0627\u062a \u0645\u062a\u0641\u0631\u0642\u0629\" \/>\n<meta property=\"og:description\" content=\"Le Ministre des Transports, Rabie Majidi,. Dans le cadre d&rsquo;entrevoir de nouvelles possibilit\u00e9s de prospective dans le secteur des transports et de l&rsquo;ouverture du minist\u00e8re aux. Read More Avr 16, 2024 LA MINISTRE DE L\u2019\u00c9QUIPEMENT MET EN. La ministre de l\u2019\u00c9quipement et de l\u2019Habitat, Sarra Za\u00e2frani Zenzeri, a dirig\u00e9 une r\u00e9union ce mardi 16 avril\" \/>\n<meta property=\"og:url\" content=\"https:\/\/www.srtbizerte.com.tn\/?page_id=4416&amp;lang=ar\" \/>\n<meta property=\"og:site_name\" content=\"SRTB\" \/>\n<meta property=\"article:modified_time\" content=\"2025-05-02T11:12:25+00:00\" \/>\n<meta property=\"og:image\" content=\"https:\/\/www.srtbizerte.com.tn\/wp-content\/uploads\/2024\/04\/actualite-555x400.jpg\" \/>\n<meta name=\"twitter:card\" content=\"summary_large_image\" \/>\n<meta name=\"twitter:label1\" content=\"Est. reading time\" \/>\n\t<meta name=\"twitter:data1\" content=\"1 minute\" \/>\n<script type=\"application\/ld+json\" class=\"yoast-schema-graph\">{\"@context\":\"https:\/\/schema.org\",\"@graph\":[{\"@type\":\"WebPage\",\"@id\":\"https:\/\/www.srtbizerte.com.tn\/?page_id=4416&lang=ar\",\"url\":\"https:\/\/www.srtbizerte.com.tn\/?page_id=4416&lang=ar\",\"name\":\"[:fr]\u0625\u0639\u0644\u0627\u0646\u0627\u062a \u0645\u062a\u0641\u0631\u0642\u0629[:ar]\u0625\u0639\u0644\u0627\u0646\u0627\u062a \u0645\u062a\u0641\u0631\u0642\u0629[:] - SRTB\",\"isPartOf\":{\"@id\":\"https:\/\/www.srtbizerte.com.tn\/#website\"},\"primaryImageOfPage\":{\"@id\":\"https:\/\/www.srtbizerte.com.tn\/?page_id=4416&lang=ar#primaryimage\"},\"image\":{\"@id\":\"https:\/\/www.srtbizerte.com.tn\/?page_id=4416&lang=ar#primaryimage\"},\"thumbnailUrl\":\"https:\/\/www.srtbizerte.com.tn\/wp-content\/uploads\/2024\/04\/actualite-555x400.jpg\",\"datePublished\":\"2024-06-05T09:01:08+00:00\",\"dateModified\":\"2025-05-02T11:12:25+00:00\",\"breadcrumb\":{\"@id\":\"https:\/\/www.srtbizerte.com.tn\/?page_id=4416&lang=ar#breadcrumb\"},\"inLanguage\":\"fr\",\"potentialAction\":[{\"@type\":\"ReadAction\",\"target\":[\"https:\/\/www.srtbizerte.com.tn\/?page_id=4416&lang=ar\"]}]},{\"@type\":\"ImageObject\",\"inLanguage\":\"fr\",\"@id\":\"https:\/\/www.srtbizerte.com.tn\/?page_id=4416&lang=ar#primaryimage\",\"url\":\"https:\/\/www.srtbizerte.com.tn\/wp-content\/uploads\/2024\/04\/actualite.jpg\",\"contentUrl\":\"https:\/\/www.srtbizerte.com.tn\/wp-content\/uploads\/2024\/04\/actualite.jpg\",\"width\":2048,\"height\":1365},{\"@type\":\"BreadcrumbList\",\"@id\":\"https:\/\/www.srtbizerte.com.tn\/?page_id=4416&lang=ar#breadcrumb\",\"itemListElement\":[{\"@type\":\"ListItem\",\"position\":1,\"name\":\"Home\",\"item\":\"https:\/\/www.srtbizerte.com.tn\/?page_id=4080&lang=ar\"},{\"@type\":\"ListItem\",\"position\":2,\"name\":\"\u0625\u0639\u0644\u0627\u0646\u0627\u062a \u0645\u062a\u0641\u0631\u0642\u0629\"}]},{\"@type\":\"WebSite\",\"@id\":\"https:\/\/www.srtbizerte.com.tn\/#website\",\"url\":\"https:\/\/www.srtbizerte.com.tn\/\",\"name\":\"SRTB\",\"description\":\"SRTB\",\"potentialAction\":[{\"@type\":\"SearchAction\",\"target\":{\"@type\":\"EntryPoint\",\"urlTemplate\":\"https:\/\/www.srtbizerte.com.tn\/?s={search_term_string}\"},\"query-input\":{\"@type\":\"PropertyValueSpecification\",\"valueRequired\":true,\"valueName\":\"search_term_string\"}}],\"inLanguage\":\"fr\"}]}<\/script>\n<!-- \/ Yoast SEO plugin. -->","yoast_head_json":{"title":"\u0625\u0639\u0644\u0627\u0646\u0627\u062a \u0645\u062a\u0641\u0631\u0642\u0629 - SRTB","robots":{"index":"noindex","follow":"follow","max-snippet":"max-snippet:-1","max-image-preview":"max-image-preview:large","max-video-preview":"max-video-preview:-1"},"og_locale":"fr_FR","og_type":"article","og_title":"[:fr]\u0625\u0639\u0644\u0627\u0646\u0627\u062a \u0645\u062a\u0641\u0631\u0642\u0629[:ar]\u0625\u0639\u0644\u0627\u0646\u0627\u062a \u0645\u062a\u0641\u0631\u0642\u0629[:] - SRTB","og_description":"Le Ministre des Transports, Rabie Majidi,. Dans le cadre d&rsquo;entrevoir de nouvelles possibilit\u00e9s de prospective dans le secteur des transports et de l&rsquo;ouverture du minist\u00e8re aux. Read More Avr 16, 2024 LA MINISTRE DE L\u2019\u00c9QUIPEMENT MET EN. La ministre de l\u2019\u00c9quipement et de l\u2019Habitat, Sarra Za\u00e2frani Zenzeri, a dirig\u00e9 une r\u00e9union ce mardi 16 avril","og_url":"https:\/\/www.srtbizerte.com.tn\/?page_id=4416&lang=ar","og_site_name":"SRTB","article_modified_time":"2025-05-02T11:12:25+00:00","og_image":[{"url":"https:\/\/www.srtbizerte.com.tn\/wp-content\/uploads\/2024\/04\/actualite-555x400.jpg","type":"","width":"","height":""}],"twitter_card":"summary_large_image","twitter_misc":{"Est. reading time":"1 minute"},"schema":{"@context":"https:\/\/schema.org","@graph":[{"@type":"WebPage","@id":"https:\/\/www.srtbizerte.com.tn\/?page_id=4416&lang=ar","url":"https:\/\/www.srtbizerte.com.tn\/?page_id=4416&lang=ar","name":"[:fr]\u0625\u0639\u0644\u0627\u0646\u0627\u062a \u0645\u062a\u0641\u0631\u0642\u0629[:ar]\u0625\u0639\u0644\u0627\u0646\u0627\u062a \u0645\u062a\u0641\u0631\u0642\u0629[:] - SRTB","isPartOf":{"@id":"https:\/\/www.srtbizerte.com.tn\/#website"},"primaryImageOfPage":{"@id":"https:\/\/www.srtbizerte.com.tn\/?page_id=4416&lang=ar#primaryimage"},"image":{"@id":"https:\/\/www.srtbizerte.com.tn\/?page_id=4416&lang=ar#primaryimage"},"thumbnailUrl":"https:\/\/www.srtbizerte.com.tn\/wp-content\/uploads\/2024\/04\/actualite-555x400.jpg","datePublished":"2024-06-05T09:01:08+00:00","dateModified":"2025-05-02T11:12:25+00:00","breadcrumb":{"@id":"https:\/\/www.srtbizerte.com.tn\/?page_id=4416&lang=ar#breadcrumb"},"inLanguage":"fr","potentialAction":[{"@type":"ReadAction","target":["https:\/\/www.srtbizerte.com.tn\/?page_id=4416&lang=ar"]}]},{"@type":"ImageObject","inLanguage":"fr","@id":"https:\/\/www.srtbizerte.com.tn\/?page_id=4416&lang=ar#primaryimage","url":"https:\/\/www.srtbizerte.com.tn\/wp-content\/uploads\/2024\/04\/actualite.jpg","contentUrl":"https:\/\/www.srtbizerte.com.tn\/wp-content\/uploads\/2024\/04\/actualite.jpg","width":2048,"height":1365},{"@type":"BreadcrumbList","@id":"https:\/\/www.srtbizerte.com.tn\/?page_id=4416&lang=ar#breadcrumb","itemListElement":[{"@type":"ListItem","position":1,"name":"Home","item":"https:\/\/www.srtbizerte.com.tn\/?page_id=4080&lang=ar"},{"@type":"ListItem","position":2,"name":"\u0625\u0639\u0644\u0627\u0646\u0627\u062a \u0645\u062a\u0641\u0631\u0642\u0629"}]},{"@type":"WebSite","@id":"https:\/\/www.srtbizerte.com.tn\/#website","url":"https:\/\/www.srtbizerte.com.tn\/","name":"SRTB","description":"SRTB","potentialAction":[{"@type":"SearchAction","target":{"@type":"EntryPoint","urlTemplate":"https:\/\/www.srtbizerte.com.tn\/?s={search_term_string}"},"query-input":{"@type":"PropertyValueSpecification","valueRequired":true,"valueName":"search_term_string"}}],"inLanguage":"fr"}]}},"_links":{"self":[{"href":"https:\/\/www.srtbizerte.com.tn\/index.php?rest_route=\/wp\/v2\/pages\/4416","targetHints":{"allow":["GET"]}}],"collection":[{"href":"https:\/\/www.srtbizerte.com.tn\/index.php?rest_route=\/wp\/v2\/pages"}],"about":[{"href":"https:\/\/www.srtbizerte.com.tn\/index.php?rest_route=\/wp\/v2\/types\/page"}],"author":[{"embeddable":true,"href":"https:\/\/www.srtbizerte.com.tn\/index.php?rest_route=\/wp\/v2\/users\/1"}],"replies":[{"embeddable":true,"href":"https:\/\/www.srtbizerte.com.tn\/index.php?rest_route=%2Fwp%2Fv2%2Fcomments&post=4416"}],"version-history":[{"count":23,"href":"https:\/\/www.srtbizerte.com.tn\/index.php?rest_route=\/wp\/v2\/pages\/4416\/revisions"}],"predecessor-version":[{"id":8039,"href":"https:\/\/www.srtbizerte.com.tn\/index.php?rest_route=\/wp\/v2\/pages\/4416\/revisions\/8039"}],"wp:attachment":[{"href":"https:\/\/www.srtbizerte.com.tn\/index.php?rest_route=%2Fwp%2Fv2%2Fmedia&parent=4416"}],"curies":[{"name":"wp","href":"https:\/\/api.w.org\/{rel}","templated":true}]}}