{"id":3466,"date":"2024-02-16T16:19:01","date_gmt":"2024-02-16T16:19:01","guid":{"rendered":"https:\/\/amilcar-online.com\/ISEAHT\/?page_id=3466"},"modified":"2025-03-13T10:41:29","modified_gmt":"2025-03-13T10:41:29","slug":"abonement-scolaire","status":"publish","type":"page","link":"https:\/\/www.srtbizerte.com.tn\/?page_id=3466&lang=fr","title":{"rendered":"Abonement scolaire"},"content":{"rendered":"\t\t<div data-elementor-type=\"wp-page\" data-elementor-id=\"3466\" class=\"elementor elementor-3466\">\r\n\t\t\t\t\t\t\t\t\t<section class=\"elementor-section elementor-top-section elementor-element elementor-element-13c71b0 elementor-section-height-min-height elementor-section-stretched elementor-section-boxed elementor-section-height-default elementor-section-items-middle\" data-id=\"13c71b0\" data-element_type=\"section\" data-settings=\"{&quot;stretch_section&quot;:&quot;section-stretched&quot;}\">\r\n\t\t\t\t\t\t<div class=\"elementor-container elementor-column-gap-custom\">\r\n\t\t\t\t\t<div class=\"elementor-column elementor-col-100 elementor-top-column elementor-element elementor-element-aae5f11\" data-id=\"aae5f11\" data-element_type=\"column\">\r\n\t\t\t<div class=\"elementor-widget-wrap\">\r\n\t\t\t\t\t\t\t\t\t<\/div>\r\n\t\t<\/div>\r\n\t\t\t\t\t\t\t<\/div>\r\n\t\t<\/section>\r\n\t\t\t\t<section class=\"elementor-section elementor-top-section elementor-element elementor-element-df28e06 elementor-section-height-min-height elementor-section-stretched elementor-section-boxed elementor-section-height-default elementor-section-items-middle\" data-id=\"df28e06\" data-element_type=\"section\" data-settings=\"{&quot;stretch_section&quot;:&quot;section-stretched&quot;}\">\r\n\t\t\t\t\t\t<div class=\"elementor-container elementor-column-gap-custom\">\r\n\t\t\t\t\t<div class=\"elementor-column elementor-col-100 elementor-top-column elementor-element elementor-element-35b6848\" data-id=\"35b6848\" data-element_type=\"column\">\r\n\t\t\t<div class=\"elementor-widget-wrap\">\r\n\t\t\t\t\t\t\t\t\t<\/div>\r\n\t\t<\/div>\r\n\t\t\t\t\t\t\t<\/div>\r\n\t\t<\/section>\r\n\t\t\t\t<section class=\"elementor-section elementor-top-section elementor-element elementor-element-fc6072a elementor-section-boxed elementor-section-height-default elementor-section-height-default\" data-id=\"fc6072a\" data-element_type=\"section\">\r\n\t\t\t\t\t\t<div class=\"elementor-container elementor-column-gap-default\">\r\n\t\t\t\t\t<div class=\"elementor-column elementor-col-100 elementor-top-column elementor-element elementor-element-230edd6\" data-id=\"230edd6\" data-element_type=\"column\">\r\n\t\t\t<div class=\"elementor-widget-wrap elementor-element-populated\">\r\n\t\t\t\t\t\t\t\t<div class=\"elementor-element elementor-element-0cd5d4b elementor-widget elementor-widget-spacer\" data-id=\"0cd5d4b\" data-element_type=\"widget\" data-widget_type=\"spacer.default\">\r\n\t\t\t\t<div class=\"elementor-widget-container\">\r\n\t\t\t<style>\/*! elementor - v3.13.3 - 28-05-2023 *\/\r\n.elementor-column .elementor-spacer-inner{height:var(--spacer-size)}.e-con{--container-widget-width:100%}.e-con-inner>.elementor-widget-spacer,.e-con>.elementor-widget-spacer{width:var(--container-widget-width,var(--spacer-size));--align-self:var(--container-widget-align-self,initial);--flex-shrink:0}.e-con-inner>.elementor-widget-spacer>.elementor-widget-container,.e-con-inner>.elementor-widget-spacer>.elementor-widget-container>.elementor-spacer,.e-con>.elementor-widget-spacer>.elementor-widget-container,.e-con>.elementor-widget-spacer>.elementor-widget-container>.elementor-spacer{height:100%}.e-con-inner>.elementor-widget-spacer>.elementor-widget-container>.elementor-spacer>.elementor-spacer-inner,.e-con>.elementor-widget-spacer>.elementor-widget-container>.elementor-spacer>.elementor-spacer-inner{height:var(--container-widget-height,var(--spacer-size))}<\/style>\t\t<div class=\"elementor-spacer\">\r\n\t\t\t<div class=\"elementor-spacer-inner\"><\/div>\r\n\t\t<\/div>\r\n\t\t\t\t<\/div>\r\n\t\t\t\t<\/div>\r\n\t\t\t\t\t<\/div>\r\n\t\t<\/div>\r\n\t\t\t\t\t\t\t<\/div>\r\n\t\t<\/section>\r\n\t\t\t\t<section class=\"elementor-section elementor-top-section elementor-element elementor-element-17a96d8 elementor-section-boxed elementor-section-height-default elementor-section-height-default\" data-id=\"17a96d8\" data-element_type=\"section\">\r\n\t\t\t\t\t\t<div class=\"elementor-container elementor-column-gap-default\">\r\n\t\t\t\t\t<div class=\"elementor-column elementor-col-50 elementor-top-column elementor-element elementor-element-1bb9a90\" data-id=\"1bb9a90\" data-element_type=\"column\">\r\n\t\t\t<div class=\"elementor-widget-wrap elementor-element-populated\">\r\n\t\t\t\t\t\t\t\t<div class=\"elementor-element elementor-element-dbd610c elementor-widget__width-initial elementor-widget elementor-widget-heading\" data-id=\"dbd610c\" data-element_type=\"widget\" data-widget_type=\"heading.default\">\r\n\t\t\t\t<div class=\"elementor-widget-container\">\r\n\t\t\t<style>\/*! elementor - v3.13.3 - 28-05-2023 *\/\r\n.elementor-heading-title{padding:0;margin:0;line-height:1}.elementor-widget-heading .elementor-heading-title[class*=elementor-size-]>a{color:inherit;font-size:inherit;line-height:inherit}.elementor-widget-heading .elementor-heading-title.elementor-size-small{font-size:15px}.elementor-widget-heading .elementor-heading-title.elementor-size-medium{font-size:19px}.elementor-widget-heading .elementor-heading-title.elementor-size-large{font-size:29px}.elementor-widget-heading .elementor-heading-title.elementor-size-xl{font-size:39px}.elementor-widget-heading .elementor-heading-title.elementor-size-xxl{font-size:59px}<\/style><h5 class=\"elementor-heading-title elementor-size-default\">Vous \u00eates un \u00e9l\u00e8ve, \u00e9tudiant ou bien un apprenti, alors vous b\u00e9n\u00e9ficiez de nos tarifs scolaire\nil suffit simplement de :<\/h5>\t\t<\/div>\r\n\t\t\t\t<\/div>\r\n\t\t\t\t<div class=\"elementor-element elementor-element-26cadaa elementor-icon-list--layout-inline elementor-list-item-link-inline elementor-widget__width-initial elementor-widget elementor-widget-icon-list\" data-id=\"26cadaa\" data-element_type=\"widget\" data-widget_type=\"icon-list.default\">\r\n\t\t\t\t<div class=\"elementor-widget-container\">\r\n\t\t\t<link rel=\"stylesheet\" href=\"https:\/\/www.srtbizerte.com.tn\/wp-content\/plugins\/elementor\/assets\/css\/widget-icon-list.min.css\">\t\t<ul class=\"elementor-icon-list-items elementor-inline-items\">\r\n\t\t\t\t\t\t\t<li class=\"elementor-icon-list-item elementor-inline-item\">\r\n\t\t\t\t\t\t\t\t\t\t\t<span class=\"elementor-icon-list-icon\">\r\n\t\t\t\t\t\t\t<i aria-hidden=\"true\" class=\"fas fa-check\"><\/i>\t\t\t\t\t\t<\/span>\r\n\t\t\t\t\t\t\t\t\t\t<span class=\"elementor-icon-list-text\">Remplir la demande disponible aux diff\u00e9rents points de vente de la soci\u00e9t\u00e9 et dans certains \u00e9tablissements d\u2019enseignements tr\u00e8s prochainement .<\/span>\r\n\t\t\t\t\t\t\t\t\t<\/li>\r\n\t\t\t\t\t\t\t\t<li class=\"elementor-icon-list-item elementor-inline-item\">\r\n\t\t\t\t\t\t\t\t\t\t\t<span class=\"elementor-icon-list-icon\">\r\n\t\t\t\t\t\t\t<i aria-hidden=\"true\" class=\"fas fa-check\"><\/i>\t\t\t\t\t\t<\/span>\r\n\t\t\t\t\t\t\t\t\t\t<span class=\"elementor-icon-list-text\">Nous fournir une attestation de pr\u00e9sence, une copie de votre carte d\u2019identit\u00e9 ou celle des parents ainsi que 2 photos d\u2019identit\u00e9.<\/span>\r\n\t\t\t\t\t\t\t\t\t<\/li>\r\n\t\t\t\t\t\t\t\t<li class=\"elementor-icon-list-item elementor-inline-item\">\r\n\t\t\t\t\t\t\t\t\t\t\t<span class=\"elementor-icon-list-icon\">\r\n\t\t\t\t\t\t\t<i aria-hidden=\"true\" class=\"fas fa-check\"><\/i>\t\t\t\t\t\t<\/span>\r\n\t\t\t\t\t\t\t\t\t\t<span class=\"elementor-icon-list-text\">\u00a0Le re\u00e7u de r\u00e8glement des frais d\u2019\u00e9tudes pour les \u00e9tablissements priv\u00e9s.<\/span>\r\n\t\t\t\t\t\t\t\t\t<\/li>\r\n\t\t\t\t\t\t\t\t<li class=\"elementor-icon-list-item elementor-inline-item\">\r\n\t\t\t\t\t\t\t\t\t\t\t<span class=\"elementor-icon-list-icon\">\r\n\t\t\t\t\t\t\t<i aria-hidden=\"true\" class=\"fas fa-check\"><\/i>\t\t\t\t\t\t<\/span>\r\n\t\t\t\t\t\t\t\t\t\t<span class=\"elementor-icon-list-text\">Payer le montant conform\u00e9ment aux tarifs en vigueur .<\/span>\r\n\t\t\t\t\t\t\t\t\t<\/li>\r\n\t\t\t\t\t\t<\/ul>\r\n\t\t\t\t<\/div>\r\n\t\t\t\t<\/div>\r\n\t\t\t\t<div class=\"elementor-element elementor-element-929b3aa elementor-widget-divider--view-line elementor-widget elementor-widget-divider\" data-id=\"929b3aa\" data-element_type=\"widget\" data-widget_type=\"divider.default\">\r\n\t\t\t\t<div class=\"elementor-widget-container\">\r\n\t\t\t<style>\/*! elementor - v3.13.3 - 28-05-2023 *\/\r\n.elementor-widget-divider{--divider-border-style:none;--divider-border-width:1px;--divider-color:#0c0d0e;--divider-icon-size:20px;--divider-element-spacing:10px;--divider-pattern-height:24px;--divider-pattern-size:20px;--divider-pattern-url:none;--divider-pattern-repeat:repeat-x}.elementor-widget-divider .elementor-divider{display:flex}.elementor-widget-divider .elementor-divider__text{font-size:15px;line-height:1;max-width:95%}.elementor-widget-divider .elementor-divider__element{margin:0 var(--divider-element-spacing);flex-shrink:0}.elementor-widget-divider .elementor-icon{font-size:var(--divider-icon-size)}.elementor-widget-divider .elementor-divider-separator{display:flex;margin:0;direction:ltr}.elementor-widget-divider--view-line_icon .elementor-divider-separator,.elementor-widget-divider--view-line_text .elementor-divider-separator{align-items:center}.elementor-widget-divider--view-line_icon .elementor-divider-separator:after,.elementor-widget-divider--view-line_icon .elementor-divider-separator:before,.elementor-widget-divider--view-line_text .elementor-divider-separator:after,.elementor-widget-divider--view-line_text .elementor-divider-separator:before{display:block;content:\"\";border-bottom:0;flex-grow:1;border-top:var(--divider-border-width) var(--divider-border-style) var(--divider-color)}.elementor-widget-divider--element-align-left .elementor-divider .elementor-divider-separator>.elementor-divider__svg:first-of-type{flex-grow:0;flex-shrink:100}.elementor-widget-divider--element-align-left .elementor-divider-separator:before{content:none}.elementor-widget-divider--element-align-left .elementor-divider__element{margin-left:0}.elementor-widget-divider--element-align-right .elementor-divider .elementor-divider-separator>.elementor-divider__svg:last-of-type{flex-grow:0;flex-shrink:100}.elementor-widget-divider--element-align-right .elementor-divider-separator:after{content:none}.elementor-widget-divider--element-align-right .elementor-divider__element{margin-right:0}.elementor-widget-divider:not(.elementor-widget-divider--view-line_text):not(.elementor-widget-divider--view-line_icon) .elementor-divider-separator{border-top:var(--divider-border-width) var(--divider-border-style) var(--divider-color)}.elementor-widget-divider--separator-type-pattern{--divider-border-style:none}.elementor-widget-divider--separator-type-pattern.elementor-widget-divider--view-line .elementor-divider-separator,.elementor-widget-divider--separator-type-pattern:not(.elementor-widget-divider--view-line) .elementor-divider-separator:after,.elementor-widget-divider--separator-type-pattern:not(.elementor-widget-divider--view-line) .elementor-divider-separator:before,.elementor-widget-divider--separator-type-pattern:not([class*=elementor-widget-divider--view]) .elementor-divider-separator{width:100%;min-height:var(--divider-pattern-height);-webkit-mask-size:var(--divider-pattern-size) 100%;mask-size:var(--divider-pattern-size) 100%;-webkit-mask-repeat:var(--divider-pattern-repeat);mask-repeat:var(--divider-pattern-repeat);background-color:var(--divider-color);-webkit-mask-image:var(--divider-pattern-url);mask-image:var(--divider-pattern-url)}.elementor-widget-divider--no-spacing{--divider-pattern-size:auto}.elementor-widget-divider--bg-round{--divider-pattern-repeat:round}.rtl .elementor-widget-divider .elementor-divider__text{direction:rtl}.e-con-inner>.elementor-widget-divider,.e-con>.elementor-widget-divider{width:var(--container-widget-width,100%);--flex-grow:var(--container-widget-flex-grow)}<\/style>\t\t<div class=\"elementor-divider\">\r\n\t\t\t<span class=\"elementor-divider-separator\">\r\n\t\t\t\t\t\t<\/span>\r\n\t\t<\/div>\r\n\t\t\t\t<\/div>\r\n\t\t\t\t<\/div>\r\n\t\t\t\t<div class=\"elementor-element elementor-element-9b18e8f elementor-align-left elementor-widget elementor-widget-button\" data-id=\"9b18e8f\" data-element_type=\"widget\" data-widget_type=\"button.default\">\r\n\t\t\t\t<div class=\"elementor-widget-container\">\r\n\t\t\t\t\t<div class=\"elementor-button-wrapper\">\r\n\t\t\t<a href=\"https:\/\/www.srtbizerte.com.tn\/wp-content\/uploads\/2025\/03\/tarifs-scolaires.pdf\" class=\"elementor-button-link elementor-button elementor-size-sm\" role=\"button\">\r\n\t\t\t\t\t\t<span class=\"elementor-button-content-wrapper\">\r\n\t\t\t\t\t\t<span class=\"elementor-button-text\">Liste des tarifs scolaires<\/span>\r\n\t\t<\/span>\r\n\t\t\t\t\t<\/a>\r\n\t\t<\/div>\r\n\t\t\t\t<\/div>\r\n\t\t\t\t<\/div>\r\n\t\t\t\t\t<\/div>\r\n\t\t<\/div>\r\n\t\t\t\t<div class=\"elementor-column elementor-col-50 elementor-top-column elementor-element elementor-element-f93b46c\" data-id=\"f93b46c\" data-element_type=\"column\">\r\n\t\t\t<div class=\"elementor-widget-wrap elementor-element-populated\">\r\n\t\t\t\t\t\t\t\t<div class=\"elementor-element elementor-element-d54fcb2 elementor-widget elementor-widget-image\" data-id=\"d54fcb2\" data-element_type=\"widget\" data-widget_type=\"image.default\">\r\n\t\t\t\t<div class=\"elementor-widget-container\">\r\n\t\t\t<style>\/*! elementor - v3.13.3 - 28-05-2023 *\/\r\n.elementor-widget-image{text-align:center}.elementor-widget-image a{display:inline-block}.elementor-widget-image a img[src$=\".svg\"]{width:48px}.elementor-widget-image img{vertical-align:middle;display:inline-block}<\/style>\t\t\t\t\t\t\t\t\t\t\t\t<img decoding=\"async\" src=\"https:\/\/www.srtbizerte.com.tn\/wp-content\/uploads\/2025\/01\/65669324_9577971.jpg\" title=\"65669324_9577971\" alt=\"65669324_9577971\" loading=\"lazy\" \/>\t\t\t\t\t\t\t\t\t\t\t\t\t\t\t<\/div>\r\n\t\t\t\t<\/div>\r\n\t\t\t\t\t<\/div>\r\n\t\t<\/div>\r\n\t\t\t\t\t\t\t<\/div>\r\n\t\t<\/section>\r\n\t\t\t\t\t\t\t<\/div>\r\n\t\t","protected":false},"excerpt":{"rendered":"<p>Vous \u00eates un \u00e9l\u00e8ve, \u00e9tudiant ou bien un apprenti, alors vous b\u00e9n\u00e9ficiez de nos tarifs scolaire il suffit simplement de : Remplir la demande disponible aux diff\u00e9rents points de vente de la soci\u00e9t\u00e9 et dans certains \u00e9tablissements d\u2019enseignements tr\u00e8s prochainement . Nous fournir une attestation de pr\u00e9sence, une copie de votre carte d\u2019identit\u00e9 ou celle <\/p>\n","protected":false},"author":1,"featured_media":0,"parent":0,"menu_order":0,"comment_status":"closed","ping_status":"closed","template":"archcode_homepage.php","meta":{"footnotes":""},"class_list":["post-3466","page","type-page","status-publish","hentry"],"yoast_head":"<!-- This site is optimized with the Yoast SEO plugin v24.6 - https:\/\/yoast.com\/wordpress\/plugins\/seo\/ -->\n<title>Abonement scolaire - SRTB<\/title>\n<meta name=\"robots\" content=\"noindex, follow, max-snippet:-1, max-image-preview:large, max-video-preview:-1\" \/>\n<meta property=\"og:locale\" content=\"fr_FR\" \/>\n<meta property=\"og:type\" content=\"article\" \/>\n<meta property=\"og:title\" content=\"Abonement scolaire\" \/>\n<meta property=\"og:description\" content=\"Vous \u00eates un \u00e9l\u00e8ve, \u00e9tudiant ou bien un apprenti, alors vous b\u00e9n\u00e9ficiez de nos tarifs scolaire il suffit simplement de : Remplir la demande disponible aux diff\u00e9rents points de vente de la soci\u00e9t\u00e9 et dans certains \u00e9tablissements d\u2019enseignements tr\u00e8s prochainement . Nous fournir une attestation de pr\u00e9sence, une copie de votre carte d\u2019identit\u00e9 ou celle\" \/>\n<meta property=\"og:url\" content=\"https:\/\/www.srtbizerte.com.tn\/?page_id=3466&amp;lang=fr\" \/>\n<meta property=\"og:site_name\" content=\"SRTB\" \/>\n<meta property=\"article:modified_time\" content=\"2025-03-13T10:41:29+00:00\" \/>\n<meta property=\"og:image\" content=\"https:\/\/www.srtbizerte.com.tn\/wp-content\/uploads\/2025\/01\/65669324_9577971.jpg\" \/>\n<meta name=\"twitter:card\" content=\"summary_large_image\" \/>\n<meta name=\"twitter:label1\" content=\"Est. reading time\" \/>\n\t<meta name=\"twitter:data1\" content=\"1 minute\" \/>\n<script type=\"application\/ld+json\" class=\"yoast-schema-graph\">{\"@context\":\"https:\/\/schema.org\",\"@graph\":[{\"@type\":\"WebPage\",\"@id\":\"https:\/\/www.srtbizerte.com.tn\/?page_id=3466&lang=fr\",\"url\":\"https:\/\/www.srtbizerte.com.tn\/?page_id=3466&lang=fr\",\"name\":\"[:fr]Abonement scolaire[:] - SRTB\",\"isPartOf\":{\"@id\":\"https:\/\/www.srtbizerte.com.tn\/#website\"},\"primaryImageOfPage\":{\"@id\":\"https:\/\/www.srtbizerte.com.tn\/?page_id=3466&lang=fr#primaryimage\"},\"image\":{\"@id\":\"https:\/\/www.srtbizerte.com.tn\/?page_id=3466&lang=fr#primaryimage\"},\"thumbnailUrl\":\"https:\/\/www.srtbizerte.com.tn\/wp-content\/uploads\/2025\/01\/65669324_9577971.jpg\",\"datePublished\":\"2024-02-16T16:19:01+00:00\",\"dateModified\":\"2025-03-13T10:41:29+00:00\",\"breadcrumb\":{\"@id\":\"https:\/\/www.srtbizerte.com.tn\/?page_id=3466&lang=fr#breadcrumb\"},\"inLanguage\":\"fr\",\"potentialAction\":[{\"@type\":\"ReadAction\",\"target\":[\"https:\/\/www.srtbizerte.com.tn\/?page_id=3466&lang=fr\"]}]},{\"@type\":\"ImageObject\",\"inLanguage\":\"fr\",\"@id\":\"https:\/\/www.srtbizerte.com.tn\/?page_id=3466&lang=fr#primaryimage\",\"url\":\"https:\/\/www.srtbizerte.com.tn\/wp-content\/uploads\/2025\/01\/65669324_9577971.jpg\",\"contentUrl\":\"https:\/\/www.srtbizerte.com.tn\/wp-content\/uploads\/2025\/01\/65669324_9577971.jpg\",\"width\":2000,\"height\":2000},{\"@type\":\"BreadcrumbList\",\"@id\":\"https:\/\/www.srtbizerte.com.tn\/?page_id=3466&lang=fr#breadcrumb\",\"itemListElement\":[{\"@type\":\"ListItem\",\"position\":1,\"name\":\"Home\",\"item\":\"https:\/\/www.srtbizerte.com.tn\/?page_id=4080&lang=ar\"},{\"@type\":\"ListItem\",\"position\":2,\"name\":\"Abonement scolaire\"}]},{\"@type\":\"WebSite\",\"@id\":\"https:\/\/www.srtbizerte.com.tn\/#website\",\"url\":\"https:\/\/www.srtbizerte.com.tn\/\",\"name\":\"SRTB\",\"description\":\"SRTB\",\"potentialAction\":[{\"@type\":\"SearchAction\",\"target\":{\"@type\":\"EntryPoint\",\"urlTemplate\":\"https:\/\/www.srtbizerte.com.tn\/?s={search_term_string}\"},\"query-input\":{\"@type\":\"PropertyValueSpecification\",\"valueRequired\":true,\"valueName\":\"search_term_string\"}}],\"inLanguage\":\"fr\"}]}<\/script>\n<!-- \/ Yoast SEO plugin. -->","yoast_head_json":{"title":"Abonement scolaire - SRTB","robots":{"index":"noindex","follow":"follow","max-snippet":"max-snippet:-1","max-image-preview":"max-image-preview:large","max-video-preview":"max-video-preview:-1"},"og_locale":"fr_FR","og_type":"article","og_title":"[:fr]Abonement scolaire[:] - SRTB","og_description":"Vous \u00eates un \u00e9l\u00e8ve, \u00e9tudiant ou bien un apprenti, alors vous b\u00e9n\u00e9ficiez de nos tarifs scolaire il suffit simplement de : Remplir la demande disponible aux diff\u00e9rents points de vente de la soci\u00e9t\u00e9 et dans certains \u00e9tablissements d\u2019enseignements tr\u00e8s prochainement . Nous fournir une attestation de pr\u00e9sence, une copie de votre carte d\u2019identit\u00e9 ou celle","og_url":"https:\/\/www.srtbizerte.com.tn\/?page_id=3466&lang=fr","og_site_name":"SRTB","article_modified_time":"2025-03-13T10:41:29+00:00","og_image":[{"url":"https:\/\/www.srtbizerte.com.tn\/wp-content\/uploads\/2025\/01\/65669324_9577971.jpg","type":"","width":"","height":""}],"twitter_card":"summary_large_image","twitter_misc":{"Est. reading time":"1 minute"},"schema":{"@context":"https:\/\/schema.org","@graph":[{"@type":"WebPage","@id":"https:\/\/www.srtbizerte.com.tn\/?page_id=3466&lang=fr","url":"https:\/\/www.srtbizerte.com.tn\/?page_id=3466&lang=fr","name":"[:fr]Abonement scolaire[:] - SRTB","isPartOf":{"@id":"https:\/\/www.srtbizerte.com.tn\/#website"},"primaryImageOfPage":{"@id":"https:\/\/www.srtbizerte.com.tn\/?page_id=3466&lang=fr#primaryimage"},"image":{"@id":"https:\/\/www.srtbizerte.com.tn\/?page_id=3466&lang=fr#primaryimage"},"thumbnailUrl":"https:\/\/www.srtbizerte.com.tn\/wp-content\/uploads\/2025\/01\/65669324_9577971.jpg","datePublished":"2024-02-16T16:19:01+00:00","dateModified":"2025-03-13T10:41:29+00:00","breadcrumb":{"@id":"https:\/\/www.srtbizerte.com.tn\/?page_id=3466&lang=fr#breadcrumb"},"inLanguage":"fr","potentialAction":[{"@type":"ReadAction","target":["https:\/\/www.srtbizerte.com.tn\/?page_id=3466&lang=fr"]}]},{"@type":"ImageObject","inLanguage":"fr","@id":"https:\/\/www.srtbizerte.com.tn\/?page_id=3466&lang=fr#primaryimage","url":"https:\/\/www.srtbizerte.com.tn\/wp-content\/uploads\/2025\/01\/65669324_9577971.jpg","contentUrl":"https:\/\/www.srtbizerte.com.tn\/wp-content\/uploads\/2025\/01\/65669324_9577971.jpg","width":2000,"height":2000},{"@type":"BreadcrumbList","@id":"https:\/\/www.srtbizerte.com.tn\/?page_id=3466&lang=fr#breadcrumb","itemListElement":[{"@type":"ListItem","position":1,"name":"Home","item":"https:\/\/www.srtbizerte.com.tn\/?page_id=4080&lang=ar"},{"@type":"ListItem","position":2,"name":"Abonement scolaire"}]},{"@type":"WebSite","@id":"https:\/\/www.srtbizerte.com.tn\/#website","url":"https:\/\/www.srtbizerte.com.tn\/","name":"SRTB","description":"SRTB","potentialAction":[{"@type":"SearchAction","target":{"@type":"EntryPoint","urlTemplate":"https:\/\/www.srtbizerte.com.tn\/?s={search_term_string}"},"query-input":{"@type":"PropertyValueSpecification","valueRequired":true,"valueName":"search_term_string"}}],"inLanguage":"fr"}]}},"_links":{"self":[{"href":"https:\/\/www.srtbizerte.com.tn\/index.php?rest_route=\/wp\/v2\/pages\/3466","targetHints":{"allow":["GET"]}}],"collection":[{"href":"https:\/\/www.srtbizerte.com.tn\/index.php?rest_route=\/wp\/v2\/pages"}],"about":[{"href":"https:\/\/www.srtbizerte.com.tn\/index.php?rest_route=\/wp\/v2\/types\/page"}],"author":[{"embeddable":true,"href":"https:\/\/www.srtbizerte.com.tn\/index.php?rest_route=\/wp\/v2\/users\/1"}],"replies":[{"embeddable":true,"href":"https:\/\/www.srtbizerte.com.tn\/index.php?rest_route=%2Fwp%2Fv2%2Fcomments&post=3466"}],"version-history":[{"count":47,"href":"https:\/\/www.srtbizerte.com.tn\/index.php?rest_route=\/wp\/v2\/pages\/3466\/revisions"}],"predecessor-version":[{"id":7734,"href":"https:\/\/www.srtbizerte.com.tn\/index.php?rest_route=\/wp\/v2\/pages\/3466\/revisions\/7734"}],"wp:attachment":[{"href":"https:\/\/www.srtbizerte.com.tn\/index.php?rest_route=%2Fwp%2Fv2%2Fmedia&parent=3466"}],"curies":[{"name":"wp","href":"https:\/\/api.w.org\/{rel}","templated":true}]}}