{"id":3458,"date":"2024-02-16T16:17:07","date_gmt":"2024-02-16T16:17:07","guid":{"rendered":"https:\/\/amilcar-online.com\/ISEAHT\/?page_id=3458"},"modified":"2025-01-30T13:42:13","modified_gmt":"2025-01-30T13:42:13","slug":"actualite","status":"publish","type":"page","link":"https:\/\/www.srtbizerte.com.tn\/?page_id=3458&lang=fr","title":{"rendered":"Actualit\u00e9s"},"content":{"rendered":"\t\t<div data-elementor-type=\"wp-page\" data-elementor-id=\"3458\" class=\"elementor elementor-3458\">\r\n\t\t\t\t\t\t\t\t\t<section class=\"elementor-section elementor-top-section elementor-element elementor-element-c62a45f elementor-section-height-min-height elementor-section-stretched elementor-section-boxed elementor-section-height-default elementor-section-items-middle\" data-id=\"c62a45f\" data-element_type=\"section\" data-settings=\"{&quot;stretch_section&quot;:&quot;section-stretched&quot;}\">\r\n\t\t\t\t\t\t<div class=\"elementor-container elementor-column-gap-custom\">\r\n\t\t\t\t\t<div class=\"elementor-column elementor-col-50 elementor-top-column elementor-element elementor-element-3538666\" data-id=\"3538666\" data-element_type=\"column\">\r\n\t\t\t<div class=\"elementor-widget-wrap elementor-element-populated\">\r\n\t\t\t\t\t\t\t\t<div class=\"elementor-element elementor-element-f910b59 elementor-widget elementor-widget-heading\" data-id=\"f910b59\" data-element_type=\"widget\" data-widget_type=\"heading.default\">\r\n\t\t\t\t<div class=\"elementor-widget-container\">\r\n\t\t\t<style>\/*! elementor - v3.13.3 - 28-05-2023 *\/\r\n.elementor-heading-title{padding:0;margin:0;line-height:1}.elementor-widget-heading .elementor-heading-title[class*=elementor-size-]>a{color:inherit;font-size:inherit;line-height:inherit}.elementor-widget-heading .elementor-heading-title.elementor-size-small{font-size:15px}.elementor-widget-heading .elementor-heading-title.elementor-size-medium{font-size:19px}.elementor-widget-heading .elementor-heading-title.elementor-size-large{font-size:29px}.elementor-widget-heading .elementor-heading-title.elementor-size-xl{font-size:39px}.elementor-widget-heading .elementor-heading-title.elementor-size-xxl{font-size:59px}<\/style><h2 class=\"elementor-heading-title elementor-size-default\">Installation des cameras de surveillance<\/h2>\t\t<\/div>\r\n\t\t\t\t<\/div>\r\n\t\t\t\t<div class=\"elementor-element elementor-element-9d99fab elementor-widget elementor-widget-text-editor\" data-id=\"9d99fab\" data-element_type=\"widget\" data-widget_type=\"text-editor.default\">\r\n\t\t\t\t<div class=\"elementor-widget-container\">\r\n\t\t\t<style>\/*! elementor - v3.13.3 - 28-05-2023 *\/\r\n.elementor-widget-text-editor.elementor-drop-cap-view-stacked .elementor-drop-cap{background-color:#69727d;color:#fff}.elementor-widget-text-editor.elementor-drop-cap-view-framed .elementor-drop-cap{color:#69727d;border:3px solid;background-color:transparent}.elementor-widget-text-editor:not(.elementor-drop-cap-view-default) .elementor-drop-cap{margin-top:8px}.elementor-widget-text-editor:not(.elementor-drop-cap-view-default) .elementor-drop-cap-letter{width:1em;height:1em}.elementor-widget-text-editor .elementor-drop-cap{float:left;text-align:center;line-height:1;font-size:50px}.elementor-widget-text-editor .elementor-drop-cap-letter{display:inline-block}<\/style>\t\t\t\t<p>Dans le cadre de notre engagement \u00e0 renforcer la s\u00e9curit\u00e9 de nos clients, la SRTB lance un nouveau projet d\u2019installation de cam\u00e9ras de surveillance dans toutes ces agences et ces locaux commerciaux. Ce projet vise \u00e0 offrir une surveillance efficace et continue, garantissant une protection optimale des lieux et des personnes.<\/p>\t\t\t\t\t\t<\/div>\r\n\t\t\t\t<\/div>\r\n\t\t\t\t\t<\/div>\r\n\t\t<\/div>\r\n\t\t\t\t<div class=\"elementor-column elementor-col-50 elementor-top-column elementor-element elementor-element-626fa3b\" data-id=\"626fa3b\" data-element_type=\"column\">\r\n\t\t\t<div class=\"elementor-widget-wrap elementor-element-populated\">\r\n\t\t\t\t\t\t\t\t<div class=\"elementor-element elementor-element-20f93c8 elementor-widget elementor-widget-image\" data-id=\"20f93c8\" data-element_type=\"widget\" data-widget_type=\"image.default\">\r\n\t\t\t\t<div class=\"elementor-widget-container\">\r\n\t\t\t<style>\/*! elementor - v3.13.3 - 28-05-2023 *\/\r\n.elementor-widget-image{text-align:center}.elementor-widget-image a{display:inline-block}.elementor-widget-image a img[src$=\".svg\"]{width:48px}.elementor-widget-image img{vertical-align:middle;display:inline-block}<\/style>\t\t\t\t\t\t\t\t\t\t\t\t<img loading=\"lazy\" decoding=\"async\" width=\"826\" height=\"476\" src=\"https:\/\/www.srtbizerte.com.tn\/wp-content\/uploads\/2025\/01\/surveillance-camera-securite-attacher-metro-plafond_121764-178.jpg\" class=\"attachment-large size-large wp-image-7505\" alt=\"\" srcset=\"https:\/\/www.srtbizerte.com.tn\/wp-content\/uploads\/2025\/01\/surveillance-camera-securite-attacher-metro-plafond_121764-178.jpg 826w, https:\/\/www.srtbizerte.com.tn\/wp-content\/uploads\/2025\/01\/surveillance-camera-securite-attacher-metro-plafond_121764-178-768x443.jpg 768w\" sizes=\"auto, (max-width: 826px) 100vw, 826px\" \/>\t\t\t\t\t\t\t\t\t\t\t\t\t\t\t<\/div>\r\n\t\t\t\t<\/div>\r\n\t\t\t\t\t<\/div>\r\n\t\t<\/div>\r\n\t\t\t\t\t\t\t<\/div>\r\n\t\t<\/section>\r\n\t\t\t\t<section class=\"elementor-section elementor-top-section elementor-element elementor-element-c1b66a2 elementor-section-boxed elementor-section-height-default elementor-section-height-default\" data-id=\"c1b66a2\" data-element_type=\"section\">\r\n\t\t\t\t\t\t<div class=\"elementor-container elementor-column-gap-default\">\r\n\t\t\t\t\t<div class=\"elementor-column elementor-col-100 elementor-top-column elementor-element elementor-element-40048c8\" data-id=\"40048c8\" data-element_type=\"column\">\r\n\t\t\t<div class=\"elementor-widget-wrap elementor-element-populated\">\r\n\t\t\t\t\t\t\t\t<div class=\"elementor-element elementor-element-52893da elementor-widget elementor-widget-spacer\" data-id=\"52893da\" data-element_type=\"widget\" data-widget_type=\"spacer.default\">\r\n\t\t\t\t<div class=\"elementor-widget-container\">\r\n\t\t\t<style>\/*! elementor - v3.13.3 - 28-05-2023 *\/\r\n.elementor-column .elementor-spacer-inner{height:var(--spacer-size)}.e-con{--container-widget-width:100%}.e-con-inner>.elementor-widget-spacer,.e-con>.elementor-widget-spacer{width:var(--container-widget-width,var(--spacer-size));--align-self:var(--container-widget-align-self,initial);--flex-shrink:0}.e-con-inner>.elementor-widget-spacer>.elementor-widget-container,.e-con-inner>.elementor-widget-spacer>.elementor-widget-container>.elementor-spacer,.e-con>.elementor-widget-spacer>.elementor-widget-container,.e-con>.elementor-widget-spacer>.elementor-widget-container>.elementor-spacer{height:100%}.e-con-inner>.elementor-widget-spacer>.elementor-widget-container>.elementor-spacer>.elementor-spacer-inner,.e-con>.elementor-widget-spacer>.elementor-widget-container>.elementor-spacer>.elementor-spacer-inner{height:var(--container-widget-height,var(--spacer-size))}<\/style>\t\t<div class=\"elementor-spacer\">\r\n\t\t\t<div class=\"elementor-spacer-inner\"><\/div>\r\n\t\t<\/div>\r\n\t\t\t\t<\/div>\r\n\t\t\t\t<\/div>\r\n\t\t\t\t\t<\/div>\r\n\t\t<\/div>\r\n\t\t\t\t\t\t\t<\/div>\r\n\t\t<\/section>\r\n\t\t\t\t<section class=\"elementor-section elementor-top-section elementor-element elementor-element-bdfb13b elementor-section-height-min-height elementor-section-stretched elementor-section-boxed elementor-section-height-default elementor-section-items-middle\" data-id=\"bdfb13b\" data-element_type=\"section\" data-settings=\"{&quot;stretch_section&quot;:&quot;section-stretched&quot;}\">\r\n\t\t\t\t\t\t<div class=\"elementor-container elementor-column-gap-custom\">\r\n\t\t\t\t\t<div class=\"elementor-column elementor-col-50 elementor-top-column elementor-element elementor-element-4d54530\" data-id=\"4d54530\" data-element_type=\"column\">\r\n\t\t\t<div class=\"elementor-widget-wrap elementor-element-populated\">\r\n\t\t\t\t\t\t\t\t<div class=\"elementor-element elementor-element-1178344 e-transform elementor-widget elementor-widget-image\" data-id=\"1178344\" data-element_type=\"widget\" data-settings=\"{&quot;_transform_flipX_effect&quot;:&quot;transform&quot;}\" data-widget_type=\"image.default\">\r\n\t\t\t\t<div class=\"elementor-widget-container\">\r\n\t\t\t\t\t\t\t\t\t\t\t\t\t\t\t<img loading=\"lazy\" decoding=\"async\" width=\"577\" height=\"433\" src=\"https:\/\/www.srtbizerte.com.tn\/wp-content\/uploads\/2025\/01\/transport-public-arret-bus-horaire-ligne-application-pour-tablette-concept_589019-1255-removebg-preview.png\" class=\"attachment-large size-large wp-image-7503\" alt=\"\" \/>\t\t\t\t\t\t\t\t\t\t\t\t\t\t\t<\/div>\r\n\t\t\t\t<\/div>\r\n\t\t\t\t\t<\/div>\r\n\t\t<\/div>\r\n\t\t\t\t<div class=\"elementor-column elementor-col-50 elementor-top-column elementor-element elementor-element-9c3138e\" data-id=\"9c3138e\" data-element_type=\"column\">\r\n\t\t\t<div class=\"elementor-widget-wrap elementor-element-populated\">\r\n\t\t\t\t\t\t\t\t<div class=\"elementor-element elementor-element-9f5454a elementor-widget elementor-widget-heading\" data-id=\"9f5454a\" data-element_type=\"widget\" data-widget_type=\"heading.default\">\r\n\t\t\t\t<div class=\"elementor-widget-container\">\r\n\t\t\t<h2 class=\"elementor-heading-title elementor-size-default\">Installation du GPS<\/h2>\t\t<\/div>\r\n\t\t\t\t<\/div>\r\n\t\t\t\t<div class=\"elementor-element elementor-element-5580345 elementor-widget__width-initial elementor-widget elementor-widget-text-editor\" data-id=\"5580345\" data-element_type=\"widget\" data-widget_type=\"text-editor.default\">\r\n\t\t\t\t<div class=\"elementor-widget-container\">\r\n\t\t\t\t\t\t\t<p>Dans le cadre de notre engagement \u00e0 am\u00e9liorer la qualit\u00e9 et la fiabilit\u00e9 de nos services, nous lan\u00e7ons un projet d\u2019installation de syst\u00e8mes GPS sur l\u2019ensemble de notre flotte de bus. Cette initiative vise \u00e0 optimiser la gestion des itin\u00e9raires, \u00e0 am\u00e9liorer la ponctualit\u00e9 et \u00e0 offrir \u00e0 nos passagers un suivi en temps r\u00e9el des horaires et des trajets. Gr\u00e2ce \u00e0 cette technologie, nous renforcerons \u00e9galement la s\u00e9curit\u00e9 et l\u2019efficacit\u00e9 de nos op\u00e9rations.<\/p>\t\t\t\t\t\t<\/div>\r\n\t\t\t\t<\/div>\r\n\t\t\t\t\t<\/div>\r\n\t\t<\/div>\r\n\t\t\t\t\t\t\t<\/div>\r\n\t\t<\/section>\r\n\t\t\t\t<section class=\"elementor-section elementor-top-section elementor-element elementor-element-ee15943 elementor-section-boxed elementor-section-height-default elementor-section-height-default\" data-id=\"ee15943\" data-element_type=\"section\">\r\n\t\t\t\t\t\t<div class=\"elementor-container elementor-column-gap-default\">\r\n\t\t\t\t\t<div class=\"elementor-column elementor-col-100 elementor-top-column elementor-element elementor-element-26d6ba2\" data-id=\"26d6ba2\" data-element_type=\"column\">\r\n\t\t\t<div class=\"elementor-widget-wrap elementor-element-populated\">\r\n\t\t\t\t\t\t\t\t<div class=\"elementor-element elementor-element-110c745 elementor-widget elementor-widget-spacer\" data-id=\"110c745\" data-element_type=\"widget\" data-widget_type=\"spacer.default\">\r\n\t\t\t\t<div class=\"elementor-widget-container\">\r\n\t\t\t\t\t<div class=\"elementor-spacer\">\r\n\t\t\t<div class=\"elementor-spacer-inner\"><\/div>\r\n\t\t<\/div>\r\n\t\t\t\t<\/div>\r\n\t\t\t\t<\/div>\r\n\t\t\t\t\t<\/div>\r\n\t\t<\/div>\r\n\t\t\t\t\t\t\t<\/div>\r\n\t\t<\/section>\r\n\t\t\t\t<section class=\"elementor-section elementor-top-section elementor-element elementor-element-bb673ad elementor-section-height-min-height elementor-section-stretched elementor-section-boxed elementor-section-height-default elementor-section-items-middle\" data-id=\"bb673ad\" data-element_type=\"section\" data-settings=\"{&quot;stretch_section&quot;:&quot;section-stretched&quot;}\">\r\n\t\t\t\t\t\t<div class=\"elementor-container elementor-column-gap-custom\">\r\n\t\t\t\t\t<div class=\"elementor-column elementor-col-50 elementor-top-column elementor-element elementor-element-d09cf8d\" data-id=\"d09cf8d\" data-element_type=\"column\">\r\n\t\t\t<div class=\"elementor-widget-wrap elementor-element-populated\">\r\n\t\t\t\t\t\t\t\t<div class=\"elementor-element elementor-element-f639be4 elementor-widget elementor-widget-heading\" data-id=\"f639be4\" data-element_type=\"widget\" data-widget_type=\"heading.default\">\r\n\t\t\t\t<div class=\"elementor-widget-container\">\r\n\t\t\t<h2 class=\"elementor-heading-title elementor-size-default\">R\u00e9novation de Notre Agence \u00e0 Sejnen<\/h2>\t\t<\/div>\r\n\t\t\t\t<\/div>\r\n\t\t\t\t<div class=\"elementor-element elementor-element-25dc6e0 elementor-widget__width-initial elementor-widget elementor-widget-text-editor\" data-id=\"25dc6e0\" data-element_type=\"widget\" data-widget_type=\"text-editor.default\">\r\n\t\t\t\t<div class=\"elementor-widget-container\">\r\n\t\t\t\t\t\t\t<p>Annonce de R\u00e9novation de Notre Agence \u00e0 Sejnen Dans le cadre de notre engagement \u00e0 am\u00e9liorer continuellement nos services et \u00e0 offrir un cadre plus moderne et accueillant \u00e0 notre client\u00e8le, nous avons le plaisir d\u2019annoncer le lancement d\u2019un projet de r\u00e9novation de notre agence de Sejnen. Ces travaux, qui d\u00e9buteront prochainement, visent \u00e0 optimiser l\u2019espace, renforcer le confort et int\u00e9grer des \u00e9quipements innovants pour mieux r\u00e9pondre \u00e0 vos besoins.<\/p>\t\t\t\t\t\t<\/div>\r\n\t\t\t\t<\/div>\r\n\t\t\t\t\t<\/div>\r\n\t\t<\/div>\r\n\t\t\t\t<div class=\"elementor-column elementor-col-50 elementor-top-column elementor-element elementor-element-0687740\" data-id=\"0687740\" data-element_type=\"column\">\r\n\t\t\t<div class=\"elementor-widget-wrap elementor-element-populated\">\r\n\t\t\t\t\t\t\t\t<div class=\"elementor-element elementor-element-0f339c1 elementor-widget elementor-widget-image\" data-id=\"0f339c1\" data-element_type=\"widget\" data-widget_type=\"image.default\">\r\n\t\t\t\t<div class=\"elementor-widget-container\">\r\n\t\t\t\t\t\t\t\t\t\t\t\t\t\t\t<img loading=\"lazy\" decoding=\"async\" width=\"1000\" height=\"600\" src=\"https:\/\/www.srtbizerte.com.tn\/wp-content\/uploads\/2025\/01\/2207.i301.002.S.m004.c13.Plastic-windows-isometric-composition-1000x600.jpg\" class=\"attachment-large size-large wp-image-7506\" alt=\"\" \/>\t\t\t\t\t\t\t\t\t\t\t\t\t\t\t<\/div>\r\n\t\t\t\t<\/div>\r\n\t\t\t\t\t<\/div>\r\n\t\t<\/div>\r\n\t\t\t\t\t\t\t<\/div>\r\n\t\t<\/section>\r\n\t\t\t\t\t\t\t<\/div>\r\n\t\t","protected":false},"excerpt":{"rendered":"<p>Installation des cameras de surveillance Dans le cadre de notre engagement \u00e0 renforcer la s\u00e9curit\u00e9 de nos clients, la SRTB lance un nouveau projet d\u2019installation de cam\u00e9ras de surveillance dans toutes ces agences et ces locaux commerciaux. Ce projet vise \u00e0 offrir une surveillance efficace et continue, garantissant une protection optimale des lieux et des <\/p>\n","protected":false},"author":1,"featured_media":0,"parent":0,"menu_order":0,"comment_status":"closed","ping_status":"closed","template":"","meta":{"footnotes":""},"class_list":["post-3458","page","type-page","status-publish","hentry"],"yoast_head":"<!-- This site is optimized with the Yoast SEO plugin v24.6 - https:\/\/yoast.com\/wordpress\/plugins\/seo\/ -->\n<title>Actualit\u00e9s - SRTB<\/title>\n<meta name=\"robots\" content=\"noindex, follow, max-snippet:-1, max-image-preview:large, max-video-preview:-1\" \/>\n<meta property=\"og:locale\" content=\"fr_FR\" \/>\n<meta property=\"og:type\" content=\"article\" \/>\n<meta property=\"og:title\" content=\"Actualit\u00e9s - SRTB\" \/>\n<meta property=\"og:description\" content=\"Installation des cameras de surveillance Dans le cadre de notre engagement \u00e0 renforcer la s\u00e9curit\u00e9 de nos clients, la SRTB lance un nouveau projet d\u2019installation de cam\u00e9ras de surveillance dans toutes ces agences et ces locaux commerciaux. Ce projet vise \u00e0 offrir une surveillance efficace et continue, garantissant une protection optimale des lieux et des\" \/>\n<meta property=\"og:url\" content=\"https:\/\/www.srtbizerte.com.tn\/?page_id=3458&amp;lang=fr\" \/>\n<meta property=\"og:site_name\" content=\"SRTB\" \/>\n<meta property=\"article:modified_time\" content=\"2025-01-30T13:42:13+00:00\" \/>\n<meta property=\"og:image\" content=\"https:\/\/www.srtbizerte.com.tn\/wp-content\/uploads\/2025\/01\/surveillance-camera-securite-attacher-metro-plafond_121764-178.jpg\" \/>\n<meta name=\"twitter:card\" content=\"summary_large_image\" \/>\n<meta name=\"twitter:label1\" content=\"Est. reading time\" \/>\n\t<meta name=\"twitter:data1\" content=\"1 minute\" \/>\n<script type=\"application\/ld+json\" class=\"yoast-schema-graph\">{\"@context\":\"https:\/\/schema.org\",\"@graph\":[{\"@type\":\"WebPage\",\"@id\":\"https:\/\/www.srtbizerte.com.tn\/?page_id=3458&lang=fr\",\"url\":\"https:\/\/www.srtbizerte.com.tn\/?page_id=3458&lang=fr\",\"name\":\"Actualit\u00e9s - SRTB\",\"isPartOf\":{\"@id\":\"https:\/\/www.srtbizerte.com.tn\/#website\"},\"primaryImageOfPage\":{\"@id\":\"https:\/\/www.srtbizerte.com.tn\/?page_id=3458&lang=fr#primaryimage\"},\"image\":{\"@id\":\"https:\/\/www.srtbizerte.com.tn\/?page_id=3458&lang=fr#primaryimage\"},\"thumbnailUrl\":\"https:\/\/www.srtbizerte.com.tn\/wp-content\/uploads\/2025\/01\/surveillance-camera-securite-attacher-metro-plafond_121764-178.jpg\",\"datePublished\":\"2024-02-16T16:17:07+00:00\",\"dateModified\":\"2025-01-30T13:42:13+00:00\",\"breadcrumb\":{\"@id\":\"https:\/\/www.srtbizerte.com.tn\/?page_id=3458&lang=fr#breadcrumb\"},\"inLanguage\":\"fr\",\"potentialAction\":[{\"@type\":\"ReadAction\",\"target\":[\"https:\/\/www.srtbizerte.com.tn\/?page_id=3458&lang=fr\"]}]},{\"@type\":\"ImageObject\",\"inLanguage\":\"fr\",\"@id\":\"https:\/\/www.srtbizerte.com.tn\/?page_id=3458&lang=fr#primaryimage\",\"url\":\"https:\/\/www.srtbizerte.com.tn\/wp-content\/uploads\/2025\/01\/surveillance-camera-securite-attacher-metro-plafond_121764-178.jpg\",\"contentUrl\":\"https:\/\/www.srtbizerte.com.tn\/wp-content\/uploads\/2025\/01\/surveillance-camera-securite-attacher-metro-plafond_121764-178.jpg\",\"width\":826,\"height\":476},{\"@type\":\"BreadcrumbList\",\"@id\":\"https:\/\/www.srtbizerte.com.tn\/?page_id=3458&lang=fr#breadcrumb\",\"itemListElement\":[{\"@type\":\"ListItem\",\"position\":1,\"name\":\"Home\",\"item\":\"https:\/\/www.srtbizerte.com.tn\/?page_id=4080&lang=ar\"},{\"@type\":\"ListItem\",\"position\":2,\"name\":\"Actualit\u00e9s\"}]},{\"@type\":\"WebSite\",\"@id\":\"https:\/\/www.srtbizerte.com.tn\/#website\",\"url\":\"https:\/\/www.srtbizerte.com.tn\/\",\"name\":\"SRTB\",\"description\":\"SRTB\",\"potentialAction\":[{\"@type\":\"SearchAction\",\"target\":{\"@type\":\"EntryPoint\",\"urlTemplate\":\"https:\/\/www.srtbizerte.com.tn\/?s={search_term_string}\"},\"query-input\":{\"@type\":\"PropertyValueSpecification\",\"valueRequired\":true,\"valueName\":\"search_term_string\"}}],\"inLanguage\":\"fr\"}]}<\/script>\n<!-- \/ Yoast SEO plugin. -->","yoast_head_json":{"title":"Actualit\u00e9s - SRTB","robots":{"index":"noindex","follow":"follow","max-snippet":"max-snippet:-1","max-image-preview":"max-image-preview:large","max-video-preview":"max-video-preview:-1"},"og_locale":"fr_FR","og_type":"article","og_title":"Actualit\u00e9s - SRTB","og_description":"Installation des cameras de surveillance Dans le cadre de notre engagement \u00e0 renforcer la s\u00e9curit\u00e9 de nos clients, la SRTB lance un nouveau projet d\u2019installation de cam\u00e9ras de surveillance dans toutes ces agences et ces locaux commerciaux. Ce projet vise \u00e0 offrir une surveillance efficace et continue, garantissant une protection optimale des lieux et des","og_url":"https:\/\/www.srtbizerte.com.tn\/?page_id=3458&lang=fr","og_site_name":"SRTB","article_modified_time":"2025-01-30T13:42:13+00:00","og_image":[{"url":"https:\/\/www.srtbizerte.com.tn\/wp-content\/uploads\/2025\/01\/surveillance-camera-securite-attacher-metro-plafond_121764-178.jpg","type":"","width":"","height":""}],"twitter_card":"summary_large_image","twitter_misc":{"Est. reading time":"1 minute"},"schema":{"@context":"https:\/\/schema.org","@graph":[{"@type":"WebPage","@id":"https:\/\/www.srtbizerte.com.tn\/?page_id=3458&lang=fr","url":"https:\/\/www.srtbizerte.com.tn\/?page_id=3458&lang=fr","name":"Actualit\u00e9s - SRTB","isPartOf":{"@id":"https:\/\/www.srtbizerte.com.tn\/#website"},"primaryImageOfPage":{"@id":"https:\/\/www.srtbizerte.com.tn\/?page_id=3458&lang=fr#primaryimage"},"image":{"@id":"https:\/\/www.srtbizerte.com.tn\/?page_id=3458&lang=fr#primaryimage"},"thumbnailUrl":"https:\/\/www.srtbizerte.com.tn\/wp-content\/uploads\/2025\/01\/surveillance-camera-securite-attacher-metro-plafond_121764-178.jpg","datePublished":"2024-02-16T16:17:07+00:00","dateModified":"2025-01-30T13:42:13+00:00","breadcrumb":{"@id":"https:\/\/www.srtbizerte.com.tn\/?page_id=3458&lang=fr#breadcrumb"},"inLanguage":"fr","potentialAction":[{"@type":"ReadAction","target":["https:\/\/www.srtbizerte.com.tn\/?page_id=3458&lang=fr"]}]},{"@type":"ImageObject","inLanguage":"fr","@id":"https:\/\/www.srtbizerte.com.tn\/?page_id=3458&lang=fr#primaryimage","url":"https:\/\/www.srtbizerte.com.tn\/wp-content\/uploads\/2025\/01\/surveillance-camera-securite-attacher-metro-plafond_121764-178.jpg","contentUrl":"https:\/\/www.srtbizerte.com.tn\/wp-content\/uploads\/2025\/01\/surveillance-camera-securite-attacher-metro-plafond_121764-178.jpg","width":826,"height":476},{"@type":"BreadcrumbList","@id":"https:\/\/www.srtbizerte.com.tn\/?page_id=3458&lang=fr#breadcrumb","itemListElement":[{"@type":"ListItem","position":1,"name":"Home","item":"https:\/\/www.srtbizerte.com.tn\/?page_id=4080&lang=ar"},{"@type":"ListItem","position":2,"name":"Actualit\u00e9s"}]},{"@type":"WebSite","@id":"https:\/\/www.srtbizerte.com.tn\/#website","url":"https:\/\/www.srtbizerte.com.tn\/","name":"SRTB","description":"SRTB","potentialAction":[{"@type":"SearchAction","target":{"@type":"EntryPoint","urlTemplate":"https:\/\/www.srtbizerte.com.tn\/?s={search_term_string}"},"query-input":{"@type":"PropertyValueSpecification","valueRequired":true,"valueName":"search_term_string"}}],"inLanguage":"fr"}]}},"_links":{"self":[{"href":"https:\/\/www.srtbizerte.com.tn\/index.php?rest_route=\/wp\/v2\/pages\/3458","targetHints":{"allow":["GET"]}}],"collection":[{"href":"https:\/\/www.srtbizerte.com.tn\/index.php?rest_route=\/wp\/v2\/pages"}],"about":[{"href":"https:\/\/www.srtbizerte.com.tn\/index.php?rest_route=\/wp\/v2\/types\/page"}],"author":[{"embeddable":true,"href":"https:\/\/www.srtbizerte.com.tn\/index.php?rest_route=\/wp\/v2\/users\/1"}],"replies":[{"embeddable":true,"href":"https:\/\/www.srtbizerte.com.tn\/index.php?rest_route=%2Fwp%2Fv2%2Fcomments&post=3458"}],"version-history":[{"count":12,"href":"https:\/\/www.srtbizerte.com.tn\/index.php?rest_route=\/wp\/v2\/pages\/3458\/revisions"}],"predecessor-version":[{"id":7509,"href":"https:\/\/www.srtbizerte.com.tn\/index.php?rest_route=\/wp\/v2\/pages\/3458\/revisions\/7509"}],"wp:attachment":[{"href":"https:\/\/www.srtbizerte.com.tn\/index.php?rest_route=%2Fwp%2Fv2%2Fmedia&parent=3458"}],"curies":[{"name":"wp","href":"https:\/\/api.w.org\/{rel}","templated":true}]}}