{"id":3456,"date":"2024-02-16T16:16:06","date_gmt":"2024-02-16T16:16:06","guid":{"rendered":"https:\/\/amilcar-online.com\/ISEAHT\/?page_id=3456"},"modified":"2025-01-30T11:39:56","modified_gmt":"2025-01-30T11:39:56","slug":"realisation","status":"publish","type":"page","link":"https:\/\/www.srtbizerte.com.tn\/?page_id=3456&lang=fr","title":{"rendered":"R\u00e9alisation"},"content":{"rendered":"\t\t<div data-elementor-type=\"wp-page\" data-elementor-id=\"3456\" class=\"elementor elementor-3456\">\r\n\t\t\t\t\t\t\t\t\t<section class=\"elementor-section elementor-top-section elementor-element elementor-element-3a5fe28 elementor-section-height-min-height elementor-section-stretched elementor-section-boxed elementor-section-height-default elementor-section-items-middle\" data-id=\"3a5fe28\" data-element_type=\"section\" data-settings=\"{&quot;stretch_section&quot;:&quot;section-stretched&quot;}\">\r\n\t\t\t\t\t\t<div class=\"elementor-container elementor-column-gap-custom\">\r\n\t\t\t\t\t<div class=\"elementor-column elementor-col-100 elementor-top-column elementor-element elementor-element-4558b3e\" data-id=\"4558b3e\" data-element_type=\"column\">\r\n\t\t\t<div class=\"elementor-widget-wrap\">\r\n\t\t\t\t\t\t\t\t\t<\/div>\r\n\t\t<\/div>\r\n\t\t\t\t\t\t\t<\/div>\r\n\t\t<\/section>\r\n\t\t\t\t<section class=\"elementor-section elementor-top-section elementor-element elementor-element-24b30d5 elementor-section-height-min-height elementor-section-stretched elementor-section-boxed elementor-section-height-default elementor-section-items-middle\" data-id=\"24b30d5\" data-element_type=\"section\" data-settings=\"{&quot;stretch_section&quot;:&quot;section-stretched&quot;}\">\r\n\t\t\t\t\t\t<div class=\"elementor-container elementor-column-gap-custom\">\r\n\t\t\t\t\t<div class=\"elementor-column elementor-col-50 elementor-top-column elementor-element elementor-element-37c8bf4\" data-id=\"37c8bf4\" data-element_type=\"column\">\r\n\t\t\t<div class=\"elementor-widget-wrap elementor-element-populated\">\r\n\t\t\t\t\t\t\t\t<div class=\"elementor-element elementor-element-295e992 elementor-widget elementor-widget-heading\" data-id=\"295e992\" data-element_type=\"widget\" data-widget_type=\"heading.default\">\r\n\t\t\t\t<div class=\"elementor-widget-container\">\r\n\t\t\t<style>\/*! elementor - v3.13.3 - 28-05-2023 *\/\r\n.elementor-heading-title{padding:0;margin:0;line-height:1}.elementor-widget-heading .elementor-heading-title[class*=elementor-size-]>a{color:inherit;font-size:inherit;line-height:inherit}.elementor-widget-heading .elementor-heading-title.elementor-size-small{font-size:15px}.elementor-widget-heading .elementor-heading-title.elementor-size-medium{font-size:19px}.elementor-widget-heading .elementor-heading-title.elementor-size-large{font-size:29px}.elementor-widget-heading .elementor-heading-title.elementor-size-xl{font-size:39px}.elementor-widget-heading .elementor-heading-title.elementor-size-xxl{font-size:59px}<\/style><h3 class=\"elementor-heading-title elementor-size-default\">Acquisition du mat\u00e9riel roulant<\/h3>\t\t<\/div>\r\n\t\t\t\t<\/div>\r\n\t\t\t\t<div class=\"elementor-element elementor-element-e34e2f2 elementor-widget elementor-widget-heading\" data-id=\"e34e2f2\" data-element_type=\"widget\" data-widget_type=\"heading.default\">\r\n\t\t\t\t<div class=\"elementor-widget-container\">\r\n\t\t\t<h2 class=\"elementor-heading-title elementor-size-default\">Dans le cadre de notre engagement envers un service de transport plus\nfiable et confortable, nous sommes fiers d\u2019annoncer l\u2019acquisition de\nnouveaux bus pour notre flotte r\u00e9partis comme suit :<\/h2>\t\t<\/div>\r\n\t\t\t\t<\/div>\r\n\t\t\t\t<div class=\"elementor-element elementor-element-0ff6ec4 elementor-icon-list--layout-inline elementor-widget__width-initial elementor-list-item-link-full_width elementor-widget elementor-widget-icon-list\" data-id=\"0ff6ec4\" data-element_type=\"widget\" data-widget_type=\"icon-list.default\">\r\n\t\t\t\t<div class=\"elementor-widget-container\">\r\n\t\t\t<link rel=\"stylesheet\" href=\"https:\/\/www.srtbizerte.com.tn\/wp-content\/plugins\/elementor\/assets\/css\/widget-icon-list.min.css\">\t\t<ul class=\"elementor-icon-list-items elementor-inline-items\">\r\n\t\t\t\t\t\t\t<li class=\"elementor-icon-list-item elementor-inline-item\">\r\n\t\t\t\t\t\t\t\t\t\t\t<span class=\"elementor-icon-list-icon\">\r\n\t\t\t\t\t\t\t<i aria-hidden=\"true\" class=\"fas fa-check\"><\/i>\t\t\t\t\t\t<\/span>\r\n\t\t\t\t\t\t\t\t\t\t<span class=\"elementor-icon-list-text\">9 bus standards<\/span>\r\n\t\t\t\t\t\t\t\t\t<\/li>\r\n\t\t\t\t\t\t\t\t<li class=\"elementor-icon-list-item elementor-inline-item\">\r\n\t\t\t\t\t\t\t\t\t\t\t<span class=\"elementor-icon-list-icon\">\r\n\t\t\t\t\t\t\t<i aria-hidden=\"true\" class=\"fas fa-check\"><\/i>\t\t\t\t\t\t<\/span>\r\n\t\t\t\t\t\t\t\t\t\t<span class=\"elementor-icon-list-text\">5 bus articul\u00e9s<\/span>\r\n\t\t\t\t\t\t\t\t\t<\/li>\r\n\t\t\t\t\t\t\t\t<li class=\"elementor-icon-list-item elementor-inline-item\">\r\n\t\t\t\t\t\t\t\t\t\t\t<span class=\"elementor-icon-list-icon\">\r\n\t\t\t\t\t\t\t<i aria-hidden=\"true\" class=\"fas fa-check\"><\/i>\t\t\t\t\t\t<\/span>\r\n\t\t\t\t\t\t\t\t\t\t<span class=\"elementor-icon-list-text\">2 autocars standards<\/span>\r\n\t\t\t\t\t\t\t\t\t<\/li>\r\n\t\t\t\t\t\t<\/ul>\r\n\t\t\t\t<\/div>\r\n\t\t\t\t<\/div>\r\n\t\t\t\t\t<\/div>\r\n\t\t<\/div>\r\n\t\t\t\t<div class=\"elementor-column elementor-col-50 elementor-top-column elementor-element elementor-element-3e8b569\" data-id=\"3e8b569\" data-element_type=\"column\">\r\n\t\t\t<div class=\"elementor-widget-wrap elementor-element-populated\">\r\n\t\t\t\t\t\t\t\t<div class=\"elementor-element elementor-element-cc6a41a elementor-widget elementor-widget-image\" data-id=\"cc6a41a\" data-element_type=\"widget\" data-widget_type=\"image.default\">\r\n\t\t\t\t<div class=\"elementor-widget-container\">\r\n\t\t\t<style>\/*! elementor - v3.13.3 - 28-05-2023 *\/\r\n.elementor-widget-image{text-align:center}.elementor-widget-image a{display:inline-block}.elementor-widget-image a img[src$=\".svg\"]{width:48px}.elementor-widget-image img{vertical-align:middle;display:inline-block}<\/style>\t\t\t\t\t\t\t\t\t\t\t\t<img loading=\"lazy\" decoding=\"async\" width=\"437\" height=\"400\" src=\"https:\/\/www.srtbizerte.com.tn\/wp-content\/uploads\/2025\/01\/Group-9258-5.png\" class=\"attachment-large size-large wp-image-7471\" alt=\"\" \/>\t\t\t\t\t\t\t\t\t\t\t\t\t\t\t<\/div>\r\n\t\t\t\t<\/div>\r\n\t\t\t\t\t<\/div>\r\n\t\t<\/div>\r\n\t\t\t\t\t\t\t<\/div>\r\n\t\t<\/section>\r\n\t\t\t\t<section class=\"elementor-section elementor-top-section elementor-element elementor-element-97e7dea elementor-section-boxed elementor-section-height-default elementor-section-height-default\" data-id=\"97e7dea\" data-element_type=\"section\">\r\n\t\t\t\t\t\t<div class=\"elementor-container elementor-column-gap-default\">\r\n\t\t\t\t\t<div class=\"elementor-column elementor-col-100 elementor-top-column elementor-element elementor-element-9d15f59\" data-id=\"9d15f59\" data-element_type=\"column\">\r\n\t\t\t<div class=\"elementor-widget-wrap elementor-element-populated\">\r\n\t\t\t\t\t\t\t\t<div class=\"elementor-element elementor-element-0579cde elementor-widget elementor-widget-spacer\" data-id=\"0579cde\" data-element_type=\"widget\" data-widget_type=\"spacer.default\">\r\n\t\t\t\t<div class=\"elementor-widget-container\">\r\n\t\t\t<style>\/*! elementor - v3.13.3 - 28-05-2023 *\/\r\n.elementor-column .elementor-spacer-inner{height:var(--spacer-size)}.e-con{--container-widget-width:100%}.e-con-inner>.elementor-widget-spacer,.e-con>.elementor-widget-spacer{width:var(--container-widget-width,var(--spacer-size));--align-self:var(--container-widget-align-self,initial);--flex-shrink:0}.e-con-inner>.elementor-widget-spacer>.elementor-widget-container,.e-con-inner>.elementor-widget-spacer>.elementor-widget-container>.elementor-spacer,.e-con>.elementor-widget-spacer>.elementor-widget-container,.e-con>.elementor-widget-spacer>.elementor-widget-container>.elementor-spacer{height:100%}.e-con-inner>.elementor-widget-spacer>.elementor-widget-container>.elementor-spacer>.elementor-spacer-inner,.e-con>.elementor-widget-spacer>.elementor-widget-container>.elementor-spacer>.elementor-spacer-inner{height:var(--container-widget-height,var(--spacer-size))}<\/style>\t\t<div class=\"elementor-spacer\">\r\n\t\t\t<div class=\"elementor-spacer-inner\"><\/div>\r\n\t\t<\/div>\r\n\t\t\t\t<\/div>\r\n\t\t\t\t<\/div>\r\n\t\t\t\t\t<\/div>\r\n\t\t<\/div>\r\n\t\t\t\t\t\t\t<\/div>\r\n\t\t<\/section>\r\n\t\t\t\t<section class=\"elementor-section elementor-top-section elementor-element elementor-element-46b1250 elementor-section-height-min-height elementor-section-stretched elementor-section-boxed elementor-section-height-default elementor-section-items-middle\" data-id=\"46b1250\" data-element_type=\"section\" data-settings=\"{&quot;stretch_section&quot;:&quot;section-stretched&quot;}\">\r\n\t\t\t\t\t\t<div class=\"elementor-container elementor-column-gap-custom\">\r\n\t\t\t\t\t<div class=\"elementor-column elementor-col-50 elementor-top-column elementor-element elementor-element-d0f5fd8\" data-id=\"d0f5fd8\" data-element_type=\"column\">\r\n\t\t\t<div class=\"elementor-widget-wrap elementor-element-populated\">\r\n\t\t\t\t\t\t\t\t<div class=\"elementor-element elementor-element-84f724b e-transform elementor-invisible elementor-widget elementor-widget-image\" data-id=\"84f724b\" data-element_type=\"widget\" data-settings=\"{&quot;_animation&quot;:&quot;fadeInLeft&quot;,&quot;_transform_flipX_effect&quot;:&quot;transform&quot;}\" data-widget_type=\"image.default\">\r\n\t\t\t\t<div class=\"elementor-widget-container\">\r\n\t\t\t\t\t\t\t\t\t\t\t\t\t\t\t<img loading=\"lazy\" decoding=\"async\" width=\"6396\" height=\"2309\" src=\"https:\/\/www.srtbizerte.com.tn\/wp-content\/uploads\/2025\/01\/Fichier-1@2x.png\" class=\"attachment-full size-full wp-image-7475\" alt=\"\" srcset=\"https:\/\/www.srtbizerte.com.tn\/wp-content\/uploads\/2025\/01\/Fichier-1@2x.png 6396w, https:\/\/www.srtbizerte.com.tn\/wp-content\/uploads\/2025\/01\/Fichier-1@2x-768x277.png 768w, https:\/\/www.srtbizerte.com.tn\/wp-content\/uploads\/2025\/01\/Fichier-1@2x-1536x555.png 1536w, https:\/\/www.srtbizerte.com.tn\/wp-content\/uploads\/2025\/01\/Fichier-1@2x-2048x739.png 2048w\" sizes=\"auto, (max-width: 6396px) 100vw, 6396px\" \/>\t\t\t\t\t\t\t\t\t\t\t\t\t\t\t<\/div>\r\n\t\t\t\t<\/div>\r\n\t\t\t\t\t<\/div>\r\n\t\t<\/div>\r\n\t\t\t\t<div class=\"elementor-column elementor-col-50 elementor-top-column elementor-element elementor-element-0df1bfe\" data-id=\"0df1bfe\" data-element_type=\"column\">\r\n\t\t\t<div class=\"elementor-widget-wrap elementor-element-populated\">\r\n\t\t\t\t\t\t\t\t<div class=\"elementor-element elementor-element-8669a50 elementor-widget elementor-widget-text-editor\" data-id=\"8669a50\" data-element_type=\"widget\" data-widget_type=\"text-editor.default\">\r\n\t\t\t\t<div class=\"elementor-widget-container\">\r\n\t\t\t<style>\/*! elementor - v3.13.3 - 28-05-2023 *\/\r\n.elementor-widget-text-editor.elementor-drop-cap-view-stacked .elementor-drop-cap{background-color:#69727d;color:#fff}.elementor-widget-text-editor.elementor-drop-cap-view-framed .elementor-drop-cap{color:#69727d;border:3px solid;background-color:transparent}.elementor-widget-text-editor:not(.elementor-drop-cap-view-default) .elementor-drop-cap{margin-top:8px}.elementor-widget-text-editor:not(.elementor-drop-cap-view-default) .elementor-drop-cap-letter{width:1em;height:1em}.elementor-widget-text-editor .elementor-drop-cap{float:left;text-align:center;line-height:1;font-size:50px}.elementor-widget-text-editor .elementor-drop-cap-letter{display:inline-block}<\/style>\t\t\t\t<p>Cet investissement strat\u00e9gique vise \u00e0 moderniser nos \u00e9quipements, am\u00e9liorer l\u2019exp\u00e9rience de nos passagers et renforcer notre efficacit\u00e9 op\u00e9rationnelle. Gr\u00e2ce \u00e0 ces nouveaux v\u00e9hicules, nous pourrons offrir un service plus s\u00fbr, \u00e9cologique et adapt\u00e9 aux besoins croissants de notre client\u00e8le.<\/p>\t\t\t\t\t\t<\/div>\r\n\t\t\t\t<\/div>\r\n\t\t\t\t\t<\/div>\r\n\t\t<\/div>\r\n\t\t\t\t\t\t\t<\/div>\r\n\t\t<\/section>\r\n\t\t\t\t\t\t\t<\/div>\r\n\t\t","protected":false},"excerpt":{"rendered":"<p>Acquisition du mat\u00e9riel roulant Dans le cadre de notre engagement envers un service de transport plus fiable et confortable, nous sommes fiers d\u2019annoncer l\u2019acquisition de nouveaux bus pour notre flotte r\u00e9partis comme suit : 9 bus standards 5 bus articul\u00e9s 2 autocars standards Cet investissement strat\u00e9gique vise \u00e0 moderniser nos \u00e9quipements, am\u00e9liorer l\u2019exp\u00e9rience de nos <\/p>\n","protected":false},"author":1,"featured_media":0,"parent":0,"menu_order":0,"comment_status":"closed","ping_status":"closed","template":"","meta":{"footnotes":""},"class_list":["post-3456","page","type-page","status-publish","hentry"],"yoast_head":"<!-- This site is optimized with the Yoast SEO plugin v24.6 - https:\/\/yoast.com\/wordpress\/plugins\/seo\/ -->\n<title>R\u00e9alisation - SRTB<\/title>\n<meta name=\"robots\" content=\"noindex, follow, max-snippet:-1, max-image-preview:large, max-video-preview:-1\" \/>\n<meta property=\"og:locale\" content=\"fr_FR\" \/>\n<meta property=\"og:type\" content=\"article\" \/>\n<meta property=\"og:title\" content=\"R\u00e9alisation\" \/>\n<meta property=\"og:description\" content=\"Acquisition du mat\u00e9riel roulant Dans le cadre de notre engagement envers un service de transport plus fiable et confortable, nous sommes fiers d\u2019annoncer l\u2019acquisition de nouveaux bus pour notre flotte r\u00e9partis comme suit : 9 bus standards 5 bus articul\u00e9s 2 autocars standards Cet investissement strat\u00e9gique vise \u00e0 moderniser nos \u00e9quipements, am\u00e9liorer l\u2019exp\u00e9rience de nos\" \/>\n<meta property=\"og:url\" content=\"https:\/\/www.srtbizerte.com.tn\/?page_id=3456&amp;lang=fr\" \/>\n<meta property=\"og:site_name\" content=\"SRTB\" \/>\n<meta property=\"article:modified_time\" content=\"2025-01-30T11:39:56+00:00\" \/>\n<meta property=\"og:image\" content=\"https:\/\/www.srtbizerte.com.tn\/wp-content\/uploads\/2025\/01\/Group-9258-5.png\" \/>\n<meta name=\"twitter:card\" content=\"summary_large_image\" \/>\n<script type=\"application\/ld+json\" class=\"yoast-schema-graph\">{\"@context\":\"https:\/\/schema.org\",\"@graph\":[{\"@type\":\"WebPage\",\"@id\":\"https:\/\/www.srtbizerte.com.tn\/?page_id=3456&lang=fr\",\"url\":\"https:\/\/www.srtbizerte.com.tn\/?page_id=3456&lang=fr\",\"name\":\"[:fr]R\u00e9alisation[:] - SRTB\",\"isPartOf\":{\"@id\":\"https:\/\/www.srtbizerte.com.tn\/#website\"},\"primaryImageOfPage\":{\"@id\":\"https:\/\/www.srtbizerte.com.tn\/?page_id=3456&lang=fr#primaryimage\"},\"image\":{\"@id\":\"https:\/\/www.srtbizerte.com.tn\/?page_id=3456&lang=fr#primaryimage\"},\"thumbnailUrl\":\"https:\/\/www.srtbizerte.com.tn\/wp-content\/uploads\/2025\/01\/Group-9258-5.png\",\"datePublished\":\"2024-02-16T16:16:06+00:00\",\"dateModified\":\"2025-01-30T11:39:56+00:00\",\"breadcrumb\":{\"@id\":\"https:\/\/www.srtbizerte.com.tn\/?page_id=3456&lang=fr#breadcrumb\"},\"inLanguage\":\"fr\",\"potentialAction\":[{\"@type\":\"ReadAction\",\"target\":[\"https:\/\/www.srtbizerte.com.tn\/?page_id=3456&lang=fr\"]}]},{\"@type\":\"ImageObject\",\"inLanguage\":\"fr\",\"@id\":\"https:\/\/www.srtbizerte.com.tn\/?page_id=3456&lang=fr#primaryimage\",\"url\":\"https:\/\/www.srtbizerte.com.tn\/wp-content\/uploads\/2025\/01\/Group-9258-5.png\",\"contentUrl\":\"https:\/\/www.srtbizerte.com.tn\/wp-content\/uploads\/2025\/01\/Group-9258-5.png\",\"width\":437,\"height\":400},{\"@type\":\"BreadcrumbList\",\"@id\":\"https:\/\/www.srtbizerte.com.tn\/?page_id=3456&lang=fr#breadcrumb\",\"itemListElement\":[{\"@type\":\"ListItem\",\"position\":1,\"name\":\"Home\",\"item\":\"https:\/\/www.srtbizerte.com.tn\/?page_id=4080&lang=ar\"},{\"@type\":\"ListItem\",\"position\":2,\"name\":\"R\u00e9alisation\"}]},{\"@type\":\"WebSite\",\"@id\":\"https:\/\/www.srtbizerte.com.tn\/#website\",\"url\":\"https:\/\/www.srtbizerte.com.tn\/\",\"name\":\"SRTB\",\"description\":\"SRTB\",\"potentialAction\":[{\"@type\":\"SearchAction\",\"target\":{\"@type\":\"EntryPoint\",\"urlTemplate\":\"https:\/\/www.srtbizerte.com.tn\/?s={search_term_string}\"},\"query-input\":{\"@type\":\"PropertyValueSpecification\",\"valueRequired\":true,\"valueName\":\"search_term_string\"}}],\"inLanguage\":\"fr\"}]}<\/script>\n<!-- \/ Yoast SEO plugin. -->","yoast_head_json":{"title":"R\u00e9alisation - SRTB","robots":{"index":"noindex","follow":"follow","max-snippet":"max-snippet:-1","max-image-preview":"max-image-preview:large","max-video-preview":"max-video-preview:-1"},"og_locale":"fr_FR","og_type":"article","og_title":"[:fr]R\u00e9alisation[:] - SRTB","og_description":"Acquisition du mat\u00e9riel roulant Dans le cadre de notre engagement envers un service de transport plus fiable et confortable, nous sommes fiers d\u2019annoncer l\u2019acquisition de nouveaux bus pour notre flotte r\u00e9partis comme suit : 9 bus standards 5 bus articul\u00e9s 2 autocars standards Cet investissement strat\u00e9gique vise \u00e0 moderniser nos \u00e9quipements, am\u00e9liorer l\u2019exp\u00e9rience de nos","og_url":"https:\/\/www.srtbizerte.com.tn\/?page_id=3456&lang=fr","og_site_name":"SRTB","article_modified_time":"2025-01-30T11:39:56+00:00","og_image":[{"url":"https:\/\/www.srtbizerte.com.tn\/wp-content\/uploads\/2025\/01\/Group-9258-5.png","type":"","width":"","height":""}],"twitter_card":"summary_large_image","schema":{"@context":"https:\/\/schema.org","@graph":[{"@type":"WebPage","@id":"https:\/\/www.srtbizerte.com.tn\/?page_id=3456&lang=fr","url":"https:\/\/www.srtbizerte.com.tn\/?page_id=3456&lang=fr","name":"[:fr]R\u00e9alisation[:] - SRTB","isPartOf":{"@id":"https:\/\/www.srtbizerte.com.tn\/#website"},"primaryImageOfPage":{"@id":"https:\/\/www.srtbizerte.com.tn\/?page_id=3456&lang=fr#primaryimage"},"image":{"@id":"https:\/\/www.srtbizerte.com.tn\/?page_id=3456&lang=fr#primaryimage"},"thumbnailUrl":"https:\/\/www.srtbizerte.com.tn\/wp-content\/uploads\/2025\/01\/Group-9258-5.png","datePublished":"2024-02-16T16:16:06+00:00","dateModified":"2025-01-30T11:39:56+00:00","breadcrumb":{"@id":"https:\/\/www.srtbizerte.com.tn\/?page_id=3456&lang=fr#breadcrumb"},"inLanguage":"fr","potentialAction":[{"@type":"ReadAction","target":["https:\/\/www.srtbizerte.com.tn\/?page_id=3456&lang=fr"]}]},{"@type":"ImageObject","inLanguage":"fr","@id":"https:\/\/www.srtbizerte.com.tn\/?page_id=3456&lang=fr#primaryimage","url":"https:\/\/www.srtbizerte.com.tn\/wp-content\/uploads\/2025\/01\/Group-9258-5.png","contentUrl":"https:\/\/www.srtbizerte.com.tn\/wp-content\/uploads\/2025\/01\/Group-9258-5.png","width":437,"height":400},{"@type":"BreadcrumbList","@id":"https:\/\/www.srtbizerte.com.tn\/?page_id=3456&lang=fr#breadcrumb","itemListElement":[{"@type":"ListItem","position":1,"name":"Home","item":"https:\/\/www.srtbizerte.com.tn\/?page_id=4080&lang=ar"},{"@type":"ListItem","position":2,"name":"R\u00e9alisation"}]},{"@type":"WebSite","@id":"https:\/\/www.srtbizerte.com.tn\/#website","url":"https:\/\/www.srtbizerte.com.tn\/","name":"SRTB","description":"SRTB","potentialAction":[{"@type":"SearchAction","target":{"@type":"EntryPoint","urlTemplate":"https:\/\/www.srtbizerte.com.tn\/?s={search_term_string}"},"query-input":{"@type":"PropertyValueSpecification","valueRequired":true,"valueName":"search_term_string"}}],"inLanguage":"fr"}]}},"_links":{"self":[{"href":"https:\/\/www.srtbizerte.com.tn\/index.php?rest_route=\/wp\/v2\/pages\/3456","targetHints":{"allow":["GET"]}}],"collection":[{"href":"https:\/\/www.srtbizerte.com.tn\/index.php?rest_route=\/wp\/v2\/pages"}],"about":[{"href":"https:\/\/www.srtbizerte.com.tn\/index.php?rest_route=\/wp\/v2\/types\/page"}],"author":[{"embeddable":true,"href":"https:\/\/www.srtbizerte.com.tn\/index.php?rest_route=\/wp\/v2\/users\/1"}],"replies":[{"embeddable":true,"href":"https:\/\/www.srtbizerte.com.tn\/index.php?rest_route=%2Fwp%2Fv2%2Fcomments&post=3456"}],"version-history":[{"count":170,"href":"https:\/\/www.srtbizerte.com.tn\/index.php?rest_route=\/wp\/v2\/pages\/3456\/revisions"}],"predecessor-version":[{"id":7491,"href":"https:\/\/www.srtbizerte.com.tn\/index.php?rest_route=\/wp\/v2\/pages\/3456\/revisions\/7491"}],"wp:attachment":[{"href":"https:\/\/www.srtbizerte.com.tn\/index.php?rest_route=%2Fwp%2Fv2%2Fmedia&parent=3456"}],"curies":[{"name":"wp","href":"https:\/\/api.w.org\/{rel}","templated":true}]}}