{"id":3454,"date":"2024-02-16T16:15:24","date_gmt":"2024-02-16T16:15:24","guid":{"rendered":"https:\/\/amilcar-online.com\/ISEAHT\/?page_id=3454"},"modified":"2025-01-30T14:11:38","modified_gmt":"2025-01-30T14:11:38","slug":"projets","status":"publish","type":"page","link":"https:\/\/www.srtbizerte.com.tn\/?page_id=3454&lang=fr","title":{"rendered":"Projets"},"content":{"rendered":"\t\t<div data-elementor-type=\"wp-page\" data-elementor-id=\"3454\" class=\"elementor elementor-3454\">\r\n\t\t\t\t\t\t\t\t\t<section class=\"elementor-section elementor-top-section elementor-element elementor-element-3732f02 elementor-section-height-min-height elementor-section-stretched elementor-section-boxed elementor-section-height-default elementor-section-items-middle\" data-id=\"3732f02\" data-element_type=\"section\" data-settings=\"{&quot;stretch_section&quot;:&quot;section-stretched&quot;}\">\r\n\t\t\t\t\t\t<div class=\"elementor-container elementor-column-gap-custom\">\r\n\t\t\t\t\t<div class=\"elementor-column elementor-col-100 elementor-top-column elementor-element elementor-element-f6adcab\" data-id=\"f6adcab\" data-element_type=\"column\">\r\n\t\t\t<div class=\"elementor-widget-wrap\">\r\n\t\t\t\t\t\t\t\t\t<\/div>\r\n\t\t<\/div>\r\n\t\t\t\t\t\t\t<\/div>\r\n\t\t<\/section>\r\n\t\t\t\t<section class=\"elementor-section elementor-top-section elementor-element elementor-element-3177f1b elementor-section-height-min-height elementor-section-stretched elementor-section-boxed elementor-section-height-default elementor-section-items-middle\" data-id=\"3177f1b\" data-element_type=\"section\" data-settings=\"{&quot;stretch_section&quot;:&quot;section-stretched&quot;}\">\r\n\t\t\t\t\t\t<div class=\"elementor-container elementor-column-gap-custom\">\r\n\t\t\t\t\t<div class=\"elementor-column elementor-col-50 elementor-top-column elementor-element elementor-element-34f2616\" data-id=\"34f2616\" data-element_type=\"column\">\r\n\t\t\t<div class=\"elementor-widget-wrap elementor-element-populated\">\r\n\t\t\t\t\t\t\t\t<div class=\"elementor-element elementor-element-0a01e5c elementor-widget elementor-widget-image\" data-id=\"0a01e5c\" data-element_type=\"widget\" data-widget_type=\"image.default\">\r\n\t\t\t\t<div class=\"elementor-widget-container\">\r\n\t\t\t<style>\/*! elementor - v3.13.3 - 28-05-2023 *\/\r\n.elementor-widget-image{text-align:center}.elementor-widget-image a{display:inline-block}.elementor-widget-image a img[src$=\".svg\"]{width:48px}.elementor-widget-image img{vertical-align:middle;display:inline-block}<\/style>\t\t\t\t\t\t\t\t\t\t\t\t<img loading=\"lazy\" decoding=\"async\" width=\"1000\" height=\"600\" src=\"https:\/\/www.srtbizerte.com.tn\/wp-content\/uploads\/2025\/01\/13900440_5401123-1000x600.jpg\" class=\"attachment-large size-large wp-image-7519\" alt=\"\" \/>\t\t\t\t\t\t\t\t\t\t\t\t\t\t\t<\/div>\r\n\t\t\t\t<\/div>\r\n\t\t\t\t\t<\/div>\r\n\t\t<\/div>\r\n\t\t\t\t<div class=\"elementor-column elementor-col-50 elementor-top-column elementor-element elementor-element-0af3350\" data-id=\"0af3350\" data-element_type=\"column\">\r\n\t\t\t<div class=\"elementor-widget-wrap elementor-element-populated\">\r\n\t\t\t\t\t\t\t\t<div class=\"elementor-element elementor-element-37ce62e elementor-widget elementor-widget-heading\" data-id=\"37ce62e\" data-element_type=\"widget\" data-widget_type=\"heading.default\">\r\n\t\t\t\t<div class=\"elementor-widget-container\">\r\n\t\t\t<style>\/*! elementor - v3.13.3 - 28-05-2023 *\/\r\n.elementor-heading-title{padding:0;margin:0;line-height:1}.elementor-widget-heading .elementor-heading-title[class*=elementor-size-]>a{color:inherit;font-size:inherit;line-height:inherit}.elementor-widget-heading .elementor-heading-title.elementor-size-small{font-size:15px}.elementor-widget-heading .elementor-heading-title.elementor-size-medium{font-size:19px}.elementor-widget-heading .elementor-heading-title.elementor-size-large{font-size:29px}.elementor-widget-heading .elementor-heading-title.elementor-size-xl{font-size:39px}.elementor-widget-heading .elementor-heading-title.elementor-size-xxl{font-size:59px}<\/style><h2 class=\"elementor-heading-title elementor-size-default\">Appel d\u2019offres pour acquisition de 29 unit\u00e9s<\/h2>\t\t<\/div>\r\n\t\t\t\t<\/div>\r\n\t\t\t\t<div class=\"elementor-element elementor-element-304e4a0 elementor-widget elementor-widget-text-editor\" data-id=\"304e4a0\" data-element_type=\"widget\" data-widget_type=\"text-editor.default\">\r\n\t\t\t\t<div class=\"elementor-widget-container\">\r\n\t\t\t<style>\/*! elementor - v3.13.3 - 28-05-2023 *\/\r\n.elementor-widget-text-editor.elementor-drop-cap-view-stacked .elementor-drop-cap{background-color:#69727d;color:#fff}.elementor-widget-text-editor.elementor-drop-cap-view-framed .elementor-drop-cap{color:#69727d;border:3px solid;background-color:transparent}.elementor-widget-text-editor:not(.elementor-drop-cap-view-default) .elementor-drop-cap{margin-top:8px}.elementor-widget-text-editor:not(.elementor-drop-cap-view-default) .elementor-drop-cap-letter{width:1em;height:1em}.elementor-widget-text-editor .elementor-drop-cap{float:left;text-align:center;line-height:1;font-size:50px}.elementor-widget-text-editor .elementor-drop-cap-letter{display:inline-block}<\/style>\t\t\t\t<p>La SRTB lance un appel d\u2019offres pour l\u2019acquisition de 29 unit\u00e9s. Cette initiative vise \u00e0 moderniser et renforcer le r\u00e9seau de transport, en am\u00e9liorant la qualit\u00e9 du service et en r\u00e9pondant aux besoins croissants de mobilit\u00e9.<\/p>\t\t\t\t\t\t<\/div>\r\n\t\t\t\t<\/div>\r\n\t\t\t\t\t<\/div>\r\n\t\t<\/div>\r\n\t\t\t\t\t\t\t<\/div>\r\n\t\t<\/section>\r\n\t\t\t\t\t\t\t<\/div>\r\n\t\t","protected":false},"excerpt":{"rendered":"<p>Appel d\u2019offres pour acquisition de 29 unit\u00e9s La SRTB lance un appel d\u2019offres pour l\u2019acquisition de 29 unit\u00e9s. Cette initiative vise \u00e0 moderniser et renforcer le r\u00e9seau de transport, en am\u00e9liorant la qualit\u00e9 du service et en r\u00e9pondant aux besoins croissants de mobilit\u00e9.<\/p>\n","protected":false},"author":1,"featured_media":0,"parent":0,"menu_order":0,"comment_status":"closed","ping_status":"closed","template":"","meta":{"footnotes":""},"class_list":["post-3454","page","type-page","status-publish","hentry"],"yoast_head":"<!-- This site is optimized with the Yoast SEO plugin v24.6 - https:\/\/yoast.com\/wordpress\/plugins\/seo\/ -->\n<title>Projets - SRTB<\/title>\n<meta name=\"robots\" content=\"noindex, follow, max-snippet:-1, max-image-preview:large, max-video-preview:-1\" \/>\n<meta property=\"og:locale\" content=\"fr_FR\" \/>\n<meta property=\"og:type\" content=\"article\" \/>\n<meta property=\"og:title\" content=\"Projets\" \/>\n<meta property=\"og:description\" content=\"Appel d\u2019offres pour acquisition de 29 unit\u00e9s La SRTB lance un appel d\u2019offres pour l\u2019acquisition de 29 unit\u00e9s. Cette initiative vise \u00e0 moderniser et renforcer le r\u00e9seau de transport, en am\u00e9liorant la qualit\u00e9 du service et en r\u00e9pondant aux besoins croissants de mobilit\u00e9.\" \/>\n<meta property=\"og:url\" content=\"https:\/\/www.srtbizerte.com.tn\/?page_id=3454&amp;lang=fr\" \/>\n<meta property=\"og:site_name\" content=\"SRTB\" \/>\n<meta property=\"article:modified_time\" content=\"2025-01-30T14:11:38+00:00\" \/>\n<meta property=\"og:image\" content=\"https:\/\/www.srtbizerte.com.tn\/wp-content\/uploads\/2025\/01\/13900440_5401123-1000x600.jpg\" \/>\n<meta name=\"twitter:card\" content=\"summary_large_image\" \/>\n<script type=\"application\/ld+json\" class=\"yoast-schema-graph\">{\"@context\":\"https:\/\/schema.org\",\"@graph\":[{\"@type\":\"WebPage\",\"@id\":\"https:\/\/www.srtbizerte.com.tn\/?page_id=3454&lang=fr\",\"url\":\"https:\/\/www.srtbizerte.com.tn\/?page_id=3454&lang=fr\",\"name\":\"[:fr]Projets[:] - SRTB\",\"isPartOf\":{\"@id\":\"https:\/\/www.srtbizerte.com.tn\/#website\"},\"primaryImageOfPage\":{\"@id\":\"https:\/\/www.srtbizerte.com.tn\/?page_id=3454&lang=fr#primaryimage\"},\"image\":{\"@id\":\"https:\/\/www.srtbizerte.com.tn\/?page_id=3454&lang=fr#primaryimage\"},\"thumbnailUrl\":\"https:\/\/www.srtbizerte.com.tn\/wp-content\/uploads\/2025\/01\/13900440_5401123-1000x600.jpg\",\"datePublished\":\"2024-02-16T16:15:24+00:00\",\"dateModified\":\"2025-01-30T14:11:38+00:00\",\"breadcrumb\":{\"@id\":\"https:\/\/www.srtbizerte.com.tn\/?page_id=3454&lang=fr#breadcrumb\"},\"inLanguage\":\"fr\",\"potentialAction\":[{\"@type\":\"ReadAction\",\"target\":[\"https:\/\/www.srtbizerte.com.tn\/?page_id=3454&lang=fr\"]}]},{\"@type\":\"ImageObject\",\"inLanguage\":\"fr\",\"@id\":\"https:\/\/www.srtbizerte.com.tn\/?page_id=3454&lang=fr#primaryimage\",\"url\":\"https:\/\/www.srtbizerte.com.tn\/wp-content\/uploads\/2025\/01\/13900440_5401123-scaled.jpg\",\"contentUrl\":\"https:\/\/www.srtbizerte.com.tn\/wp-content\/uploads\/2025\/01\/13900440_5401123-scaled.jpg\",\"width\":2560,\"height\":1707},{\"@type\":\"BreadcrumbList\",\"@id\":\"https:\/\/www.srtbizerte.com.tn\/?page_id=3454&lang=fr#breadcrumb\",\"itemListElement\":[{\"@type\":\"ListItem\",\"position\":1,\"name\":\"Home\",\"item\":\"https:\/\/www.srtbizerte.com.tn\/?page_id=4080&lang=ar\"},{\"@type\":\"ListItem\",\"position\":2,\"name\":\"Projets\"}]},{\"@type\":\"WebSite\",\"@id\":\"https:\/\/www.srtbizerte.com.tn\/#website\",\"url\":\"https:\/\/www.srtbizerte.com.tn\/\",\"name\":\"SRTB\",\"description\":\"SRTB\",\"potentialAction\":[{\"@type\":\"SearchAction\",\"target\":{\"@type\":\"EntryPoint\",\"urlTemplate\":\"https:\/\/www.srtbizerte.com.tn\/?s={search_term_string}\"},\"query-input\":{\"@type\":\"PropertyValueSpecification\",\"valueRequired\":true,\"valueName\":\"search_term_string\"}}],\"inLanguage\":\"fr\"}]}<\/script>\n<!-- \/ Yoast SEO plugin. -->","yoast_head_json":{"title":"Projets - SRTB","robots":{"index":"noindex","follow":"follow","max-snippet":"max-snippet:-1","max-image-preview":"max-image-preview:large","max-video-preview":"max-video-preview:-1"},"og_locale":"fr_FR","og_type":"article","og_title":"[:fr]Projets[:] - SRTB","og_description":"Appel d\u2019offres pour acquisition de 29 unit\u00e9s La SRTB lance un appel d\u2019offres pour l\u2019acquisition de 29 unit\u00e9s. Cette initiative vise \u00e0 moderniser et renforcer le r\u00e9seau de transport, en am\u00e9liorant la qualit\u00e9 du service et en r\u00e9pondant aux besoins croissants de mobilit\u00e9.","og_url":"https:\/\/www.srtbizerte.com.tn\/?page_id=3454&lang=fr","og_site_name":"SRTB","article_modified_time":"2025-01-30T14:11:38+00:00","og_image":[{"url":"https:\/\/www.srtbizerte.com.tn\/wp-content\/uploads\/2025\/01\/13900440_5401123-1000x600.jpg","type":"","width":"","height":""}],"twitter_card":"summary_large_image","schema":{"@context":"https:\/\/schema.org","@graph":[{"@type":"WebPage","@id":"https:\/\/www.srtbizerte.com.tn\/?page_id=3454&lang=fr","url":"https:\/\/www.srtbizerte.com.tn\/?page_id=3454&lang=fr","name":"[:fr]Projets[:] - SRTB","isPartOf":{"@id":"https:\/\/www.srtbizerte.com.tn\/#website"},"primaryImageOfPage":{"@id":"https:\/\/www.srtbizerte.com.tn\/?page_id=3454&lang=fr#primaryimage"},"image":{"@id":"https:\/\/www.srtbizerte.com.tn\/?page_id=3454&lang=fr#primaryimage"},"thumbnailUrl":"https:\/\/www.srtbizerte.com.tn\/wp-content\/uploads\/2025\/01\/13900440_5401123-1000x600.jpg","datePublished":"2024-02-16T16:15:24+00:00","dateModified":"2025-01-30T14:11:38+00:00","breadcrumb":{"@id":"https:\/\/www.srtbizerte.com.tn\/?page_id=3454&lang=fr#breadcrumb"},"inLanguage":"fr","potentialAction":[{"@type":"ReadAction","target":["https:\/\/www.srtbizerte.com.tn\/?page_id=3454&lang=fr"]}]},{"@type":"ImageObject","inLanguage":"fr","@id":"https:\/\/www.srtbizerte.com.tn\/?page_id=3454&lang=fr#primaryimage","url":"https:\/\/www.srtbizerte.com.tn\/wp-content\/uploads\/2025\/01\/13900440_5401123-scaled.jpg","contentUrl":"https:\/\/www.srtbizerte.com.tn\/wp-content\/uploads\/2025\/01\/13900440_5401123-scaled.jpg","width":2560,"height":1707},{"@type":"BreadcrumbList","@id":"https:\/\/www.srtbizerte.com.tn\/?page_id=3454&lang=fr#breadcrumb","itemListElement":[{"@type":"ListItem","position":1,"name":"Home","item":"https:\/\/www.srtbizerte.com.tn\/?page_id=4080&lang=ar"},{"@type":"ListItem","position":2,"name":"Projets"}]},{"@type":"WebSite","@id":"https:\/\/www.srtbizerte.com.tn\/#website","url":"https:\/\/www.srtbizerte.com.tn\/","name":"SRTB","description":"SRTB","potentialAction":[{"@type":"SearchAction","target":{"@type":"EntryPoint","urlTemplate":"https:\/\/www.srtbizerte.com.tn\/?s={search_term_string}"},"query-input":{"@type":"PropertyValueSpecification","valueRequired":true,"valueName":"search_term_string"}}],"inLanguage":"fr"}]}},"_links":{"self":[{"href":"https:\/\/www.srtbizerte.com.tn\/index.php?rest_route=\/wp\/v2\/pages\/3454","targetHints":{"allow":["GET"]}}],"collection":[{"href":"https:\/\/www.srtbizerte.com.tn\/index.php?rest_route=\/wp\/v2\/pages"}],"about":[{"href":"https:\/\/www.srtbizerte.com.tn\/index.php?rest_route=\/wp\/v2\/types\/page"}],"author":[{"embeddable":true,"href":"https:\/\/www.srtbizerte.com.tn\/index.php?rest_route=\/wp\/v2\/users\/1"}],"replies":[{"embeddable":true,"href":"https:\/\/www.srtbizerte.com.tn\/index.php?rest_route=%2Fwp%2Fv2%2Fcomments&post=3454"}],"version-history":[{"count":44,"href":"https:\/\/www.srtbizerte.com.tn\/index.php?rest_route=\/wp\/v2\/pages\/3454\/revisions"}],"predecessor-version":[{"id":7522,"href":"https:\/\/www.srtbizerte.com.tn\/index.php?rest_route=\/wp\/v2\/pages\/3454\/revisions\/7522"}],"wp:attachment":[{"href":"https:\/\/www.srtbizerte.com.tn\/index.php?rest_route=%2Fwp%2Fv2%2Fmedia&parent=3454"}],"curies":[{"name":"wp","href":"https:\/\/api.w.org\/{rel}","templated":true}]}}